{"id":7929,"date":"2022-10-06T20:09:31","date_gmt":"2022-10-07T01:09:31","guid":{"rendered":"https:\/\/reprogramacionintegral.com\/?page_id=7929"},"modified":"2022-10-06T21:18:23","modified_gmt":"2022-10-07T02:18:23","slug":"hotmart-crea-tu-pagina-web","status":"publish","type":"page","link":"https:\/\/reprogramacionintegral.com\/index.php\/hotmart-crea-tu-pagina-web\/","title":{"rendered":"Hotmart Crea tu P\u00e1gina Web"},"content":{"rendered":"<a class=\"tcb-logo thrv_wrapper\" data-css=\"tve-u-178ff61b7d0\" data-img-style=\"\" class=\"\"><img src=\"https:\/\/reprogramacionintegral.com\/wp-content\/uploads\/2021\/05\/logo-extra-grande-2.png\" height=\"1080\" width=\"1920\" alt=\"\" style=\"\"><\/img><\/a>\n<p style=\"text-align: center;\"><strong><span><span _msthash=\"802893\" _msttexthash=\"100737\">CURSO ONLINE<\/span><\/span><\/strong><\/p>\n<p style=\"text-align: center;\"><strong><span><span _msthash=\"802893\" _msttexthash=\"100737\">CREA TU P\u00c1GINA WEB PASO A PASO<\/span><\/span><\/strong><\/p>\n<p style=\"text-align: center;\"><strong><span><span _msthash=\"802893\" _msttexthash=\"100737\">&nbsp;<\/span><\/span><\/strong><\/p>\n<p style=\"text-align: center;\">\n<p style=\"text-align: center; --tcb-applied-color:rgba(220, 14, 164, 0.88)  !important;\"><b style=\"color: rgba(220, 14, 164, 0.88) !important;\">&nbsp;Accede a una serie de videos creados por m\u00ed<\/b><span style=\"color: rgba(220, 14, 164, 0.88);\"><b>&nbsp;<\/b><\/span><b style=\"color: rgba(220, 14, 164, 0.88) !important;\">misma, en los cu\u00e1les te mostrare paso a paso c\u00f3mo&nbsp;<\/b><strong style=\"color: rgba(220, 14, 164, 0.88) !important;\">crear y gestionar tu p\u00e1gina web.<\/strong><\/p>\n<p style=\"text-align: center;\"><b>Te compartir\u00e9 las&nbsp;<\/b><span><b>herramientas y los conocimientos que me permitieron crear y gestionar mi sitio web y mis p\u00e1ginas de aterrizaje o landing pages para que tu puedas hacerlo tambi\u00e9n.<\/b><\/span><\/p>\n<p style=\"text-align: center;\"><span style=\"text-decoration: none;\"><span><b>Te compartir\u00e9 las plantillas de mi p\u00e1gina web para que las instales en tu sitio web y solamente tengas que cambiar los textos y las im\u00e1genes &nbsp;<\/b><\/span><\/span><\/p>\n<p style=\"text-align: center;\"><strong>Aprender\u00e1s a crear y gestionar por ti mismo tus landing pages o p\u00e1ginas de venta que te ayudar\u00e1n &nbsp;a tener &nbsp;presencia a nivel mundial.<\/strong><\/p>\n<p _msthash=\"1074944\" _msttexthash=\"901862\" style=\"text-align: center;\">\n<p _msthash=\"1074944\" _msttexthash=\"901862\" style=\"text-align: center;\"><span style=\"text-decoration: line-through;\">600.00 USD<\/span><\/p>\n<p _msthash=\"1074944\" _msttexthash=\"901862\" style=\"text-align: center;\"><strong>OFERTA<\/strong><\/p>\n<p _msthash=\"1074945\" _msttexthash=\"391846\" style=\"text-align: center;\"><strong>-50% Bono de descuento<\/strong><\/p>\n<p _msthash=\"1074945\" _msttexthash=\"391846\" style=\"text-align: center;\">300.00 USD<\/p>\n<p _msthash=\"1074945\" _msttexthash=\"391846\" style=\"text-align: center;\">\n<h2 _msthash=\"972816\" _msthidden=\"1\" _msttexthash=\"407329\" style=\"text-align: center;\"><strong _msthash=\"803621\" _msttexthash=\"469157\"><span><span>\u00bfQ<\/span><span>U\u00c9 VAS A ENCONTRAR EN EL<\/span><span> CURSO?<\/span><\/span><\/strong><\/h2>\n<p><strong _msthash=\"803621\" _msttexthash=\"469157\"><span><\/span><\/strong><\/p>\n<p _msthash=\"972816\" _msthidden=\"1\" _msttexthash=\"407329\" style=\"text-align: center;\"><strong _msthash=\"803621\" _msttexthash=\"469157\">M\u00d3DULO 1<\/strong><\/p>\n<p _msthash=\"972816\" _msthidden=\"1\" _msttexthash=\"407329\" style=\"text-align: center;\"><strong _msthash=\"803621\" _msttexthash=\"469157\">CREA Y GESTIONA TU SITIO WEB<\/strong><\/p>\n<p><span><img decoding=\"async\" alt=\"\" data-id=\"4097\" width=\"593\" data-init-width=\"1920\" height=\"395\" data-init-height=\"1280\" title=\"wordpress-923188_1920\" src=\"https:\/\/reprogramacionintegral.com\/wp-content\/uploads\/2021\/03\/wordpress-923188_1920.jpg\" data-width=\"593\" data-height=\"395\" loading=\"lazy\"><\/span><\/p>\n<ul>\n<li style=\"\"><strong>CREA Y GESTIONA TU SITIO WEB<\/strong><\/li>\n<li style=\"\"><strong>PASOS PARA CREAR Y GESTIONAR TU SITIO WEB<\/strong><\/li>\n<li style=\"\"><strong>SERVICIOS B\u00c1SICOS PARA TU SITIO WEB<\/strong><\/li>\n<\/ul>\n<p><span><img decoding=\"async\" alt=\"\" data-id=\"7941\" width=\"593\" data-init-width=\"1920\" height=\"395\" data-init-height=\"1280\" title=\"mockup-5219570_1920\" src=\"https:\/\/reprogramacionintegral.com\/wp-content\/uploads\/2022\/09\/mockup-5219570_1920.jpg\" data-width=\"593\" data-height=\"395\" loading=\"lazy\"><\/span><\/p>\n<ul>\n<li _msthash=\"1056640\" _msthidden=\"1\" _msttexthash=\"407329\" style=\"\"><strong>ELIGE EL MEJOR NOMBRE PARA TU SITIO WEB<\/strong><\/li>\n<li _msthash=\"1056640\" _msthidden=\"1\" _msttexthash=\"407329\" style=\"\"><strong>CLAVES PARA ELEGIR EL NOMBRE DE TU SITIO WEB<\/strong><\/li>\n<\/ul>\n<p><span><img decoding=\"async\" alt=\"\" data-id=\"7958\" width=\"593\" data-init-width=\"1004\" height=\"349\" data-init-height=\"591\" title=\"Eligiendo tu hosting\" src=\"https:\/\/reprogramacionintegral.com\/wp-content\/uploads\/2022\/10\/Eligiendo-tu-hosting.png\" data-width=\"593\" data-height=\"349\" loading=\"lazy\"><\/span><\/p>\n<ul>\n<li _msthash=\"1056640\" _msthidden=\"1\" _msttexthash=\"407329\" style=\"\"><strong>\u00bfQU\u00c9 ES UN HOSTING?<\/strong><\/li>\n<li _msthash=\"1056640\" _msthidden=\"1\" _msttexthash=\"407329\" style=\"\"><strong>\u00bfCU\u00c1L ES EL MEJOR HOSTING PARA TU WEB?<\/strong><\/li>\n<li _msthash=\"1056640\" _msthidden=\"1\" _msttexthash=\"407329\" style=\"\"><strong>ASPECTOS IMPORTANTES ANTES DE CONTRATAR TU HOSTING<\/strong><\/li>\n<li _msthash=\"1056640\" _msthidden=\"1\" _msttexthash=\"407329\" style=\"\"><strong>PASOS PARA CONTRATAR TU HOSTING<\/strong><\/li>\n<li _msthash=\"1056640\" _msthidden=\"1\" _msttexthash=\"407329\" style=\"\"><strong>ELIGE TU HOSTING<\/strong><\/li>\n<\/ul>\n<p><span><img decoding=\"async\" alt=\"\" data-id=\"7960\" width=\"593\" data-init-width=\"1920\" height=\"395\" data-init-height=\"1280\" title=\"wordpress-5243255_1920\" src=\"https:\/\/reprogramacionintegral.com\/wp-content\/uploads\/2022\/10\/wordpress-5243255_1920.jpg\" data-width=\"593\" data-height=\"395\" loading=\"lazy\"><\/span><\/p>\n<ul>\n<li _msthash=\"1056640\" _msthidden=\"1\" _msttexthash=\"407329\" style=\"\"><strong>WORDPRESS COMO TU GESTOR DE CONTENIDO<\/strong><\/li>\n<li _msthash=\"1056640\" _msthidden=\"1\" _msttexthash=\"407329\" style=\"\"><strong>QU\u00c9 ES WORDPRESS<\/strong><\/li>\n<li _msthash=\"1056640\" _msthidden=\"1\" _msttexthash=\"407329\" style=\"\"><strong>QU\u00c9 ES UN CMS<\/strong><\/li>\n<\/ul>\n<p><span><img decoding=\"async\" alt=\"\" data-id=\"7999\" width=\"593\" data-init-width=\"1004\" height=\"349\" data-init-height=\"591\" title=\"Thrive architect Editor Visual\" src=\"https:\/\/reprogramacionintegral.com\/wp-content\/uploads\/2022\/10\/Thrive-architect-Editor-Visual.png\" data-width=\"593\" data-height=\"349\" loading=\"lazy\"><\/span><\/p>\n<ul>\n<li _msthash=\"1056640\" _msthidden=\"1\" _msttexthash=\"407329\" style=\"\"><strong>THRIVE ARCHITECT COMO TU EDITOR VISUAL<\/strong><\/li>\n<li _msthash=\"1056640\" _msthidden=\"1\" _msttexthash=\"407329\" style=\"\"><strong>FUNCIONES Y ELEMENTOS DE THRIVE ARCHITECT<\/strong><strong><\/strong><\/li>\n<\/ul>\n<p _msthash=\"972816\" _msthidden=\"1\" _msttexthash=\"407329\" style=\"\">\n<p><span><img decoding=\"async\" alt=\"\" data-id=\"8000\" width=\"593\" data-init-width=\"1004\" height=\"349\" data-init-height=\"591\" title=\"Instala los plugings de thrive architect a bajo costo\" src=\"https:\/\/reprogramacionintegral.com\/wp-content\/uploads\/2022\/10\/Instala-los-plugings-de-thrive-architect-a-bajo-costo.png\" data-width=\"593\" data-height=\"349\" loading=\"lazy\"><\/span><\/p>\n<ul>\n<li style=\"\"><strong>ASPECTOS IMPORTANTES ANTES DE ELEGIR UN VENDEDOR Y UN PAQUETE DE LOS PLUGINGS DE THRIVE ARCHITECT, EN fiverr.com<\/strong><\/li>\n<li style=\"\"><strong>INSTALA LOS PLUGINGS DE THRIVE A BAJO COSTO EN TU SITIO WEB<\/strong><\/li>\n<\/ul>\n<p><span><img decoding=\"async\" alt=\"\" data-id=\"8002\" width=\"593\" data-init-width=\"1004\" height=\"349\" data-init-height=\"591\" title=\"P\u00e1ginas de utilidad para crear tu sitio web 2\" src=\"https:\/\/reprogramacionintegral.com\/wp-content\/uploads\/2022\/10\/Paginas-de-utilidad-para-crear-tu-sitio-web-2.png\" data-width=\"593\" data-height=\"349\" loading=\"lazy\"><\/span><\/p>\n<ul>\n<li _msthash=\"1056640\" _msthidden=\"1\" _msttexthash=\"407329\" style=\"\"><strong>PDF DE &#8220;P\u00c1GINAS DE UTILIDAD&#8221;<\/strong><\/li>\n<li _msthash=\"1056640\" _msthidden=\"1\" _msttexthash=\"407329\" style=\"\"><strong>D\u00d3NDE CREAR GRATIS TU LOGO<\/strong><\/li>\n<li _msthash=\"1056640\" _msthidden=\"1\" _msttexthash=\"407329\" style=\"\"><strong>D\u00d3NDE DESCARGAR IMAGENES GRATUITAS PARA TU WEB<\/strong><\/li>\n<\/ul>\n<p><span><img decoding=\"async\" alt=\"\" data-id=\"8003\" width=\"593\" data-init-width=\"1004\" height=\"349\" data-init-height=\"591\" title=\"Descarga Plantillas para tu web\" src=\"https:\/\/reprogramacionintegral.com\/wp-content\/uploads\/2022\/10\/Descarga-Plantillas-para-tu-web.png\" data-width=\"593\" data-height=\"349\" loading=\"lazy\"><\/span><\/p>\n<ul>\n<li style=\"\"><strong>DESCARGA LAS plantillas para crear las diferentes p\u00e1ginas de tu web<\/strong><\/li>\n<\/ul>\n<p><span><img decoding=\"async\" alt=\"\" data-id=\"8006\" width=\"593\" data-init-width=\"1004\" height=\"349\" data-init-height=\"591\" title=\"Descarga plantilla p\u00e1gina de inicio importar y exportar plantillas\" src=\"https:\/\/reprogramacionintegral.com\/wp-content\/uploads\/2022\/10\/Descarga-plantilla-pagina-de-inicio-importar-y-exportar-plantillas.png\" data-width=\"593\" data-height=\"349\" style=\"\" loading=\"lazy\"><\/span><\/p>\n<ul>\n<li _msthash=\"1056640\" _msthidden=\"1\" _msttexthash=\"407329\" style=\"\"><strong>DESCARGA PLANTILLA DE P\u00c1GINA DE INICIO<\/strong><\/li>\n<li _msthash=\"1056640\" _msthidden=\"1\" _msttexthash=\"407329\" style=\"\"><strong>CREA UNA P\u00c1GINA CON UNA PLANTILLA DE THRIVE<\/strong><\/li>\n<li _msthash=\"1056640\" _msthidden=\"1\" _msttexthash=\"407329\" style=\"\"><strong>IMPORTA Y EXPORTA PLANTILLAS<\/strong><\/li>\n<\/ul>\n<p><span><img decoding=\"async\" alt=\"\" data-id=\"8007\" width=\"593\" data-init-width=\"1004\" height=\"349\" data-init-height=\"591\" title=\"Crea una p\u00e1gina de inicio efectiva\" src=\"https:\/\/reprogramacionintegral.com\/wp-content\/uploads\/2022\/10\/Crea-una-pagina-de-inicio-efectiva.png\" data-width=\"593\" data-height=\"349\" loading=\"lazy\"><\/span><\/p>\n<p _msthash=\"972816\" _msthidden=\"1\" _msttexthash=\"407329\" style=\"\">\n<ul>\n<li _msthash=\"1056640\" _msthidden=\"1\" _msttexthash=\"407329\" style=\"\"><strong>Crea una p\u00e1gina de Inicio efectiva<\/strong><\/li>\n<li _msthash=\"1056640\" _msthidden=\"1\" _msttexthash=\"407329\" style=\"\"><strong>Elementos indispensables en una p\u00e1gina de Inicio&nbsp;<\/strong><\/li>\n<li _msthash=\"1056640\" _msthidden=\"1\" _msttexthash=\"407329\" style=\"\"><strong>Identifica a tu Cliente Ideal<\/strong><\/li>\n<\/ul>\n<p><span><img decoding=\"async\" alt=\"\" data-id=\"8010\" width=\"593\" data-init-width=\"1004\" height=\"349\" data-init-height=\"591\" title=\"Edici\u00f3n de plantilla de p\u00e1gina de inicio\" src=\"https:\/\/reprogramacionintegral.com\/wp-content\/uploads\/2022\/10\/Edicion-de-plantilla-de-pagina-de-inicio.png\" data-width=\"593\" data-height=\"349\" loading=\"lazy\"><\/span><\/p>\n<ul>\n<li _msthash=\"972816\" _msthidden=\"1\" _msttexthash=\"407329\" style=\"\"><strong>Edici\u00f3n de Plantilla de P\u00e1gina de Inicio<\/strong><\/li>\n<li _msthash=\"972816\" _msthidden=\"1\" _msttexthash=\"407329\" style=\"\"><strong>&nbsp;Insertar Logo,<\/strong><\/li>\n<li _msthash=\"972816\" _msthidden=\"1\" _msttexthash=\"407329\" style=\"\"><strong>Edita el Men\u00fa<\/strong><\/li>\n<li _msthash=\"972816\" _msthidden=\"1\" _msttexthash=\"407329\" style=\"\"><strong>Integra Im\u00e1genes<\/strong><\/li>\n<li _msthash=\"972816\" _msthidden=\"1\" _msttexthash=\"407329\" style=\"\"><strong>Edita Texto<\/strong><\/li>\n<li _msthash=\"972816\" _msthidden=\"1\" _msttexthash=\"407329\" style=\"\"><strong>Integra Botones de llamad a la acci\u00f3n.<\/strong><\/li>\n<li _msthash=\"972816\" _msthidden=\"1\" _msttexthash=\"407329\" style=\"\"><strong>Inserta Testimonios<\/strong><\/li>\n<li _msthash=\"972816\" _msthidden=\"1\" _msttexthash=\"407329\" style=\"\"><strong>Crea el Pie de P\u00e1gina<\/strong><\/li>\n<\/ul>\n<p><span><img decoding=\"async\" alt=\"\" data-id=\"8011\" width=\"593\" data-init-width=\"1004\" height=\"349\" data-init-height=\"591\" title=\"Creaci\u00f3n de p\u00e1ginas de avisos legales\" src=\"https:\/\/reprogramacionintegral.com\/wp-content\/uploads\/2022\/10\/Creacion-de-paginas-de-avisos-legales.png\" data-width=\"593\" data-height=\"349\" loading=\"lazy\"><\/span><\/p>\n<ul>\n<li _msthash=\"1056640\" _msthidden=\"1\" _msttexthash=\"407329\" style=\"\"><strong>DESCARGA P\u00c1GINA DE AVISO DE PRIVACIDAD &amp; COOKIES<\/strong><\/li>\n<li _msthash=\"1056640\" _msthidden=\"1\" _msttexthash=\"407329\" style=\"\"><strong>DESCARGA P\u00c1GINA DE CONTRATACI\u00d3N<\/strong><\/li>\n<li _msthash=\"1056640\" _msthidden=\"1\" _msttexthash=\"407329\" style=\"\"><strong>DESCARGA P\u00c1GINA DE AVISO LEGAL<\/strong><\/li>\n<\/ul>\n<p><span><img decoding=\"async\" alt=\"\" data-id=\"8012\" width=\"593\" data-init-width=\"1004\" height=\"349\" data-init-height=\"591\" title=\"CREA TUS PROPIAS PLANTILLAS\" src=\"https:\/\/reprogramacionintegral.com\/wp-content\/uploads\/2022\/10\/CREA-TUS-PROPIAS-PLANTILLAS.png\" data-width=\"593\" data-height=\"349\" loading=\"lazy\"><\/span><\/p>\n<ul>\n<li _msthash=\"1056640\" _msthidden=\"1\" _msttexthash=\"407329\" style=\"\"><strong>CREA TUS PROPIAS PLANTILLAS<\/strong><\/li>\n<li _msthash=\"1056640\" _msthidden=\"1\" _msttexthash=\"407329\" style=\"\"><b>EDICI\u00d3N DEL DISE\u00d1O DE IMAGENES<\/b><\/li>\n<li _msthash=\"1056640\" _msthidden=\"1\" _msttexthash=\"407329\" style=\"\"><b>EDICI\u00d3N DEL FONDO DE LA IMAGEN<\/b><\/li>\n<li _msthash=\"1056640\" _msthidden=\"1\" _msttexthash=\"407329\" style=\"\"><b>&nbsp;CREA PLANTILLA DE TUS REDES SOCIALES<\/b><\/li>\n<li _msthash=\"1056640\" _msthidden=\"1\" _msttexthash=\"407329\" style=\"\"><b>CREA TUS PLANTILLAS DE PIE DE P\u00c1GINA<\/b><\/li>\n<\/ul>\n<p><span><img decoding=\"async\" alt=\"\" data-id=\"8014\" width=\"593\" data-init-width=\"1004\" height=\"349\" data-init-height=\"591\" title=\"Inserta bot\u00f3n de whats\u00e1pp\" src=\"https:\/\/reprogramacionintegral.com\/wp-content\/uploads\/2022\/10\/Inserta-boton-de-whatsapp.png\" data-width=\"593\" data-height=\"349\" loading=\"lazy\"><\/span><\/p>\n<ul>\n<li style=\"\"><strong>Hoja de Trabajo CON URL para enlace de e-mail&nbsp;<\/strong><\/li>\n<li style=\"\"><strong>Hoja de trabajo CON URL para enlace de whatsApp<\/strong><\/li>\n<\/ul>\n<p><span><img decoding=\"async\" alt=\"\" data-id=\"8023\" width=\"593\" data-init-width=\"1920\" height=\"407\" data-init-height=\"1320\" title=\"email-4487083_1920\" src=\"https:\/\/reprogramacionintegral.com\/wp-content\/uploads\/2022\/10\/email-4487083_1920.jpg\" data-width=\"593\" data-height=\"407\" loading=\"lazy\"><\/span><\/p>\n<ul>\n<li style=\"\"><strong>Active Campaign como herramienta de email marketing<\/strong><\/li>\n<li style=\"\"><strong>P\u00e1gina de prueba gratuita por 30 d\u00edas en Active Campaign<\/strong><\/li>\n<\/ul>\n<p><span><img decoding=\"async\" alt=\"\" data-id=\"8015\" width=\"593\" data-init-width=\"1004\" height=\"349\" data-init-height=\"591\" title=\"LEAD MAGNET Y POL\u00cdTICA DE PRIVACIDAD\" src=\"https:\/\/reprogramacionintegral.com\/wp-content\/uploads\/2022\/10\/LEAD-MAGNET-Y-POLITICA-DE-PRIVACIDAD.png\" data-width=\"593\" data-height=\"349\" loading=\"lazy\"><\/span><\/p>\n<ul>\n<li _msthash=\"1056640\" _msthidden=\"1\" _msttexthash=\"407329\" style=\"\"><strong>TEXTOS DE POL\u00cdTICA DE PRIVACIDAD PARA FORMULARIOS&nbsp;<\/strong><\/li>\n<\/ul>\n<p><span><img decoding=\"async\" alt=\"\" data-id=\"8016\" width=\"593\" data-init-width=\"1004\" height=\"349\" data-init-height=\"591\" title=\"CREA TU P\u00c1GINA DE BLOG\" src=\"https:\/\/reprogramacionintegral.com\/wp-content\/uploads\/2022\/10\/CREA-TU-PAGINA-DE-BLOG.png\" data-width=\"593\" data-height=\"349\" loading=\"lazy\"><\/span><\/p>\n<ul>\n<li style=\"\"><strong>CREA TU P\u00c1GINA DE BLOG<\/strong><\/li>\n<\/ul>\n<p><span><img decoding=\"async\" alt=\"\" data-id=\"8018\" width=\"593\" data-init-width=\"1004\" height=\"349\" data-init-height=\"591\" title=\"Crea tu p\u00e1gina de Contacto\" src=\"https:\/\/reprogramacionintegral.com\/wp-content\/uploads\/2022\/10\/Crea-tu-pagina-de-Contacto.png\" data-width=\"593\" data-height=\"349\" loading=\"lazy\"><\/span><\/p>\n<ul>\n<li style=\"\"><strong>DESCARGA PLANTILLA DE P\u00c1GINA DE CONTACTO<\/strong><\/li>\n<li style=\"\"><strong>CREA TU P\u00c1GINA DE CONTACTO<\/strong><strong><\/strong><\/li>\n<\/ul>\n<p><span><img decoding=\"async\" alt=\"\" data-id=\"8020\" width=\"593\" data-init-width=\"1004\" height=\"349\" data-init-height=\"591\" title=\"Crea tu p\u00e1gina de con\u00f3ceme\" src=\"https:\/\/reprogramacionintegral.com\/wp-content\/uploads\/2022\/10\/Crea-tu-pagina-de-conoceme.png\" data-width=\"593\" data-height=\"349\" loading=\"lazy\"><\/span><\/p>\n<ul>\n<li _msthash=\"1056640\" _msthidden=\"1\" _msttexthash=\"407329\" style=\"\"><strong>DESCARGA PLANTILLA DE P\u00c1GINA DE CON\u00d3CEME<\/strong><\/li>\n<li _msthash=\"1056640\" _msthidden=\"1\" _msttexthash=\"407329\" style=\"\"><strong>CREA TU PAGINA DE CON\u00d3CEME<\/strong><\/li>\n<li _msthash=\"1056640\" _msthidden=\"1\" _msttexthash=\"407329\" style=\"\"><strong>ELEMENTOS INDISPENSABLES EN TU P\u00c1GINA DE C\u00d3NOCEME<\/strong><\/li>\n<\/ul>\n<p _msthash=\"1074944\" _msttexthash=\"901862\" style=\"text-align: center;\">\n<p _msthash=\"1074944\" _msttexthash=\"901862\" style=\"text-align: center;\"><span style=\"text-decoration: line-through;\">600.00 USD<\/span><\/p>\n<p _msthash=\"1074944\" _msttexthash=\"901862\" style=\"text-align: center;\"><strong>OFERTA<\/strong><\/p>\n<p _msthash=\"1074945\" _msttexthash=\"391846\" style=\"text-align: center;\"><strong>-50% Bono de descuento<\/strong><\/p>\n<p _msthash=\"1074945\" _msttexthash=\"391846\" style=\"text-align: center;\">300.00 USD<\/p>\n<p _msthash=\"1074945\" _msttexthash=\"391846\" style=\"text-align: center;\">\n<p><a href=\"https:\/\/wa.me\/525532336912?text=\" target=\"_blank\" rel=\"noopener\">                    <\/a><\/p>\n<p style=\"text-align: center;\"><a href=\"https:\/\/wa.me\/525532336912?text=\" target=\"_blank\" rel=\"noopener\">525532336912<\/a><\/p>\n<p><a href=\"mailto:carmencampos@menteatufavor.com\" target=\"_blank\" rel=\"noopener\">                    <\/a><\/p>\n<p style=\"text-align: center;\"><a href=\"mailto:carmencampos@menteatufavor.com\" target=\"_blank\" rel=\"noopener\">carmencampos@menteatufavor.com<\/a><\/p>\n<h4 style=\"text-align: center;\" _msthash=\"825812\" _msttexthash=\"40140269\">\u00a9 2022 Reprogramaci\u00f3n Integral \u2013 Todoslos derechos reservados<span style=\"color: rgb(255, 255, 255);\" _istranslated=\"1\"><a href=\"https:\/\/reprogramacionintegral.com\/index.php\/politica-de-contratacion\/\" style=\"outline: none;\" _istranslated=\"1\">&nbsp;Aviso Legal<\/a> \u2013 <a href=\"https:\/\/reprogramacionintegral.com\/index.php\/politica-de-privacidad-y-cookies\/\" target=\"_blank\" style=\"outline: none;\" _istranslated=\"1\" rel=\"noopener\">Pol\u00edtica de Privacidad <\/a>\u2013 <a href=\"https:\/\/reprogramacionintegral.com\/index.php\/politica-de-privacidad-y-cookies\/\" style=\"outline: none;\" _istranslated=\"1\">Cookies<\/a> \u2013 <a href=\"https:\/\/reprogramacionintegral.com\/index.php\/politica-de-contratacion\/\" style=\"outline: none;\" _istranslated=\"1\">Contrataci\u00f3n<\/a> <\/span><\/h4>\n","protected":false},"excerpt":{"rendered":"<p>CURSO ONLINE CREA TU P\u00c1GINA WEB PASO A PASO &nbsp; &nbsp;Accede a una serie de videos creados por m\u00ed&nbsp;misma, en los cu\u00e1les te mostrare paso a paso c\u00f3mo&nbsp;crear y gestionar tu p\u00e1gina web. Te compartir\u00e9 las&nbsp;herramientas y los conocimientos que me permitieron crear y gestionar mi sitio web y mis p\u00e1ginas de aterrizaje o landing [&hellip;]<\/p>\n","protected":false},"author":1,"featured_media":0,"parent":0,"menu_order":0,"comment_status":"closed","ping_status":"closed","template":"","meta":[],"aioseo_notices":[],"_links":{"self":[{"href":"https:\/\/reprogramacionintegral.com\/index.php\/wp-json\/wp\/v2\/pages\/7929"}],"collection":[{"href":"https:\/\/reprogramacionintegral.com\/index.php\/wp-json\/wp\/v2\/pages"}],"about":[{"href":"https:\/\/reprogramacionintegral.com\/index.php\/wp-json\/wp\/v2\/types\/page"}],"author":[{"embeddable":true,"href":"https:\/\/reprogramacionintegral.com\/index.php\/wp-json\/wp\/v2\/users\/1"}],"replies":[{"embeddable":true,"href":"https:\/\/reprogramacionintegral.com\/index.php\/wp-json\/wp\/v2\/comments?post=7929"}],"version-history":[{"count":34,"href":"https:\/\/reprogramacionintegral.com\/index.php\/wp-json\/wp\/v2\/pages\/7929\/revisions"}],"predecessor-version":[{"id":8045,"href":"https:\/\/reprogramacionintegral.com\/index.php\/wp-json\/wp\/v2\/pages\/7929\/revisions\/8045"}],"wp:attachment":[{"href":"https:\/\/reprogramacionintegral.com\/index.php\/wp-json\/wp\/v2\/media?parent=7929"}],"curies":[{"name":"wp","href":"https:\/\/api.w.org\/{rel}","templated":true}]}}