{"id":7026,"date":"2021-08-22T14:55:17","date_gmt":"2021-08-22T19:55:17","guid":{"rendered":"https:\/\/reprogramacionintegral.com\/?page_id=7026"},"modified":"2021-09-11T16:32:35","modified_gmt":"2021-09-11T21:32:35","slug":"registro-serie-de-audios-programacion-mental-positiva","status":"publish","type":"page","link":"https:\/\/reprogramacionintegral.com\/index.php\/registro-serie-de-audios-programacion-mental-positiva\/","title":{"rendered":"Registro Serie de Audios Programaci\u00f3n Mental Positiva"},"content":{"rendered":"<h1 _msthash=\"972816\" _msthidden=\"1\" _msttexthash=\"407329\" style=\"text-align: center; color: rgb(69, 19, 227) !important; --tcb-applied-color:rgb(69, 19, 227)  !important;\"><\/h1>\n<h1 _msthash=\"972816\" _msthidden=\"1\" _msttexthash=\"407329\" style=\"text-align: center; color: rgb(69, 19, 227) !important; --tcb-applied-color:rgb(69, 19, 227)  !important;\"><strong><\/strong><\/h1>\n<h1 _msthash=\"972816\" _msthidden=\"1\" _msttexthash=\"407329\" style=\"text-align: center; color: rgb(69, 19, 227) !important; --tcb-applied-color:rgb(69, 19, 227)  !important;\"><strong><em><span><span>PROGRAMA UNA MENTE POSITIVA<\/span><\/span><\/em><\/strong><\/h1>\n<h1 _msthash=\"972816\" _msthidden=\"1\" _msttexthash=\"407329\" style=\"text-align: center; --tcb-applied-color:rgb(69, 19, 227)  !important;\"><strong><span>\u00bfEn que \u00e1rea de tu vida deseas manifestar la mejor versi\u00f3n de ti?<\/span><\/strong><strong style=\"color: rgb(69, 19, 227) !important;\"><em><span><span><strong><span><\/span><\/strong><\/span><\/span><\/em><\/strong><\/h1>\n<h3 _msthash=\"972816\" _msthidden=\"1\" _msttexthash=\"407329\" style=\"text-align: center;\"><\/h3>\n<p _msthash=\"2123045\" _msttexthash=\"688441\" style=\"text-align: center;\">\n<h3 _msthash=\"2123045\" _msttexthash=\"688441\" style=\"text-align: center;\"><strong>Imagina que tienes la oportunidad de acceder a una herramienta que te ayuda a: &nbsp;<\/strong><\/h3>\n<\/p>\n<p _msthash=\"2123045\" _msttexthash=\"688441\" style=\"text-align: center;\"><strong><span><span>Activar tu poder de acci\u00f3n y tomar las riendas de tu vida<\/span><\/span><\/strong><\/p>\n<p _msthash=\"2123045\" _msttexthash=\"688441\" style=\"text-align: center;\"><strong>Crear nuevas conexiones neuronales que te hagan decidir y actuar en base a lo que deseas lograr<\/strong><\/p>\n<p _msthash=\"2123045\" _msttexthash=\"688441\" style=\"text-align: center;\"><strong>&nbsp;Hacer de tu mente tu aliada para manifestar lo que deseas&nbsp;<\/strong><\/p>\n<p _msthash=\"2123045\" _msttexthash=\"688441\" style=\"text-align: center;\"><strong>Transformar creencias limitantes en creencias potenciadoras&nbsp;<\/strong><\/p>\n<p _msthash=\"2123045\" _msttexthash=\"688441\" style=\"text-align: center;\"><strong>&nbsp;Manifestar la mejor versi\u00f3n de ti en cada \u00e1rea de tu vida<\/strong><\/p>\n<p _msthash=\"2123045\" _msttexthash=\"688441\" style=\"text-align: center;\"><b>Re-conectar con tu poder<\/b><\/p>\n<p _msthash=\"2123046\" _msttexthash=\"1153126\" style=\"text-align: center;\"><span><b>Cortar patrones no coherentes de tu sistema familiar que te impiden avanzar<\/b><\/span><\/p>\n<p _msthash=\"2123046\" _msttexthash=\"1153126\" style=\"text-align: center;\"><span><b><strong><span><span><strong>Poner tu coraz\u00f3n y tu Mente en coherencia y alineaci\u00f3n hacia lo que deseas manifestar en tu vida<\/strong><\/span><\/span><\/strong><\/b><\/span><\/p>\n<p _msthash=\"2123046\" _msttexthash=\"1153126\" style=\"text-align: center;\"><span><b>\u00bfLo har\u00edas?<\/b><\/span><\/p>\n<p style=\"text-align: center;\">\n<p style=\"text-align: center;\"><span><span><strong><span><span><strong><strong><strong><b><strong><span>Accede a&nbsp; los Audios de Programaci\u00f3n Mental Positiva&nbsp;<\/span><\/strong><\/b><\/strong><\/strong><\/strong><\/span><\/span><\/strong><\/span><\/span><\/p>\n<p style=\"text-align: center;\"><span><span><strong><span><span><strong><strong><strong><b><strong><span>Que te ayudaran a elevar la vibraci\u00f3n de tus pensamientos y emociones.<\/span><\/strong><\/b><\/strong><\/strong><\/strong><\/span><\/span><\/strong><\/span><\/span><\/p>\n<p style=\"text-align: center;\"><span><span><strong><span><span><strong><strong><strong><b><strong><span>A conectar con la confianza y seguridad en ti que necesitas para volverte co-creador de tu vida .<\/span><\/strong><\/b><\/strong><\/strong><\/strong><\/span><\/span><\/strong><\/span><\/span><\/p>\n<p style=\"text-align: center;\"><span><span><strong><span><span><strong><strong><strong><b><strong><span>Y a sentir la satisfacci\u00f3n y plenitud de haberlo logrado<\/span><\/strong><\/b><\/strong><\/strong><\/strong><\/span><\/span><\/strong><\/span><\/span><\/p>\n<p style=\"text-align: center;\">\n<h4 _msthash=\"1056640\" _msthidden=\"1\" _msttexthash=\"407329\" style=\"text-align: center;\"><strong>\u00bfQue deseas PROGRAMAR?<\/strong><\/h4>\n<p><span><img decoding=\"async\" alt=\"\" data-id=\"7123\" width=\"761\" data-init-width=\"1920\" height=\"428\" data-init-height=\"1080\" title=\"AUTOESTIMA\" src=\"https:\/\/reprogramacionintegral.com\/wp-content\/uploads\/2021\/09\/AUTOESTIMA.png\" data-width=\"761\" data-height=\"428\" loading=\"lazy\"><\/span><\/p>\n<p _msthash=\"1056640\" _msthidden=\"1\" _msttexthash=\"407329\" style=\"\">Serie de 5 Audios de programaci\u00f3n mental positiva, en los que te guiare para <strong>Elevar tu Autoestima&nbsp;<\/strong>en el \u00e1rea personal y en el \u00e1rea &nbsp;profesional, a programar tu mente de tal manera que puedas <strong>comunicar tus emociones y necesidades de manera coherente<\/strong>, a <strong>c<\/strong><strong>ontactar con el amor hacia ti, el merecimiento de todo lo bueno, el respeto, la val\u00eda<\/strong> e integres una nueva forma de relacionarte contigo y con los dem\u00e1s.<\/p>\n<p _msthash=\"1056640\" _msthidden=\"1\" _msttexthash=\"407329\" style=\"text-align: center;\"><em>40\u20ac<\/em><\/p>\n<p><span><img decoding=\"async\" alt=\"\" data-id=\"7124\" width=\"761\" data-init-width=\"1920\" height=\"428\" data-init-height=\"1080\" title=\"MANIFIESTA\" src=\"https:\/\/reprogramacionintegral.com\/wp-content\/uploads\/2021\/09\/MANIFIESTA.png\" data-width=\"761\" data-height=\"428\" loading=\"lazy\"><\/span><\/p>\n<p _msthash=\"1056640\" _msttexthash=\"407329\" _msthidden=\"1\" style=\"\">Programa una mente positiva a trav\u00e9s de esta serie de 4 Audios que te ayudar\u00e1n a <strong>manifestar tu Intenci\u00f3n<\/strong>, poniendo tu coraz\u00f3n y tu mente en coherencia para que&nbsp;<strong>dirijas tu vida hacia donde realmente deseas ir<\/strong>, &nbsp;reconociendo tus miedos y aun con ellos <strong>avanzar hacia tu meta<\/strong>, accediendo al campo de las multiples posibilidades.<\/p>\n<p _msthash=\"1056640\" _msttexthash=\"407329\" _msthidden=\"1\" style=\"text-align: center;\">32<em>\u20ac<\/em><\/p>\n<p><span><img decoding=\"async\" alt=\"\" data-id=\"7157\" width=\"761\" data-init-width=\"1920\" height=\"428\" data-init-height=\"1080\" title=\"VIBRA EN ABUN\" src=\"https:\/\/reprogramacionintegral.com\/wp-content\/uploads\/2021\/09\/VIBRA-EN-ABUN-1.png\" data-width=\"761\" data-height=\"428\" loading=\"lazy\"><\/span><\/p>\n<p _msthash=\"1056640\" _msttexthash=\"407329\" _msthidden=\"1\" style=\"text-align: center;\"><strong>Vibra en abundancia econ\u00f3mica<\/strong>, eleva la vibraci\u00f3n de tus pensamientos y tus emociones, <strong>transforma las creencias limitantes de tu sistema familiar que te conectan con la carencia,<\/strong> sana la relaci\u00f3n con tu padre y con el dinero, accede a estos 5 Audios en donde te llevar\u00e9 de la mano para que te <strong>re-conectes con la energ\u00eda proveedora del universo.<\/strong><\/p>\n<p _msthash=\"1056640\" _msttexthash=\"407329\" _msthidden=\"1\" style=\"text-align: center;\">40<em>\u20ac<\/em><\/p>\n<p><span style=\"\"><img decoding=\"async\" alt=\"\" data-id=\"1735\" width=\"768\" data-init-width=\"800\" height=\"511\" data-init-height=\"533\" title=\"\" src=\"https:\/\/reprogramacionintegral.com\/wp-content\/uploads\/2021\/09\/Canva-null.jpg\" data-width=\"768\" data-height=\"511\" style=\"\" mt-m=\"-0.921999999999997\" ml-m=\"-1.6410000000000196\" mt-d=\"0\" ml-d=\"-1.5159999999999627\" loading=\"lazy\"><\/span><\/p>\n<p>.<\/p>\n<p _msthash=\"1056640\" _msthidden=\"1\" _msttexthash=\"407329\" style=\"text-align: center;\">A trav\u00e9s de esta serie de 3 Audios te llevar\u00e9 de la mano para que <strong>Transformes Emociones des-energizantes de Experiencias dolorosas de tu pasado<\/strong>, te guiar\u00e9 para <strong>Liberar Creencias Limitantes <\/strong>que hayas tomado de tu Sistema Familiar o de tu Entorno, que te est\u00e9n impidiendo M<strong>anifestar lo que deseas en cada \u00e1rea de tu vida.<\/strong><\/p>\n<p _msthash=\"1056640\" _msthidden=\"1\" _msttexthash=\"407329\" style=\"text-align: center;\"><em>24\u20ac<\/em><\/p>\n<p _msthash=\"1074944\" _msttexthash=\"901862\" style=\"text-align: center;\"><span style=\"color: rgb(0, 0, 0);\"><\/span><\/p>\n<p _msthash=\"1074945\" _msttexthash=\"391846\" style=\"text-align: center;\">\n<p _msthash=\"1074945\" _msttexthash=\"391846\" style=\"text-align: center;\">\n<p _msthash=\"804403\" _msttexthash=\"1246544\" style=\"text-align: center;\"><strong>Todo es energ\u00eda<\/strong><\/p>\n<p _msthash=\"804403\" _msttexthash=\"1246544\" style=\"text-align: center;\"><strong>lo que pensamos, sentimos y creemos<\/strong><\/p>\n<p _msthash=\"804403\" _msttexthash=\"1246544\" style=\"text-align: center;\"><strong>tiene una frecuencia de vibraci\u00f3n que determina nuestra vida<\/strong><\/p>\n<p _msthash=\"804403\" _msttexthash=\"1246544\" style=\"text-align: center;\"><strong>UTILIZA TU MENTE A TU FAVOR<\/strong><strong>y <\/strong><strong>RECONECTATE CON TU PODER&nbsp;<\/strong><\/p>\n<p _msthash=\"804403\" _msttexthash=\"1246544\" style=\"text-align: center;\"><strong>Elige tus Pensamientos y tus Emociones con consciencia<\/strong><\/p>\n<p><span><img decoding=\"async\" alt=\"\" data-id=\"4930\" width=\"913\" data-init-width=\"1280\" height=\"514\" data-init-height=\"720\" title=\"Foto-conexion-glandula-pineal\" src=\"https:\/\/reprogramacionintegral.com\/wp-content\/uploads\/2021\/09\/Foto-conexion-glandula-pineal-1-1.jpg\" data-width=\"913\" data-height=\"514\" loading=\"lazy\"><\/span><\/p>\n<p _msthash=\"1382753\" _msttexthash=\"61014135\" style=\"text-align: center;\"><span><\/span><\/p>\n<p _msthash=\"1382753\" _msttexthash=\"61014135\" style=\"text-align: center;\"><span> <\/span><\/p>\n<p _msthash=\"1382753\" _msttexthash=\"61014135\" style=\"text-align: center;\"><span>&nbsp;<\/span><\/p>\n<p _msthash=\"1382753\" _msttexthash=\"61014135\" style=\"text-align: center;\">\n<p _msthash=\"1382753\" _msttexthash=\"61014135\" style=\"text-align: center;\"><span><span><span>&nbsp;<\/span><\/span><strong> <\/strong><\/span><\/p>\n<p style=\"text-align: center; font-size: 20px !important;\"><span><span>&nbsp;<\/span><\/span><\/p>\n<p style=\"text-align: center;\"><span><span><strong><span><span><\/span><\/span><\/strong><\/span><\/span><\/p>\n<p style=\"text-align: center;\"><span><span><strong><span><span><span>T<span>ransforma pensamientos,<\/span><\/span><span>&nbsp;creencias y<\/span> <span>sentimientos limitantes que te<\/span> <span>impiden&nbsp;<\/span><strong><span>lograr lo que deseas<\/span> <span>en cada<\/span> <span>\u00e1rea de tu vida<\/span><\/strong><\/span><\/span><\/strong><\/span><\/span><\/p>\n<p style=\"text-align: center;\"><span><span><span><span>Deja de auto-sabotearte y<\/span> <span>empezar a<\/span><\/span><\/span><\/span><\/p>\n<p style=\"text-align: center;\"><span><span><span><span>&nbsp;<\/span><\/span><span><span><strong><span>p<\/span><\/strong><\/span><\/span><\/span><span><span><strong><span>ensar, sentir y actuar en<\/span> <span>coherencia<\/span><\/strong> <\/span><\/span><\/span><\/p>\n<p style=\"text-align: center;\"><span><span><span><strong><span><span><strong><span><span><span>Re-con\u00e9ctate con la mejor<\/span> <span>versi\u00f3n de<\/span> <span>ti<\/span><\/span><\/span><\/strong><\/span><\/span><\/strong><\/span><\/span><\/span><\/p>\n<p style=\"text-align: center;\"><span><span><span><strong><span><span><strong><span><span><\/span><\/span><\/strong><span><span>&nbsp;Manifiesta<\/span> <span>lo que deseas<\/span><\/span><\/span><\/span><\/strong><\/span><\/span><\/span><\/p>\n<p style=\"text-align: center;\"><span><span><span><strong><span><span>y<\/span><\/span><\/strong><\/span><\/span><\/span><\/p>\n<p style=\"text-align: center;\"><span><span><strong><span><span><span>Siente la satisfacci\u00f3n y<\/span> <span>Plenitud en<\/span> <span>tu<\/span> <span>vida<\/span> <\/span> <\/span><\/strong><\/span><\/span><\/p>\n<p style=\"text-align: center;\">\n<p style=\"text-align: center;\" _msthash=\"3022513\" _msttexthash=\"459134\">Perm\u00edteme presentarme<\/p>\n<p style=\"text-align: center;\">\n<\/p>\n<p><span>\u00a1Hola! soy Carmen Campos, psicoterapeuta especialista en Programaci\u00f3n Mental Positiva y Gesti\u00f3n Emocional, acompa\u00f1o a personas a programar y alinear su mente &nbsp;hacia lo que desean lograr en cada \u00e1rea de su vida, &nbsp;soy una apasionada del auto-conocimiento, la superaci\u00f3n personal y del funcionamiento del cerebro en relaci\u00f3n al comportamiento humano, creo que el ser humano tiene la capacidad de conectar con su m\u00e1ximo potencial si as\u00ed se lo propone y volverse co-creador de su vida.Actualmente doy consulta online a nivel mundial e imparto cursos online.A lo largo de m\u00e1s de 15 a\u00f1os he tenido la oportunidad de acceder a diferentes m\u00e9todos y t\u00e9cnicas que me han permitido crecer como persona y profesionalmente por lo que decid\u00ed formarme como terapeuta y facilitadora de los m\u00e9todos que prob\u00e9 personalmente y que hicieron cambios positivos en m\u00ed en lo personal y en lo profesional eso fue lo que me llevo a &nbsp;crear el &nbsp;<b style=\"color: rgb(249, 249, 251);\">m\u00e9todo &nbsp;Reprogramaci\u00f3n Integral, basado en la neurociencia, la f\u00edsica cu\u00e1ntica as\u00ed como en conocimientos ancestrales y t\u00e9cnicas milenarias, soy creadora del &nbsp;curso &nbsp;&#8220;Programaci\u00f3n Mental Positiva\u201d, del &nbsp;curso para Terapeutas &nbsp;&#8220;Expansi\u00f3n Profesional&#8221;&nbsp;<\/b><b style=\"color: rgb(249, 249, 251);\">&nbsp;y de la serie Audios &nbsp;&#8220;Programa una Mente Positiva&#8221;&nbsp;<\/b><\/span><span style=\"color: rgb(249, 249, 251);\">Disfruto mucho de acompa\u00f1ar a personas en su proceso de auto-conocimiento y crecimiento personal, profesional y espiritual, comparti\u00e9ndoles herramientas y conocimientos que les permiten ir a la ra\u00edz de su problema y desde ah\u00ed lograr el cambio que desean, les ayudo a transformar sus creencias limitantes, a sanar heridas emocionales de experiencias dolorosas del pasado y &nbsp;a lograr actuar de manera coherente para conectar con la plenitud y la satisfacci\u00f3n al relacionarse con ellos mismos y con los dem\u00e1s desde su mejor versi\u00f3n.<\/span><\/p>\n<p><span style=\"width: 100%;\"><img decoding=\"async\" alt=\"\" width=\"383\" height=\"684\" title=\"IMG_4888-e1597540098717-2\" data-id=\"5165\" src=\"https:\/\/reprogramacionintegral.com\/wp-content\/uploads\/2021\/09\/IMG_4888-e1597540098717-2-6.png\" style=\"\" data-width=\"383\" data-height=\"684\" data-init-width=\"280\" data-init-height=\"500\" ml-d=\"-1\" ml-m=\"0\" loading=\"lazy\"><span><\/span><\/span><\/p>\n<p _msthash=\"972816\" _msthidden=\"1\" _msttexthash=\"407329\" style=\"text-align: center;\"><em>&nbsp;<\/em><\/p>\n<h3 _msthash=\"972816\" _msthidden=\"1\" _msttexthash=\"407329\" style=\"text-align: center;\"><strong><span style=\"color: rgb(142, 60, 173);\"><\/span><\/strong><strong><\/strong><\/h3>\n<h2 style=\"\"><span><strong><span><span _msthash=\"825423\" _msttexthash=\"952042\"><span>Conoce algunos<\/span> <span>testimonios&nbsp;<\/span><\/span><\/span><\/strong><\/span><\/h2>\n<\/p>\n<h1 style=\"\"><span style=\"font-weight: 400; font-family: Palanquin;\"><span _msthash=\"3063021\" _msttexthash=\"748020\">\u201c<\/span><\/span><\/h1>\n<p><span>&nbsp;<\/span><span><span _msthash=\"3227146\" _msttexthash=\"4630483\">&nbsp; &nbsp; Hola mi nombre es Daniela, quiero contarles que me encant\u00f3 la sesi\u00f3n que tuve con Carmen!!!<\/span><\/span><\/p>\n<p style=\"text-align: center;\"><span><span _msthash=\"3532984\" _msttexthash=\"39007644\">Ella fue muy amorosa, amable y paciente, logr\u00f3 acompa\u00f1arme y guiarme durante toda la sesi\u00f3n y logramos ir muy profundo a la ra\u00edz de lo que necesitaba sanar, me sent\u00ed muy comprendida y contenida todo el tiempo y pude sentir los resultados literalmente a la ma\u00f1ana siguiente!!!<\/span><\/span><\/p>\n<p style=\"text-align: center;\"><span _msthash=\"3532985\" _msttexthash=\"7541859\">Me siento muy agradecida de haberla encontrado en mi camino de crecimiento interior y de reencuentro conmigo misma!!!<\/span><\/p>\n<p style=\"text-align: center;\">\n<p style=\"text-align: center;\" _msthash=\"3023761\" _msttexthash=\"327912\">&nbsp;Daniela &#8211; Argentina<\/p>\n<h1 style=\"\"><span style=\"font-weight: 400; font-family: Palanquin;\"><span _msthash=\"4129541\" _msttexthash=\"748020\">\u201c<\/span><\/span><\/h1>\n<p style=\"text-align: center;\"><span _msthash=\"4671784\" _msttexthash=\"5247567\">Hola Carmen Campos es una gran terapeuta, comprometida con sus pacientes <img decoding=\"async\" height=\"16\" width=\"16\" alt=\"\ud83d\ude09\" src=\"https:\/\/static.xx.fbcdn.net\/images\/emoji.php\/v9\/tb0\/1.5\/16\/1f609.png\" loading=\"lazy\">&nbsp;muchas gracias Carmen.<\/span><\/p>\n<p style=\"text-align: center;\">\n<p style=\"text-align: center;\"><span _msthash=\"4671785\" _msttexthash=\"3824301\">https:\/\/www.facebook.com\/permalink.php?story_fbid=1424331334432101&amp;id=100005657432604<\/span><\/p>\n<h1 style=\"text-align: center;\"><span style=\"font-family: &quot;Playfair Display&quot;; font-weight: 400;\" _msthash=\"4129542\" _msttexthash=\"268684\"><span style=\"color: rgb(68, 66, 68);\"><em>Avelina&nbsp;<\/em><\/span><span><span style=\"color: rgb(61, 66, 100);\">&#8211; M\u00e9xico<\/span><\/span><\/span><\/h1>\n<h1 style=\"\"><span style=\"font-weight: 400; font-family: Palanquin;\"><span _msthash=\"7488416\" _msttexthash=\"748020\">\u201c<\/span><\/span><\/h1>\n<p style=\"text-align: center;\"><span _msthash=\"4671786\" _msttexthash=\"25386478\"><span>Quiero compartirles mi experiencia con las terapias de Carmen, realmente he sentido un cambio en mi para bien, ahora me enfoco en mi, en lo que me gusta y lo que deseo lograr, he dejado el pasado atr\u00e1s y se a donde quiero llegar<\/span>.<\/span><\/p>\n<h1 style=\"text-align: center;\"><span style=\"font-family: &quot;Playfair Display&quot;; font-weight: 400;\" _msthash=\"4129543\" _msttexthash=\"232752\"><span style=\"color: rgb(68, 66, 68);\"><em>Bel\u00e9n<\/em><\/span><span><span style=\"color: rgb(68, 66, 68);\">&nbsp;<\/span><span style=\"color: rgb(61, 66, 100);\">-Espa\u00f1a<\/span><\/span><\/span><\/h1>\n<p><span><a href=\"http:\/\/ https:\/\/www.reprogramacionintegral.com\/\"><img decoding=\"async\" alt=\"\" data-id=\"6019\" width=\"146\" data-init-width=\"1920\" height=\"82\" data-init-height=\"1080\" title=\"logo-extra-grande-5\" src=\"https:\/\/reprogramacionintegral.com\/wp-content\/uploads\/2021\/09\/logo-extra-grande-5-2-1.png\" data-width=\"146\" data-height=\"82\" style=\"\" data-link-wrap=\"true\" loading=\"lazy\"><\/a><\/span><\/p>\n<p _msthash=\"1056640\" _msthidden=\"1\" _msttexthash=\"407329\" style=\"text-align: center;\"><a href=\"https:\/\/reprogramacionintegral.com\/\" target=\"_blank\" style=\"outline: none;\" rel=\"noopener\">https:\/\/reprogramacionintegral.com<\/a><\/p>\n<p _msthash=\"1056640\" _msthidden=\"1\" _msttexthash=\"407329\" style=\"text-align: center;\"><a href=\"http:\/\/menteatufavor.com\" target=\"_blank\" style=\"outline: none;\" rel=\"noopener\">menteatufavor.com<\/a><\/p>\n<p><a href=\"https:\/\/wa.me\/525532336912?text=\" target=\"_blank\" rel=\"noopener\">                    <\/a><\/p>\n<p style=\"text-align: center;\"><a href=\"https:\/\/wa.me\/525532336912?text=\" target=\"_blank\" style=\"outline: none;\" rel=\"noopener\">525532336912<\/a><\/p>\n<p><a href=\"mailto:carmencampos@menteatufavor.com\" target=\"_blank\" rel=\"noopener\">                    <\/a><\/p>\n<p style=\"text-align: center;\"><a href=\"mailto:carmencampos@menteatufavor.com\" target=\"_blank\" style=\"outline: none;\" rel=\"noopener\">carmencampos@menteatufavor.com<\/a><\/p>\n<p _msthash=\"1056640\" _msttexthash=\"407329\" _msthidden=\"1\" style=\"\">\n","protected":false},"excerpt":{"rendered":"<p>PROGRAMA UNA MENTE POSITIVA \u00bfEn que \u00e1rea de tu vida deseas manifestar la mejor versi\u00f3n de ti? Imagina que tienes la oportunidad de acceder a una herramienta que te ayuda a: &nbsp; Activar tu poder de acci\u00f3n y tomar las riendas de tu vida Crear nuevas conexiones neuronales que te hagan decidir y actuar en [&hellip;]<\/p>\n","protected":false},"author":1,"featured_media":0,"parent":0,"menu_order":0,"comment_status":"closed","ping_status":"closed","template":"","meta":[],"aioseo_notices":[],"_links":{"self":[{"href":"https:\/\/reprogramacionintegral.com\/index.php\/wp-json\/wp\/v2\/pages\/7026"}],"collection":[{"href":"https:\/\/reprogramacionintegral.com\/index.php\/wp-json\/wp\/v2\/pages"}],"about":[{"href":"https:\/\/reprogramacionintegral.com\/index.php\/wp-json\/wp\/v2\/types\/page"}],"author":[{"embeddable":true,"href":"https:\/\/reprogramacionintegral.com\/index.php\/wp-json\/wp\/v2\/users\/1"}],"replies":[{"embeddable":true,"href":"https:\/\/reprogramacionintegral.com\/index.php\/wp-json\/wp\/v2\/comments?post=7026"}],"version-history":[{"count":32,"href":"https:\/\/reprogramacionintegral.com\/index.php\/wp-json\/wp\/v2\/pages\/7026\/revisions"}],"predecessor-version":[{"id":7335,"href":"https:\/\/reprogramacionintegral.com\/index.php\/wp-json\/wp\/v2\/pages\/7026\/revisions\/7335"}],"wp:attachment":[{"href":"https:\/\/reprogramacionintegral.com\/index.php\/wp-json\/wp\/v2\/media?parent=7026"}],"curies":[{"name":"wp","href":"https:\/\/api.w.org\/{rel}","templated":true}]}}