{"id":6299,"date":"2021-07-23T11:57:41","date_gmt":"2021-07-23T16:57:41","guid":{"rendered":"https:\/\/reprogramacionintegral.com\/?page_id=6299"},"modified":"2021-09-11T16:22:51","modified_gmt":"2021-09-11T21:22:51","slug":"politica-de-privacidad-y-cookies","status":"publish","type":"page","link":"https:\/\/reprogramacionintegral.com\/index.php\/politica-de-privacidad-y-cookies\/","title":{"rendered":"Pol\u00edtica de Privacidad y cookies"},"content":{"rendered":"<a class=\"tcb-logo thrv_wrapper\" target=\"_blank\" href=\"https:\/\/reprogramacionintegral.com\" data-css=\"tve-u-1792ed2bc80\" data-img-style=\"width: 100%;\" class=\"\"><img src=\"https:\/\/reprogramacionintegral.com\/wp-content\/uploads\/2021\/05\/logo-extra-grande-2.png\" height=\"1080\" width=\"1920\" alt=\"\" style=\"width: 100%;\"><\/img><\/a>\n<p><b>Aviso de privacidad &amp; cookies,<\/b>&nbsp;la protecci\u00f3n de sus datos personales es muy importante para nosotros, por tal raz\u00f3n con fundamento en los art\u00edculos 15 y 16 de la ley federal de protecci\u00f3n de datos personales en posesi\u00f3n de particulares, se hace de su conocimiento lo siguiente: Mar\u00eda del Carmen Campos Padilla (\u201cla responsable\u201d) con domicilio en Blas Pascal 190 en la Col. Los Morales, C.P. 11510, Alcald\u00eda Miguel Hidalgo, Alcald\u00eda Miguel Hidalgo, Ciudad de M\u00e9xico, M\u00e9xico, correo electr\u00f3nico&nbsp;<u>carmencampos@reprogramacionintegral.com<\/u><strong>&nbsp;<\/strong>tel. 52-5532336912, p\u00e1gina web: https:\/\/reprogramacionintegral.com<\/p>\n<p>Titular de los datos personales<strong>,&nbsp;<\/strong>es la persona f\u00edsica a quien corresponden los datos personales y en el caso de los menores de edad es su padre, madre o tutor, quien otorga la autorizaci\u00f3n para el tratamiento de los datos personales del menor de edad. Su informaci\u00f3n personal ser\u00e1 utilizada para darlo de alta como cliente, para la prestaci\u00f3n de los servicios, contactar con los familiares en caso de menores de edad, proporcionarle informaci\u00f3n relevante sobre el Servicio, proporcionar servicios y atender solicitudes relacionadas con el portal, &nbsp;resolver cualquier dificultad que tenga con el Servicio, atender cualquier duda, queja o sugerencia que se presente informarle sobre cambios en los Servicios, en los T\u00e9rminos y Condiciones aplicables a los Servicios o a este aviso de privacidad &amp; cookies y para facturaci\u00f3n. Como finalidad secundaria, el Responsable utilizar\u00e1 sus datos para proporcionarle publicidad e informaci\u00f3n sobre nuevos productos y\/o servicios, as\u00ed como para hacerle llegar informaci\u00f3n y publicidad de socios comerciales. Para las finalidades se\u00f1aladas en el presente aviso de privacidad, se establece que, la obtenci\u00f3n de los datos personales por parte de<strong>&nbsp;<\/strong>Mar\u00eda del Carmen Campos Padilla, puede realizarse de las formas que a continuaci\u00f3n se describen: De manera directa<strong>,&nbsp;<\/strong>cuando el titular de los datos, su padre, madre o tutor, en el caso de los menores de edad, los proporciona personalmente al solicitar los servicios, por correo electr\u00f3nico, por medio de &nbsp;formularios &nbsp;en la p\u00e1gina web, video llamada, llamada Telef\u00f3nica o WhatsApp o por medio de la plataforma de Facebook . Los datos personales se conservar\u00e1n mientras, no se solicite la supresi\u00f3n de sus datos. En alg\u00fan caso podr\u00e1n conservarse los datos personales que puedan probar la gesti\u00f3n de los servicios y el ejercicio de sus derechos. La base legal para el tratamiento de sus datos se basa en el consentimiento otorgado al completar o dar la informaci\u00f3n a trav\u00e9s de cualquier medio mencionado anteriormente.<strong>&nbsp;<\/strong>Mar\u00eda del Carmen campos Padilla, se reserva el derecho de modificar o interrumpir, temporal o permanentemente, el Servicio por cualquier acci\u00f3n en la que se denote mala fe por parte del usuario.<\/p>\n<p>Uso de cookies, web beacons u otras tecnolog\u00edas similares. Las cookies son datos de informaci\u00f3n enviada por un sitio web y almacenada en el navegador del usuario, de manera que el sitio web puede consultar la actividad previa del usuario y se utilizan para determinar sus preferencias, rastrear determinados comportamientos o actividades llevadas a cabo dentro del sitio web. en algunas secciones de nuestro sitio requerimos que el cliente tenga habilitados los cookies ya que algunas de las funcionalidades requieren de \u00e9stas para trabajar. El uso del sitio web https:\/\/reprogramacionintegral.com implica la aceptaci\u00f3n de estos t\u00e9rminos.<\/p>\n<p>El titular y en el caso de menores de edad, su padre, madre y\/o tutor, consienten el tratamiento de sus datos personales, si no externa su negativa para el efecto a trav\u00e9s de los medios otorgados a trav\u00e9s del presente Aviso de Privacidad &amp; cookies. Para datos sensibles, el titular y en el caso de menores de edad, su padre, madre y\/o tutor, bastando solo la autorizaci\u00f3n de uno de ellos, para el consentimiento del<strong>&nbsp;<\/strong>tratamiento de sus datos sensibles, en t\u00e9rminos de la autorizaci\u00f3n para tratamiento y transferencia de datos que otorgan al momento de ser recabados dichos datos y antes de ser tratados los mismos.<\/p>\n<p>Usted podr\u00e1 presentar una solicitud de limitaci\u00f3n de uso o divulgaci\u00f3n al correo electr\u00f3nico&nbsp;<u>carmencampos@reprogramacionintegral.com<\/u><strong>&nbsp;<\/strong>para ser incluido en el listado de exclusi\u00f3n del Responsable, con la finalidad de que sus datos personales no sean tratados para algunas de las finalidades previstas en el punto anterior. Por favor considere que la limitaci\u00f3n de uso de sus datos para algunas de las finalidades establecidas podr\u00eda impedir la prestaci\u00f3n de los Servicios. Para las finalidades antes mencionadas, requerimos obtener los siguientes datos personales que no se consideran sensibles de acuerdo con la Ley de Protecci\u00f3n de Datos Personales en Posesi\u00f3n de Particulares: Datos de identificaci\u00f3n:<strong>&nbsp;<\/strong>Nombre completo,<strong>&nbsp;<\/strong>edad, n\u00famero telef\u00f3nico con clave del pa\u00eds (Celular, casa),<strong>&nbsp;<\/strong>datos<strong>&nbsp;<\/strong>fiscales (nombre o raz\u00f3n fiscal, domicilio fiscal, registro federal de contribuyentes), correo electr\u00f3nico<strong>,&nbsp;<\/strong>profesi\u00f3n, ocupaci\u00f3n, estado civil, antecedentes m\u00e9dicos, f\u00edsicos, psicol\u00f3gicos y personales, antecedentes conductuales e interpersonales<strong>,&nbsp;<\/strong>condici\u00f3n f\u00edsica y psicol\u00f3gica actual, antecedentes m\u00e9dicos familiares (f\u00edsicos y psicol\u00f3gicos), orientaci\u00f3n sexual (solo que el caso as\u00ed lo amerite). Asimismo, le informamos que sus datos personales pueden ser transferidos y tratados dentro y fuera del pa\u00eds, por personas distintas a esta empresa. En ese sentido, su informaci\u00f3n ser\u00e1 compartida con los proveedores de Software y Hardware necesarios para prestarle los Servicios, con el proveedor del servicio de procesamiento de pagos para procesar el pago del servicio correspondiente, as\u00ed como con consultores externos en materia contable, fiscal, legal, de negocios y de marketing. Los terceros a quienes se les transfieran sus datos personales deber\u00e1n asumir la obligaci\u00f3n de implementar las medidas necesarias para asegurar, mantener la confidencialidad y tratar sus datos personales, por lo menos, en las mismas condiciones que el Responsable establece en el presente aviso de privacidad &amp; cookies. Los terceros no podr\u00e1n hacer uso de sus datos personales para fines distintos a aquellos establecidos por la relaci\u00f3n contractual entre el Responsable y el tercero de que se trate. Si usted no manifiesta su oposici\u00f3n para que sus datos personales sean transferidos, se entender\u00e1 que ha otorgado su consentimiento para ello.<\/p>\n<p>El Responsable no vender\u00e1, ceder\u00e1 o transferir\u00e1 sus datos personales a terceros ajenos, sin su consentimiento previo. El Responsable ha adoptado las medidas de seguridad administrativas, t\u00e9cnicas y f\u00edsicas, necesarias para proteger sus datos personales contra da\u00f1o, p\u00e9rdida, alteraci\u00f3n, destrucci\u00f3n, el uso, acceso o tratamiento no autorizado.<strong>&nbsp;<\/strong>Sin embargo, toda transmisi\u00f3n de datos por Internet conlleva el riesgo de ser intervenida por lo que no puede considerarse completamente segura y por ende el Responsable no puede garantizar, pero har\u00e1 su mejor esfuerzo para que el tratamiento de sus datos personales se mantenga libre de todo da\u00f1o, p\u00e9rdida, alteraci\u00f3n, destrucci\u00f3n, el uso, acceso o tratamiento no autorizado.<\/p>\n<p>En cumplimiento de la Ley Federal de Protecci\u00f3n de Datos Personales en Posesi\u00f3n de los Particulares, le informamos que usted tiene derecho de acceder, rectificar y cancelar sus datos personales, as\u00ed como de oponerse al tratamiento de los mismos, a ser utilizados para las finalidades secundarias, a que sean transferidos o a revocar el consentimiento que para tal fin nos haya otorgado, a trav\u00e9s de los procedimientos que hemos implementado. Para conocer dichos procedimientos, los requisitos y plazos, se puede poner en contacto al correo electr\u00f3nico&nbsp;<a href=\"mailto:carmencampos@reprogramacionintegral.com\">carmencampos@reprogramacionintegral.com<\/a>&nbsp;El titular y en el caso de menores de edad, su padre, madre y\/o tutor, puede solicitar, limitar el uso o divulgaci\u00f3n de sus datos personales y sensibles, la solicitud deber\u00e1 contener, el nombre del titular, domicilio y correo electr\u00f3nico para comunicarle la respuesta a su solicitud, los documentos que acrediten la identidad, o en su caso la representaci\u00f3n legal del titular, La descripci\u00f3n clara y precisa de los datos personales respecto de los cuales quiere limitar su uso o divulgaci\u00f3n, Cualquier otro elemento o documento que facilite la localizaci\u00f3n de los datos personales correspondientes, La solicitud deber\u00e1 ser enviada al correo electr\u00f3nico<b>&nbsp;<\/b><u>carmencampos@reprogramacionintegral.com<\/u>&nbsp;Una vez hecho, en un plazo m\u00e1ximo de 20 d\u00edas le informaremos de la procedencia de dicha solicitud.<strong>&nbsp;<\/strong>La obligaci\u00f3n de dar acceso a la informaci\u00f3n se dar\u00e1 por cumplida cuando se pongan a disposici\u00f3n del titular los datos personales mediante la expedici\u00f3n de copias simples o por medios electr\u00f3nicos. La entrega de los datos ser\u00e1 gratuita, sin embargo, usted deber\u00e1 cubrir los gastos de env\u00edo o de reproducci\u00f3n en copias o en el formato en el que se entreguen.<\/p>\n<p>Nos reservamos el derecho a efectuar, en cualquier momento, modificaciones o actualizaciones al presente aviso de privacidad &amp; cookies, para la atenci\u00f3n de novedades legislativas, pol\u00edticas internas o nuevos requerimientos para la prestaci\u00f3n u ofrecimiento de los servicios. Estas modificaciones estar\u00e1n disponibles al p\u00fablico a trav\u00e9s de la p\u00e1gina de Internet https:\/\/reprogramacionintegral.com&nbsp; (secci\u00f3n aviso de privacidad &amp; cookies).<\/p>\n<p>Si usted considera que han sido vulnerados sus derechos respecto de la protecci\u00f3n de los datos personales, tiene el derecho de acudir a la autoridad correspondiente para defender su ejercicio. La autoridad es el Instituto Nacional de Transparencia, Acceso a la Informaci\u00f3n y Protecci\u00f3n de Datos Personales (INAI), su sitio web&nbsp;<a href=\"http:\/\/www.inai.org.mx\/\">www.inai.org.mx<\/a><\/p>\n<p>Fecha de emisi\u00f3n: 28 de julio de 2020.<\/p>\n<h4 style=\"text-align: center;\">\u00a9 2021 Reprogramaci\u00f3n Integral \u2013 Todos los derechos reservados<span style=\"color: rgb(255, 255, 255);\"><a href=\"https:\/\/reprogramacionintegral.com\/index.php\/politica-de-contratacion\/\" style=\"outline: none;\">Aviso Legal<\/a> \u2013 <a href=\"https:\/\/reprogramacionintegral.com\/index.php\/politica-de-privacidad-y-cookies\/\" target=\"_blank\" style=\"outline: none;\" rel=\"noopener\">Pol\u00edtica de privacidad <\/a>\u2013 <a href=\"https:\/\/reprogramacionintegral.com\/index.php\/politica-de-privacidad-y-cookies\/\" style=\"outline: none;\">Cookies<\/a>&nbsp;\u2013&nbsp;<a href=\"https:\/\/reprogramacionintegral.com\/index.php\/politica-de-contratacion\/\" style=\"outline: none;\">Contrataci\u00f3n<\/a><\/span><\/h4>\n","protected":false},"excerpt":{"rendered":"<p>Aviso de privacidad &amp; cookies,&nbsp;la protecci\u00f3n de sus datos personales es muy importante para nosotros, por tal raz\u00f3n con fundamento en los art\u00edculos 15 y 16 de la ley federal de protecci\u00f3n de datos personales en posesi\u00f3n de particulares, se hace de su conocimiento lo siguiente: Mar\u00eda del Carmen Campos Padilla (\u201cla responsable\u201d) con domicilio [&hellip;]<\/p>\n","protected":false},"author":1,"featured_media":0,"parent":0,"menu_order":0,"comment_status":"closed","ping_status":"closed","template":"","meta":[],"aioseo_notices":[],"_links":{"self":[{"href":"https:\/\/reprogramacionintegral.com\/index.php\/wp-json\/wp\/v2\/pages\/6299"}],"collection":[{"href":"https:\/\/reprogramacionintegral.com\/index.php\/wp-json\/wp\/v2\/pages"}],"about":[{"href":"https:\/\/reprogramacionintegral.com\/index.php\/wp-json\/wp\/v2\/types\/page"}],"author":[{"embeddable":true,"href":"https:\/\/reprogramacionintegral.com\/index.php\/wp-json\/wp\/v2\/users\/1"}],"replies":[{"embeddable":true,"href":"https:\/\/reprogramacionintegral.com\/index.php\/wp-json\/wp\/v2\/comments?post=6299"}],"version-history":[{"count":6,"href":"https:\/\/reprogramacionintegral.com\/index.php\/wp-json\/wp\/v2\/pages\/6299\/revisions"}],"predecessor-version":[{"id":7411,"href":"https:\/\/reprogramacionintegral.com\/index.php\/wp-json\/wp\/v2\/pages\/6299\/revisions\/7411"}],"wp:attachment":[{"href":"https:\/\/reprogramacionintegral.com\/index.php\/wp-json\/wp\/v2\/media?parent=6299"}],"curies":[{"name":"wp","href":"https:\/\/api.w.org\/{rel}","templated":true}]}}