{"id":6132,"date":"2021-07-18T04:29:08","date_gmt":"2021-07-18T09:29:08","guid":{"rendered":"https:\/\/reprogramacionintegral.com\/?page_id=6132"},"modified":"2025-05-25T01:44:52","modified_gmt":"2025-05-25T07:44:52","slug":"registro-curso-terapeutas-50","status":"publish","type":"page","link":"https:\/\/reprogramacionintegral.com\/index.php\/registro-curso-terapeutas-50\/","title":{"rendered":"Registro curso terapeutas 50%"},"content":{"rendered":"<a class=\"tcb-logo thrv_wrapper\" data-css=\"tve-u-17996b9e1f6\" data-img-style=\"\" class=\"\"><img src=\"https:\/\/reprogramacionintegral.com\/wp-content\/uploads\/2021\/05\/logo-extra-grande-2.png\" height=\"1080\" width=\"1920\" alt=\"\" style=\"\"><\/img><\/a>\n<h1 _msthash=\"972816\" _msthidden=\"1\" _msttexthash=\"407329\" style=\"text-align: center; color: rgb(69, 19, 227) !important; --tcb-applied-color:rgb(69, 19, 227)  !important;\"><em><span>CURSO<\/span> PARA TERAPEUTAS<\/em><\/h1>\n<h2 _msthash=\"972816\" _msthidden=\"1\" _msttexthash=\"407329\" style=\"text-align: center;\"><\/h2>\n<h2 _msthash=\"972816\" _msthidden=\"1\" _msttexthash=\"407329\" style=\"text-align: center;\"><em><span><span>&#8220;Expansi\u00f3n<\/span> <span>Profesional&#8221;<\/span><\/span><\/em><\/h2>\n<h2 _msthash=\"972816\" _msthidden=\"1\" _msttexthash=\"407329\" style=\"text-align: center;\"><em><span><span>Monetiza tu<\/span><span><span> <\/span><span><span><span><span><span>Conocimiento<\/span> <span>y<\/span><\/span> <\/span><span>tu<\/span><\/span><\/span> <span>Pasi\u00f3n<\/span><\/span><\/span><\/em><\/h2>\n<p _msthash=\"972816\" _msthidden=\"1\" _msttexthash=\"407329\" style=\"text-align: center;\">\n<p _msthash=\"972816\" _msthidden=\"1\" _msttexthash=\"407329\" style=\"text-align: center;\"><strong _msthash=\"2122758\" _msttexthash=\"522314\"> <\/strong><\/p>\n<p _msthash=\"972816\" _msthidden=\"1\" _msttexthash=\"407329\" style=\"text-align: center;\"><strong _msthash=\"2122760\" _msttexthash=\"4511169\"><strong>\u00bfSabes que tienes mucho para aportar pero solo&nbsp; llegan pocos clientes a tu consulta?&nbsp;<\/strong><\/strong><\/p>\n<p _msthash=\"972816\" _msthidden=\"1\" _msttexthash=\"407329\" style=\"text-align: center;\"><strong _msthash=\"2122760\" _msttexthash=\"4511169\">&nbsp;Quieres que tu mensaje llegue al mayor n\u00famero de personas y &nbsp;vivir de tu pasi\u00f3n&nbsp;<\/strong><\/p>\n<p _msthash=\"972816\" _msthidden=\"1\" _msttexthash=\"407329\" style=\"text-align: center;\"><strong>Logra sentirte pleno y satisfecho profesionalmente compartiendo tus dones y talentos &nbsp;viviendo &nbsp;de tu pasi\u00f3n<\/strong><\/p>\n<p _msthash=\"972816\" _msthidden=\"1\" _msttexthash=\"407329\" style=\"text-align: center;\"><span><span><b>Exp\u00e1ndete profesionalmente, aprendiendo a elevar la vibraci\u00f3n de tus Pensamientos y tus &nbsp;Emociones y volvi\u00e9ndote&nbsp;co-creador de tu vida&nbsp;<\/b><\/span><\/span><\/p>\n<p _msthash=\"972816\" _msthidden=\"1\" _msttexthash=\"407329\" style=\"text-align: center;\"><strong><span style=\"\">Incrementa tus Ingresos<\/span><\/strong><b>&nbsp;llevando tu consulta online a nivel mundial y&nbsp; ad\u00e1ptate &nbsp;f\u00e1cilmente a los cambios en tu vida profesional<\/b><\/p>\n<p _msthash=\"1074945\" _msttexthash=\"391846\" style=\"text-align: center;\"><strong>$10,000.00 pesos mexicanos<\/strong><\/p>\n<p _msthash=\"1074945\" _msttexthash=\"391846\" style=\"text-align: center;\"><strong>CUPO LIMITADO<\/strong><\/p>\n<p style=\"text-align: center; color: rgb(13, 13, 13) !important; --tcb-applied-color:rgb(13, 13, 13)  !important;\"><strong _msthash=\"3023137\" _msttexthash=\"171054\"><span>CURSO ONLINE PARA TERAPEUTAS<\/span><\/strong><\/p>\n<p style=\"text-align: center; color: rgb(13, 13, 13) !important; --tcb-applied-color:rgb(13, 13, 13)  !important;\"><span style=\"font-size: 18px;\"><strong _msthash=\"3023137\" _msttexthash=\"328224\"><span style=\"color: rgba(220, 14, 164, 0.88);\">12 Semanas de duraci\u00f3n<\/span><\/strong><\/span><\/p>\n<p style=\"text-align: center;\"><span><span style=\"font-size: 18px;\"><strong _msthash=\"3023137\" _msttexthash=\"98735\">8 M\u00f3dulos<\/strong><\/span><\/span><\/p>\n<p style=\"text-align: center; color: rgb(13, 13, 13) !important; --tcb-applied-color:rgb(13, 13, 13)  !important;\"><span style=\"color: rgba(220, 14, 164, 0.88);\"><span style=\"font-size: 18px;\"><strong _msthash=\"3023137\" _msttexthash=\"183716\">12 Webinars<\/strong><\/span><\/span><\/p>\n<p _msthash=\"972816\" _msthidden=\"1\" _msttexthash=\"407329\" style=\"text-align: center;\"><strong _msthash=\"2122765\" _msttexthash=\"251628\">\u00bfQU\u00c9 VAS A OBTENER?<\/strong><\/p>\n<p style=\"text-align: center;\"><strong>Acceso a 8 m\u00f3dulos en total con &nbsp;m\u00e1s de 40 videos creados por mi misma, que podr\u00e1s ver a la hora y el d\u00eda que desees.<\/strong><\/p>\n<p style=\"text-align: center; color: rgba(220, 14, 164, 0.88) !important; --tcb-applied-color:rgba(220, 14, 164, 0.88)  !important;\"><strong>4 m\u00f3dulos exclusivos para programaci\u00f3n mental positiva, en donde te mostrare paso a paso t\u00e9cnicas, herramientas y ejercicios para poner la &nbsp;mente y el &nbsp;coraz\u00f3n en coherencia y alinearlos &nbsp;con lo que deseas lograr.&nbsp;<\/strong><\/p>\n<p style=\"text-align: center;\"><strong>4 m\u00f3dulos exclusivos &nbsp;para que aprendas a crear y gestionar tu p\u00e1gina web y tus landing pages o p\u00e1ginas de venta que te ayudar\u00e1n &nbsp;a tener &nbsp;presencia a nivel mundial, &nbsp;te &nbsp;compartir\u00e9 las herramientas y conocimientos que yo utilice para lograr hacerlo por mi misma, &nbsp; te llevare de la mano para que tu tambi\u00e9n puedas hacerlo.<\/strong><\/p>\n<p style=\"text-align: center;\"><b>12 Webinars por zoom para resolver dudas y quedar\u00e1n grabados para que puedas acceder a ellos cuando lo desees.<\/b><\/p>\n<p style=\"text-align: center;\"><b>Asesor\u00eda<\/b><strong>&nbsp;personalizada via WhatsApp y por zoom<\/strong><\/p>\n<p style=\"text-align: center;\"><strong>Paquete de &nbsp;Meditaciones de Programaci\u00f3n Mental Positiva, &nbsp;que te ayudaran a conectar con la confianza y seguridad en ti que necesitas para Monetizar tu Conocimiento y tu Pasi\u00f3n.<\/strong><\/p>\n<p style=\"text-align: center;\"><strong>Material de Trabajo en donde te comparto &nbsp;herramientas y conocimientos &nbsp;para que aprendas a programar una mente positiva y transformar emociones des-energizantes &nbsp;desde la ra\u00edz, para que no solo &nbsp;lo hagas en ti sino que lo integres en tu consulta.<\/strong><\/p>\n<p style=\"text-align: center;\"><strong><b>Aprender\u00e1s a crear a<span>rmon\u00eda entre la mente y el coraz\u00f3n y &nbsp;a materializar en coherencia<\/span><\/b><\/strong><\/p>\n<p style=\"text-align: center;\"><strong><b><span><\/span><\/b>&nbsp;<strong><span style=\"color: rgb(69, 19, 227);\">Podr\u00e1s ir a la ra\u00edz de tus creencias limitantes y proyecciones mentales negativas que te impiden manifiesta lo que deseas en cada \u00e1rea de tu vida.<\/span><\/strong><\/strong><\/p>\n<p style=\"text-align: center;\"><strong><strong><span style=\"\"><span style=\"\">Te guiar\u00e9 para que identifiques a tu cliente Ideal y c\u00f3mo hacer que se interese en tu producto o servic<\/span>io<\/span><\/strong><\/strong><\/p>\n<p style=\"text-align: center;\"><strong><strong><span style=\"\">Te ense\u00f1ar\u00e9 a segmentar cada uno de tus productos o servicios para que puedas dirigirlos a tu cliente Ideal.<\/span><\/strong><\/strong><\/p>\n<p style=\"text-align: center;\"><strong><strong><span style=\"\">Aprender\u00e1s a crear el copywriting de tus landing pages para llamar la atenci\u00f3n de tu potencial cliente y hacer que desee adquirir tu producto o servicio.<\/span><\/strong><\/strong><\/p>\n<p style=\"text-align: center;\"><strong><strong><span style=\"\"><strong><span style=\"\"><span style=\"\">Podr\u00e1s crear tu propio m\u00e9todo y &nbsp;ser un &nbsp;referente en tu Especialidad<\/span><\/span><\/strong><\/span><\/strong><\/strong><\/p>\n<p style=\"text-align: center;\"><strong><b>Te compartir\u00e9 las&nbsp;<span style=\"\">herramientas y los conocimientos que me permitieron &nbsp;crear y gestionar por mi misma mi sitio web y mis p\u00e1ginas de aterrizaje, para que tu puedas hacerlo tambi\u00e9n<\/span><\/b><\/strong><\/p>\n<p style=\"text-align: center;\"><strong><b><span><strong>Te compartir\u00e9 &nbsp;las plantillas de mi p\u00e1gina web para que las instales en tu sitio web y &nbsp;solamente tengas que cambiar los textos y las im\u00e1genes&nbsp;&nbsp;<\/strong><\/span><\/b><\/strong><\/p>\n<p style=\"text-align: center;\">\n<h5 _msthash=\"972816\" _msthidden=\"1\" _msttexthash=\"407329\" style=\"text-align: center;\">TEMARIO<\/h5>\n<p _msthash=\"972816\" _msthidden=\"1\" _msttexthash=\"407329\" style=\"text-align: center;\"><strong><span style=\"color: rgb(0, 0, 0);\"><strong>PROGRAMACI\u00d3N MENTAL POSITIVA<\/strong><\/span><\/strong><\/p>\n<p _msthash=\"972816\" _msthidden=\"1\" _msttexthash=\"407329\" style=\"text-align: center;\"><strong><span style=\"color: rgb(0, 0, 0);\">M\u00f3dulo 1<\/span><\/strong><\/p>\n<ul>\n<li><span>Origen de las Creencias Limitantes y &nbsp;Proyecciones Mentales Negativas&nbsp;<\/span><\/li>\n<li><span>Clarifica tu Intenci\u00f3n<\/span><\/li>\n<li><span>El poder de la Meditaci\u00f3n&nbsp;<\/span><\/li>\n<li><span>Libera Creencias Limitantes de tu Sistema Familiar<\/span><\/li>\n<li><span>Libera Creencias Limitantes de tu entorno&nbsp;<\/span><\/li>\n<li><span>Identifica y transforma de Creencias Limitantes de experiencias &nbsp;del pasado<\/span><\/li>\n<li><span>Identifica tus&nbsp; Proyecciones Mentales Negativas&nbsp;<\/span><\/li>\n<li><span>Cancelaci\u00f3n de&nbsp; Creencias Limitantes y Proyecciones Mentales Negativas&nbsp;<\/span><\/li>\n<\/ul>\n<p style=\"text-align: center;\"><strong><span style=\"color: rgb(0, 0, 0);\">M\u00f3dulo 2<\/span><\/strong><\/p>\n<ul>\n<li><span>Sanando desde la ra\u00edz heridas emocionales<\/span><\/li>\n<li><span>Liberaci\u00f3n de Emociones des-energizantes de Experiencias del pasado<\/span><\/li>\n<li><span>C\u00f3mo trabajar con tu Intenci\u00f3n para que se manifieste<\/span><\/li>\n<li>Afirmaciones Positivas<\/li>\n<li>Pasos para programar Afirmaciones Positivas<\/li>\n<li><span>Programa Creencias Potenciadoras y Emociones enaltecedoras&nbsp;<\/span><\/li>\n<\/ul>\n<p style=\"text-align: center;\"><strong><span style=\"color: rgb(0, 0, 0);\">M\u00f3dulo 3<\/span><\/strong><\/p>\n<ul>\n<li style=\"text-align: left;\"><span style=\"color: rgb(0, 0, 0);\">El poder de la visualizaci\u00f3n<\/span><\/li>\n<li style=\"text-align: left;\"><span style=\"color: rgb(0, 0, 0);\">Requisitos para Crear con Conciencia&nbsp;<\/span><\/li>\n<li style=\"text-align: left;\"><span style=\"color: rgb(0, 0, 0);\">Identifica y Re-conecta con tu Misi\u00f3n de vida<\/span><\/li>\n<li style=\"text-align: left;\"><span style=\"color: rgb(0, 0, 0);\">Capacidades Profesionales y &nbsp;Dones<\/span><\/li>\n<li style=\"text-align: left;\"><span style=\"color: rgb(0, 0, 0);\">Claves para manifestar tu Intenci\u00f3n<\/span><\/li>\n<li style=\"text-align: left;\"><span>Identifica tus Reacciones Autom\u00e1ticas y c\u00f3mo transformarlas<\/span><\/li>\n<\/ul>\n<p style=\"text-align: center;\"><strong><span style=\"color: rgb(0, 0, 0);\">M\u00f3dulo 4<\/span><\/strong><\/p>\n<ul>\n<li style=\"text-align: left;\"><span style=\"color: rgb(0, 0, 0);\">El Auto-sabotaje<\/span><\/li>\n<li style=\"text-align: left;\"><span style=\"color: rgb(0, 0, 0);\">Pasos para dejar de Auto-sabotearte<\/span><\/li>\n<li style=\"text-align: left;\"><span style=\"color: rgb(0, 0, 0);\">Pon tu mente y tu coraz\u00f3n en coherencia con tu Intenci\u00f3n<\/span><\/li>\n<li style=\"text-align: left;\"><span style=\"color: rgb(0, 0, 0);\">Armoniza y equilibra tus centros de energ\u00eda<\/span><\/li>\n<li style=\"text-align: left;\"><span style=\"color: rgb(0, 0, 0);\">Activa tu poder de acci\u00f3n<\/span><\/li>\n<\/ul>\n<p style=\"text-align: center;\">\n<p style=\"text-align: center;\">\n<p style=\"text-align: center;\"><strong>EXPANDETE PROFESIONALMENTE<\/strong><\/p>\n<p style=\"text-align: center;\"><strong>Monetiza tus Conocimientos y tu Pasi\u00f3n<\/strong><\/p>\n<p style=\"text-align: center;\"><strong>&nbsp;M\u00f3dulo 5<\/strong><\/p>\n<p style=\"text-align: center;\"><strong>\u00bfCu\u00e1l es tu Mensaje y a qui\u00e9n va dirigido?<\/strong><\/p>\n<ul>\n<li style=\"text-align: left;\">Identifica a tu Cliente Ideal<\/li>\n<li style=\"text-align: left;\">Crea un Producto o Servicio Irresistible<\/li>\n<li style=\"text-align: left;\">La importancia de la Segmentaci\u00f3n y La Especializaci\u00f3n<\/li>\n<li style=\"text-align: left;\">Define tu Nicho y tu Mensaje<\/li>\n<\/ul>\n<p style=\"text-align: center;\"><strong>M\u00f3dulo 6<\/strong><\/p>\n<p style=\"text-align: center;\"><strong>Fundamentos para la creaci\u00f3n de un Sitio Web<\/strong><\/p>\n<ul>\n<li style=\"\">Servicios b\u00e1sicos para crear tu sitio Web<\/li>\n<li style=\"\">Elige el mejor nombre para tu sitio web<\/li>\n<li style=\"\">Eligiendo tu hosting<\/li>\n<li style=\"\">Aspectos a tomar en cuenta antes de contratar tu hosting<\/li>\n<li style=\"\">WordPress como tu gestor de contenido<\/li>\n<li style=\"\">Thrive Architect como Editor Visual&nbsp;<\/li>\n<li style=\"\">Elementos Indispensables en una P\u00e1gina de Inicio<\/li>\n<\/ul>\n<p style=\"text-align: center;\"><strong>M\u00f3dulo 7<\/strong><\/p>\n<p style=\"text-align: center;\"><strong>Crea y gestiona tu Sitio web<\/strong><\/p>\n<ul>\n<li style=\"\">Crea tu p\u00e1gina de Inicio&nbsp;<\/li>\n<li style=\"\">Crea tus propias plantillas<\/li>\n<li style=\"\">Instalaci\u00f3n de bot\u00f3n de WhatsApp en tu web<\/li>\n<li style=\"\">&nbsp;Herramienta de E-mail Marketing&nbsp;<\/li>\n<li style=\"\">Lead magnet<\/li>\n<li style=\"\">Pol\u00edtica de Privacidad<\/li>\n<\/ul>\n<p style=\"text-align: center;\"><strong>M\u00f3dulo 8<\/strong><\/p>\n<p style=\"text-align: center;\"><strong>Tu Web Minima Viable y tus P\u00e1ginas de Aterrizaje<\/strong><\/p>\n<ul>\n<li style=\"text-align: left;\">Crea tu p\u00e1gina de Servicios<\/li>\n<li style=\"text-align: left;\">Crea tu p\u00e1gina de Contacto<\/li>\n<li style=\"text-align: left;\">Crea tu p\u00e1gina de Qui\u00e9n soy<\/li>\n<li style=\"text-align: left;\">Crea tus p\u00e1ginas de Aterrizaje<\/li>\n<li style=\"text-align: left;\">Crea tu blog<\/li>\n<\/ul>\n<p _msthash=\"972816\" _msttexthash=\"407329\" _msthidden=\"1\" style=\"text-align: center;\"><strong>ESTE CURSO ES PARA TI S\u00cd:<\/strong><\/p>\n<\/p>\n<ul>\n<li _msthash=\"805714\" _msttexthash=\"2664012\" style=\"text-align: left;\">Quieres monetizar tu mensaje<\/li>\n<li style=\"text-align: left;\">Estas comprometido con tu crecimiento y evoluci\u00f3n profesional<\/li>\n<li _msthash=\"805715\" _msttexthash=\"2752581\" style=\"text-align: left;\">Quieres expandirte profesionalmente y salir de tu zona de confort<\/li>\n<li style=\"text-align: left;\">Quieres conectar con la abundancia econ\u00f3mica compartiendo tus dones y conocimientos<\/li>\n<li style=\"text-align: left;\">Quieres seguir avanzando y creciendo profesionalmente<\/li>\n<li style=\"text-align: left;\">No tienes el n\u00famero de clientes de manera constante que deseas<\/li>\n<li _msthash=\"805722\" _msttexthash=\"3991364\" style=\"text-align: left;\">Quieres posicionarte como experto en tu sector y diferenciarte de tu competencia<\/li>\n<\/ul>\n<p _msthash=\"972816\" _msthidden=\"1\" _msttexthash=\"407329\" style=\"text-align: center;\">\n<h2 style=\"\"><span><strong><span><span _msthash=\"825423\" _msttexthash=\"952042\"><span>Conoce algunos<\/span> <span>testimonios&nbsp;<\/span><\/span><\/span><\/strong><\/span><\/h2>\n<p _msthash=\"972816\" _msttexthash=\"407329\" _msthidden=\"1\" style=\"text-align: center;\"><strong _msthash=\"573404\" _msttexthash=\"2276742\">Para cualquier duda o informaci\u00f3n cont\u00e1ctame por WhatsApp o env\u00edame un e-mail<\/strong><\/p>\n<p><span><img decoding=\"async\" alt=\"\" data-id=\"41617\" width=\"175\" data-init-width=\"175\" height=\"137\" data-init-height=\"137\" title=\"Quotation_marks_image_white-opaque\" src=\"https:\/\/lp-build.thrivethemes.com\/wp-content\/uploads\/2019\/04\/Quotation_marks_image_white-opaque.png\" data-width=\"175\" data-height=\"137\" style=\"\" loading=\"lazy\"><\/span><a href=\"https:\/\/wa.me\/525532336912?text=\" target=\"_blank\" rel=\"noopener\">                    <\/a><\/p>\n<p style=\"text-align: center;\"><a href=\"https:\/\/wa.me\/525532336912?text=\" target=\"_blank\" rel=\"noopener\">525532336912<\/a><\/p>\n<p><a href=\"mailto:carmencampos@menteatufavor.com\" target=\"_blank\" rel=\"noopener\">                    <\/a><\/p>\n<p style=\"text-align: center;\"><a href=\"mailto:carmencampos@menteatufavor.com\" target=\"_blank\" style=\"outline: none;\" rel=\"noopener\">carmencampos@menteatufavor.com<\/a><\/p>\n<p _msthash=\"972816\" _msthidden=\"1\" _msttexthash=\"407329\" style=\"text-align: center;\"><a href=\"https:\/\/reprogramacionintegral.com\/index.php\/promocion-50\/?preview=true\" target=\"_blank\" style=\"outline: none;\" rel=\"noopener\"><strong><span style=\"font-size: 24px;\">&gt;&gt;<\/span><\/strong>Regresar<strong><span style=\"font-size: 24px;\">&lt;&lt;<\/span><\/strong><\/a><\/p>\n<h4 _msthash=\"825812\" _msttexthash=\"40140412\" style=\"text-align: center;\"><span>\u00a9 2023 Reprogramaci\u00f3n Integral \u2013<\/span><span><span>Todos los derechos<\/span> <span>reservados<\/span><\/span><\/h4>\n<h4 _msthash=\"825812\" _msttexthash=\"40140412\" style=\"text-align: center;\"><span _istranslated=\"1\"><span><span> <a href=\"https:\/\/reprogramacionintegral.com\/index.php\/aviso-legal\/\" style=\"outline: none;\" _istranslated=\"1\"> Aviso Legal<\/a> \u2013 <a href=\"https:\/\/reprogramacionintegral.com\/index.php\/politica-de-privacidad-y-cookies\/\" target=\"_blank\" style=\"outline: none;\" _istranslated=\"1\" rel=\"noopener\">Pol\u00edtica de Privacidad <\/a>\u2013 <a href=\"https:\/\/reprogramacionintegral.com\/index.php\/politica-de-privacidad-y-cookies\/\" style=\"outline: none;\" _istranslated=\"1\">Cookies<\/a> \u2013 <\/span><\/span><a href=\"https:\/\/reprogramacionintegral.com\/index.php\/politica-de-contratacion\/\" style=\"outline: none;\" _istranslated=\"1\"><span>Contrataci\u00f3n<\/span><\/a> <\/span><\/h4>\n","protected":false},"excerpt":{"rendered":"<p>CURSO PARA TERAPEUTAS &#8220;Expansi\u00f3n Profesional&#8221; Monetiza tu Conocimiento y tu Pasi\u00f3n \u00bfSabes que tienes mucho para aportar pero solo&nbsp; llegan pocos clientes a tu consulta?&nbsp; &nbsp;Quieres que tu mensaje llegue al mayor n\u00famero de personas y &nbsp;vivir de tu pasi\u00f3n&nbsp; Logra sentirte pleno y satisfecho profesionalmente compartiendo tus dones y talentos &nbsp;viviendo &nbsp;de tu pasi\u00f3n [&hellip;]<\/p>\n","protected":false},"author":1,"featured_media":0,"parent":0,"menu_order":0,"comment_status":"closed","ping_status":"closed","template":"","meta":[],"aioseo_notices":[],"_links":{"self":[{"href":"https:\/\/reprogramacionintegral.com\/index.php\/wp-json\/wp\/v2\/pages\/6132"}],"collection":[{"href":"https:\/\/reprogramacionintegral.com\/index.php\/wp-json\/wp\/v2\/pages"}],"about":[{"href":"https:\/\/reprogramacionintegral.com\/index.php\/wp-json\/wp\/v2\/types\/page"}],"author":[{"embeddable":true,"href":"https:\/\/reprogramacionintegral.com\/index.php\/wp-json\/wp\/v2\/users\/1"}],"replies":[{"embeddable":true,"href":"https:\/\/reprogramacionintegral.com\/index.php\/wp-json\/wp\/v2\/comments?post=6132"}],"version-history":[{"count":95,"href":"https:\/\/reprogramacionintegral.com\/index.php\/wp-json\/wp\/v2\/pages\/6132\/revisions"}],"predecessor-version":[{"id":8358,"href":"https:\/\/reprogramacionintegral.com\/index.php\/wp-json\/wp\/v2\/pages\/6132\/revisions\/8358"}],"wp:attachment":[{"href":"https:\/\/reprogramacionintegral.com\/index.php\/wp-json\/wp\/v2\/media?parent=6132"}],"curies":[{"name":"wp","href":"https:\/\/api.w.org\/{rel}","templated":true}]}}