{"id":6062,"date":"2021-07-18T03:24:34","date_gmt":"2021-07-18T08:24:34","guid":{"rendered":"https:\/\/reprogramacionintegral.com\/?page_id=6062"},"modified":"2025-10-29T17:50:51","modified_gmt":"2025-10-29T23:50:51","slug":"promocion-50","status":"publish","type":"page","link":"https:\/\/reprogramacionintegral.com\/index.php\/promocion-50\/","title":{"rendered":"Promoci\u00f3n 50%"},"content":{"rendered":"<a class=\"tcb-logo thrv_wrapper\" data-css=\"tve-u-17b5a7219dc\" data-img-style=\"\" class=\"\"><img src=\"https:\/\/reprogramacionintegral.com\/wp-content\/uploads\/2021\/05\/logo-extra-grande-2.png\" height=\"1080\" width=\"1920\" alt=\"\" style=\"\"><\/img><\/a>\n<h1 _msthash=\"1056640\" _msthidden=\"1\" _msttexthash=\"407329\" style=\"text-align: center;\"><em><strong>MENTE A TU FAVOR<\/strong><\/em><\/h1>\n<h2 _msthash=\"1056640\" _msthidden=\"1\" _msttexthash=\"407329\" style=\"text-align: center;\"><strong><em>Eleva la Vibraci\u00f3n de tus Pensamientos y Emociones<\/em><\/strong><\/h2>\n<h2 _msthash=\"1056640\" _msthidden=\"1\" _msttexthash=\"407329\" style=\"text-align: center;\"><em><strong>Manifiesta lo que deseas en cada \u00e1rea de tu vida<\/strong><\/em><\/h2>\n<h1 style=\"text-align: center;\"><\/h1>\n<h1 style=\"text-align: center;\"><strong><span _msthash=\"825448\" _msttexthash=\"231179\" style=\"\">E-book<\/span><\/strong><\/h1>\n<h1 style=\"text-align: center;\"><strong><span _msthash=\"825448\" _msttexthash=\"231179\" style=\"\">Antidepresivos Naturales&nbsp;<\/span><\/strong><\/h1>\n<p><strong><span _msthash=\"825448\" _msttexthash=\"231179\" style=\"\"><\/span><\/strong><\/p>\n<h1 style=\"text-align: center;\"><\/h1>\n<p><span><img decoding=\"async\" alt=\"\" data-id=\"7246\" width=\"512\" data-init-width=\"512\" height=\"800\" data-init-height=\"800\" title=\"E-book Portada.\" src=\"https:\/\/reprogramacionintegral.com\/wp-content\/uploads\/2021\/09\/E-book-Portada..png\" data-width=\"512\" data-height=\"800\" loading=\"lazy\"><\/span><\/p>\n<p _msthash=\"1056640\" _msthidden=\"1\" _msttexthash=\"407329\" style=\"text-align: center;\">Los Antidepresivos Naturales son una serie de acciones a realizar diariamente que facilitan al cerebro la producci\u00f3n de sustancias como las endorfinas que &nbsp;ayudan a recuperar el &nbsp;bienestar y la energ\u00eda vital.<\/p>\n<p _msthash=\"1056640\" _msthidden=\"1\" _msttexthash=\"407329\" style=\"text-align: center;\">Los antidepresivos naturales son herramientas que te ayudan a conectar con sentimientos energizantes y potenciadores, como el amor, el aprecio y la gratitud, todos estos sentimientos ayudan a elevar la vibraci\u00f3n de la persona lo que apoya a que se afronten de una mejor manera las situaciones que se presentan en la vida diaria.&nbsp;<\/p>\n<p _msthash=\"1056640\" _msthidden=\"1\" _msttexthash=\"407329\" style=\"text-align: center;\">$145.00 MXN<\/p>\n<h1 style=\"text-align: center;\"><\/h1>\n<h1 style=\"text-align: center;\"><strong><span _msthash=\"825448\" _msttexthash=\"231179\">SERIE DE AUDIOS DE PROGRAMACI\u00d3N MENTAL POSITIVA<\/span><\/strong><\/h1>\n<h1 style=\"text-align: center;\"><\/h1>\n<p><span><img decoding=\"async\" alt=\"\" data-id=\"7123\" width=\"761\" data-init-width=\"1920\" height=\"428\" data-init-height=\"1080\" title=\"AUTOESTIMA\" src=\"https:\/\/reprogramacionintegral.com\/wp-content\/uploads\/2021\/08\/AUTOESTIMA.png\" data-width=\"761\" data-height=\"428\" loading=\"lazy\"><\/span><\/p>\n<p _msthash=\"1056640\" _msthidden=\"1\" _msttexthash=\"407329\" style=\"\">Serie de 5 Audios de programaci\u00f3n mental positiva, en los que te guiare para <strong>Elevar tu Autoestima&nbsp;<\/strong>en el \u00e1rea personal y en el \u00e1rea &nbsp;profesional, a programar tu mente de tal manera que puedas <strong>comunicar tus emociones y necesidades de manera coherente<\/strong>, a <strong>c<\/strong><strong>ontactar con el amor hacia ti, el merecimiento de todo lo bueno, el respeto, la val\u00eda<\/strong> e integres una nueva forma de relacionarte contigo y con los dem\u00e1s.<\/p>\n<p _msthash=\"1056640\" _msthidden=\"1\" _msttexthash=\"407329\" style=\"text-align: center;\">$555.00 MXN<\/p>\n<p><span><img decoding=\"async\" alt=\"\" data-id=\"7124\" width=\"693\" data-init-width=\"1920\" height=\"390\" data-init-height=\"1080\" title=\"MANIFIESTA\" src=\"https:\/\/reprogramacionintegral.com\/wp-content\/uploads\/2021\/08\/MANIFIESTA.png\" data-width=\"693\" data-height=\"390\" loading=\"lazy\"><\/span><\/p>\n<p _msthash=\"1056640\" _msttexthash=\"407329\" _msthidden=\"1\" style=\"\">Programa una mente positiva a trav\u00e9s de esta serie de 4 Audios que te ayudar\u00e1n a <strong>manifestar tu Intenci\u00f3n<\/strong>, poniendo tu coraz\u00f3n y tu mente en coherencia para que&nbsp;<strong>dirijas tu vida hacia donde realmente deseas ir<\/strong>, &nbsp;reconociendo tus miedos y aun con ellos <strong>avanzar hacia tu meta<\/strong>, accediendo al campo de las multiples posibilidades.<\/p>\n<p _msthash=\"1056640\" _msttexthash=\"407329\" _msthidden=\"1\" style=\"text-align: center;\">$422.00 MXN<\/p>\n<p><span><img decoding=\"async\" alt=\"\" data-id=\"7157\" width=\"761\" data-init-width=\"1920\" height=\"428\" data-init-height=\"1080\" title=\"VIBRA EN ABUN\" src=\"https:\/\/reprogramacionintegral.com\/wp-content\/uploads\/2021\/09\/VIBRA-EN-ABUN.png\" data-width=\"761\" data-height=\"428\" loading=\"lazy\"><\/span><\/p>\n<p _msthash=\"1056640\" _msttexthash=\"407329\" _msthidden=\"1\" style=\"text-align: center;\"><strong>Vibra en abundancia econ\u00f3mica<\/strong>, eleva la vibraci\u00f3n de tus pensamientos y tus emociones, <strong>transforma las creencias limitantes de tu sistema familiar que te conectan con la carencia,<\/strong> sana la relaci\u00f3n con tu padre y con el dinero, accede a estos 5 Audios en donde te llevar\u00e9 de la mano para que te <strong>re-conectes con la energ\u00eda proveedora del universo.<\/strong><\/p>\n<p _msthash=\"1056640\" _msttexthash=\"407329\" _msthidden=\"1\" style=\"text-align: center;\">$555.00 MXN<\/p>\n<p><span style=\"\"><img decoding=\"async\" alt=\"\" data-id=\"1735\" width=\"571\" data-init-width=\"800\" height=\"380\" data-init-height=\"533\" title=\"\" src=\"https:\/\/reprogramacionintegral.com\/wp-content\/uploads\/2020\/07\/Canva-null.jpg\" data-width=\"571\" data-height=\"380\" style=\"\" mt-m=\"-0.921999999999997\" ml-m=\"-1.6410000000000196\" mt-d=\"-0.42200000000002547\" ml-d=\"-0.8909999999999627\" center-h-d=\"false\" loading=\"lazy\"><\/span><\/p>\n<p>.<\/p>\n<p _msthash=\"1056640\" _msthidden=\"1\" _msttexthash=\"407329\" style=\"text-align: center;\">A trav\u00e9s de esta serie de 3 Audios te llevar\u00e9 de la mano para que <strong>Transformes Emociones des-energizantes de Experiencias dolorosas de tu pasado<\/strong>, te guiar\u00e9 para <strong>Liberar Creencias Limitantes <\/strong>que hayas tomado de tu Sistema Familiar o de tu Entorno, que te est\u00e9n impidiendo M<strong>anifestar lo que deseas en cada \u00e1rea de tu vida.<\/strong><\/p>\n<p _msthash=\"1056640\" _msthidden=\"1\" _msttexthash=\"407329\" style=\"text-align: center;\">$339.00 MXN<\/p>\n<h1 style=\"text-align: center;\"><\/h1>\n<h1 style=\"text-align: center;\"><strong><span _msthash=\"825448\" _msttexthash=\"231179\" style=\"\">CURSOS ONLINE&nbsp;<\/span><\/strong><\/h1>\n<h1 style=\"text-align: center;\"><\/h1>\n<p _msthash=\"1056640\" _msthidden=\"1\" _msttexthash=\"407329\" style=\"text-align: center;\"><strong>CURSO PROGRAMACI\u00d3N MENTAL POSITIVA<\/strong><\/p>\n<p _msthash=\"1056640\" _msthidden=\"1\" _msttexthash=\"407329\" style=\"text-align: center;\">Utiliza tu mente a tu favor<\/p>\n<p _msthash=\"1056640\" _msthidden=\"1\" _msttexthash=\"407329\" style=\"text-align: center;\"><strong>Convi\u00e9rtete en &nbsp;Co-creador de tu vida<\/strong><\/p>\n<p><span><img decoding=\"async\" alt=\"\" data-id=\"4606\" width=\"393\" data-init-width=\"1280\" height=\"221\" data-init-height=\"720\" title=\"Foto-conexi\u00f3n-glandula-pineal\" src=\"https:\/\/reprogramacionintegral.com\/wp-content\/uploads\/2021\/05\/Foto-conexion-glandula-pineal.jpg\" data-width=\"393\" data-height=\"221\" style=\"\" mt-d=\"0\" loading=\"lazy\"><\/span><\/p>\n<p _msthash=\"804403\" _msttexthash=\"1246544\" style=\"text-align: center;\"><strong>Todo es energ\u00eda<\/strong><\/p>\n<p _msthash=\"804403\" _msttexthash=\"1246544\" style=\"text-align: center;\"><strong>lo que pensamos, sentimos y creemos<\/strong><\/p>\n<p _msthash=\"804403\" _msttexthash=\"1246544\" style=\"text-align: center;\"><strong>tiene una frecuencia de vibraci\u00f3n que determina nuestra vida<\/strong><\/p>\n<p _msthash=\"804403\" _msttexthash=\"1246544\" style=\"text-align: center;\"><strong>UTILIZA TU MENTE A TU FAVOR<\/strong><strong>y <\/strong><strong>RECONECTATE CON TU PODER&nbsp;<\/strong><\/p>\n<p _msthash=\"804403\" _msttexthash=\"1246544\" style=\"text-align: center;\"><strong>Elige tus Pensamientos y tus Emociones con consciencia<\/strong><\/p>\n<p><span><img decoding=\"async\" alt=\"\" data-id=\"4812\" width=\"1400\" data-init-width=\"800\" height=\"567\" data-init-height=\"324\" title=\"Canva-null-1\" src=\"https:\/\/reprogramacionintegral.com\/wp-content\/uploads\/2021\/05\/Canva-null-1.jpg\" data-width=\"1400\" data-height=\"567\" ml-m=\"-1\" style=\"\" loading=\"lazy\"><\/span><\/p>\n<p _msthash=\"1382753\" _msttexthash=\"61014135\" style=\"text-align: center;\"><span>Utilizando el m\u00e9todo&nbsp;<\/span><\/p>\n<p _msthash=\"1382753\" _msttexthash=\"61014135\" style=\"text-align: center;\"><span><span><span>Reprogramaci\u00f3n<strong _istranslated=\"1\"> <\/strong> Integral, podr\u00e1<\/span>s <\/span><\/span><\/p>\n<p _msthash=\"1382753\" _msttexthash=\"61014135\" style=\"text-align: center;\"><span><strong><span>ir a la ra\u00edz de tu problema<\/span><\/strong> <\/span><\/p>\n<p _msthash=\"1382753\" _msttexthash=\"61014135\" style=\"text-align: center;\"><span>&nbsp;<span>Identificar y transformar pensamientos, creencias y sentimientos limitantes que te impiden <strong>lograr lo que deseas en cada \u00e1rea de tu vida<\/strong><\/span><\/span><\/p>\n<p _msthash=\"1382753\" _msttexthash=\"61014135\" style=\"text-align: center;\"><span><span>Dejar de auto-sabotearte y empezar a<\/span><\/span><\/p>\n<p _msthash=\"1382753\" _msttexthash=\"61014135\" style=\"text-align: center;\"><span><span>&nbsp;<strong>p<\/strong><\/span><\/span><span><span><strong>ensar, sentir y actuar en coherencia<\/strong>&nbsp;<\/span><\/span><\/p>\n<p _msthash=\"1382753\" _msttexthash=\"61014135\" style=\"text-align: center;\"><span><span><span> Aprender\u00e1s a&nbsp;<\/span><strong><span>relacionarte de manera<\/span> <span>armoniosa contigo y con los dem\u00e1s<\/span><\/strong><\/span><strong><span _istranslated=\"1\">&nbsp;<\/span> <\/strong><\/span><\/p>\n<p style=\"text-align: center; font-size: 20px !important;\"><span><span>&nbsp;<\/span><\/span><\/p>\n<p style=\"text-align: center;\"><span><span style=\"color: rgba(254, 250, 253, 0.88);\"><\/span><\/span><span><span><strong><span><span style=\"color: rgb(249, 249, 251);\">Ponte en resonancia con tus Talentos y Cualidades Positivas&nbsp;<\/span><\/span><\/strong><\/span><\/span><\/p>\n<p style=\"text-align: center;\"><span><span><strong><span><span style=\"color: rgb(249, 249, 251);\">Re-con\u00e9ctate con la mejor versi\u00f3n de ti<\/span><\/span><\/strong><\/span><\/span><\/p>\n<p style=\"text-align: center;\"><span><span><strong><span><span style=\"color: rgb(249, 249, 251);\">&nbsp;Manifiesta lo que deseas<\/span><\/span><\/strong><\/span><\/span><\/p>\n<p style=\"text-align: center;\"><span><span><strong><span><span style=\"color: rgb(249, 249, 251);\">y<\/span><\/span><\/strong><\/span><\/span><\/p>\n<p style=\"text-align: center;\"><span><span><strong><span><span style=\"color: rgb(249, 249, 251);\">Siente la satisfacci\u00f3n y Plenitud en tu vida&nbsp;<\/span><span style=\"color: rgba(254, 250, 253, 0.88);\"><\/span> <\/span><\/strong><\/span><\/span><\/p>\n<p style=\"text-align: center;\">\n<h2 style=\"\"><span><strong><span><span _msthash=\"825423\" _msttexthash=\"952042\"><span>Conoce algunos<\/span> <span>testimonios&nbsp;<\/span><\/span><\/span><\/strong><\/span><\/h2>\n<\/p>\n<h1 style=\"\"><span style=\"font-weight: 400; font-family: Palanquin;\"><span _msthash=\"3063021\" _msttexthash=\"748020\">\u201c<\/span><\/span><\/h1>\n<p><span>&nbsp;<\/span><span><span _msthash=\"3227146\" _msttexthash=\"4630483\">&nbsp; &nbsp; Hola mi nombre es Daniela, quiero contarles que me encant\u00f3 la sesi\u00f3n que tuve con Carmen!!!<\/span><\/span><\/p>\n<p style=\"text-align: center;\"><span><span _msthash=\"3532984\" _msttexthash=\"39007644\">Ella fue muy amorosa, amable y paciente, logr\u00f3 acompa\u00f1arme y guiarme durante toda la sesi\u00f3n y logramos ir muy profundo a la ra\u00edz de lo que necesitaba sanar, me sent\u00ed muy comprendida y contenida todo el tiempo y pude sentir los resultados literalmente a la ma\u00f1ana siguiente!!!<\/span><\/span><\/p>\n<p style=\"text-align: center;\"><span _msthash=\"3532985\" _msttexthash=\"7541859\">Me siento muy agradecida de haberla encontrado en mi camino de crecimiento interior y de reencuentro conmigo misma!!!<\/span><\/p>\n<p style=\"text-align: center;\">\n<p style=\"text-align: center;\" _msthash=\"3023761\" _msttexthash=\"327912\">&nbsp;Daniela &#8211; Argentina<\/p>\n<h1 style=\"\"><span style=\"font-weight: 400; font-family: Palanquin;\"><span _msthash=\"4129541\" _msttexthash=\"748020\">\u201c<\/span><\/span><\/h1>\n<p style=\"text-align: center;\"><span _msthash=\"4671784\" _msttexthash=\"5247567\">Hola Carmen Campos es una gran terapeuta, comprometida con sus pacientes <img decoding=\"async\" height=\"16\" width=\"16\" alt=\"\ud83d\ude09\" src=\"https:\/\/static.xx.fbcdn.net\/images\/emoji.php\/v9\/tb0\/1.5\/16\/1f609.png\" loading=\"lazy\">&nbsp;muchas gracias Carmen.<\/span><\/p>\n<p style=\"text-align: center;\">\n<p style=\"text-align: center;\"><span _msthash=\"4671785\" _msttexthash=\"3824301\">https:\/\/www.facebook.com\/permalink.php?story_fbid=1424331334432101&amp;id=100005657432604<\/span><\/p>\n<h1 style=\"text-align: center;\"><span style=\"font-family: &quot;Playfair Display&quot;; font-weight: 400;\" _msthash=\"4129542\" _msttexthash=\"268684\"><span style=\"color: rgb(68, 66, 68);\"><em>Avelina&nbsp;<\/em><\/span><span><span style=\"color: rgb(61, 66, 100);\">&#8211; M\u00e9xico<\/span><\/span><\/span><\/h1>\n<h1 style=\"\"><span style=\"font-weight: 400; font-family: Palanquin;\"><span _msthash=\"7488416\" _msttexthash=\"748020\">\u201c<\/span><\/span><\/h1>\n<p style=\"text-align: center;\"><span _msthash=\"4671786\" _msttexthash=\"25386478\"><span>Quiero compartirles mi experiencia con las terapias de Carmen, realmente he sentido un cambio en mi para bien, ahora me enfoco en mi, en lo que me gusta y lo que deseo lograr, he dejado el pasado atr\u00e1s y se a donde quiero llegar<\/span>.<\/span><\/p>\n<h1 style=\"text-align: center;\"><span style=\"font-family: &quot;Playfair Display&quot;; font-weight: 400;\" _msthash=\"4129543\" _msttexthash=\"232752\"><span style=\"color: rgb(68, 66, 68);\"><em>Bel\u00e9n<\/em><\/span><span><span style=\"color: rgb(68, 66, 68);\">&nbsp;<\/span><span style=\"color: rgb(61, 66, 100);\">-Espa\u00f1a<\/span><\/span><\/span><\/h1>\n<p style=\"text-align: center;\" _msthash=\"3022513\" _msttexthash=\"459134\">Perm\u00edteme presentarme<\/p>\n<p style=\"text-align: center;\">\n<\/p>\n<p><span>\u00a1Hola! soy Carmen Campos, terapeuta especialista en Programaci\u00f3n Mental Positiva y Gesti\u00f3n Emocional, &nbsp;soy una apasionada del auto-conocimiento, la superaci\u00f3n personal y del funcionamiento del cerebro en relaci\u00f3n al comportamiento humano, creo que el ser humano tiene la capacidad de conectar con su m\u00e1ximo potencial si as\u00ed se lo propone y volverse co-creador de su vida.Actualmente doy consulta online a nivel mundial y consulta presencial en la Ciudad de M\u00e9xico e imparto cursos online.A lo largo de m\u00e1s de 18 a\u00f1os he tenido la oportunidad de acceder a diferentes m\u00e9todos y t\u00e9cnicas que me han permitido crecer como persona y profesionalmente por lo que decid\u00ed formarme como terapeuta y facilitadora de los m\u00e9todos que prob\u00e9 personalmente y que hicieron cambios positivos en m\u00ed en lo personal y en lo profesional eso fue lo que me llevo a &nbsp;crear el &nbsp;<b style=\"color: rgb(249, 249, 251);\">m\u00e9todo &nbsp;Reprogramaci\u00f3n Integral, basado en la neurociencia, la f\u00edsica cu\u00e1ntica as\u00ed como en conocimientos ancestrales y t\u00e9cnicas milenarias, soy creadora del &nbsp;curso &nbsp;&#8220;Programaci\u00f3n Mental Positiva\u201d, del &nbsp;curso para Terapeutas &nbsp;&#8220;Expansi\u00f3n Profesional&#8221; Monetiza tu&nbsp;<\/b><b>conocimiento<\/b><b style=\"color: rgb(249, 249, 251);\">&nbsp;y tu pasi\u00f3n , de una &nbsp;serie de &#8220;Audios de Programaci\u00f3n Mental Positiva&#8221; y de un e-book de antidepresivos naturales.<\/b><\/span><span style=\"color: rgb(249, 249, 251);\">Disfruto mucho de acompa\u00f1ar a personas en su proceso de auto-conocimiento y crecimiento personal, profesional y espiritual, comparti\u00e9ndoles herramientas y conocimientos que les permiten ir a la ra\u00edz de su problema y desde ah\u00ed lograr el cambio que desean, les ayudo a transformar sus creencias limitantes, a sanar heridas emocionales de experiencias dolorosas del pasado y &nbsp;a lograr actuar de manera coherente para conectar con la plenitud y la satisfacci\u00f3n al relacionarse con ellos mismos y con los dem\u00e1s desde su mejor versi\u00f3n.<\/span><\/p>\n<p><span style=\"width: 100%;\"><img decoding=\"async\" alt=\"\" width=\"383\" height=\"684\" title=\"IMG_4888-e1597540098717-2\" data-id=\"5165\" src=\"https:\/\/reprogramacionintegral.com\/wp-content\/uploads\/2021\/05\/IMG_4888-e1597540098717-2-6.png\" style=\"\" data-width=\"383\" data-height=\"684\" data-init-width=\"280\" data-init-height=\"500\" ml-d=\"-1\" loading=\"lazy\"><span><\/span><\/span><\/p>\n<p _msthash=\"972816\" _msttexthash=\"407329\" _msthidden=\"1\" style=\"text-align: center;\"><strong _msthash=\"573404\" _msttexthash=\"2276742\">Para cualquier duda o informaci\u00f3n cont\u00e1ctame por WhatsApp o env\u00edame un e-mail<\/strong><\/p>\n<p><a href=\"https:\/\/wa.me\/525532336912?text=\" target=\"_blank\" rel=\"noopener\">                    <\/a><\/p>\n<p style=\"text-align: center;\"><a href=\"https:\/\/wa.me\/525532336912?text=\" target=\"_blank\" style=\"outline: none;\" rel=\"noopener\">(52)5532336912<\/a><\/p>\n<p><a href=\"mailto:carmencampos@menteatufavor.com\" target=\"_blank\" rel=\"noopener\">                    <\/a><\/p>\n<p style=\"text-align: center;\"><a href=\"mailto:carmencampos@menteatufavor.com\" target=\"_blank\" style=\"outline: none;\" rel=\"noopener\">carmencampos@menteatufavor.com<\/a><\/p>\n<h4 style=\"text-align: center;\" _msthash=\"826098\" _msttexthash=\"40174381\">\u00a9 2025 Reprogramaci\u00f3n Integral \u2013 Todos los derechos reservados<span style=\"color: rgb(255, 255, 255);\"><a href=\"https:\/\/reprogramacionintegral.com\/index.php\/aviso-legal\/\" style=\"outline: none;\">Aviso Legal<\/a> \u2013 <a href=\"https:\/\/reprogramacionintegral.com\/index.php\/politica-de-privacidad-y-cookies\/\" target=\"_blank\" style=\"outline: none;\" rel=\"noopener\">Pol\u00edtica de privacidad <\/a>\u2013 <a href=\"https:\/\/reprogramacionintegral.com\/index.php\/politica-de-privacidad-y-cookies\/\" style=\"outline: none;\">Cookies<\/a>&nbsp;\u2013&nbsp;<a href=\"https:\/\/reprogramacionintegral.com\/index.php\/politica-de-contratacion\/\" style=\"outline: none;\">Contrataci\u00f3n<\/a><\/span><\/h4>\n","protected":false},"excerpt":{"rendered":"<p>MENTE A TU FAVOR Eleva la Vibraci\u00f3n de tus Pensamientos y Emociones Manifiesta lo que deseas en cada \u00e1rea de tu vida E-book Antidepresivos Naturales&nbsp; Los Antidepresivos Naturales son una serie de acciones a realizar diariamente que facilitan al cerebro la producci\u00f3n de sustancias como las endorfinas que &nbsp;ayudan a recuperar el &nbsp;bienestar y la [&hellip;]<\/p>\n","protected":false},"author":1,"featured_media":0,"parent":0,"menu_order":0,"comment_status":"closed","ping_status":"closed","template":"","meta":[],"aioseo_notices":[],"_links":{"self":[{"href":"https:\/\/reprogramacionintegral.com\/index.php\/wp-json\/wp\/v2\/pages\/6062"}],"collection":[{"href":"https:\/\/reprogramacionintegral.com\/index.php\/wp-json\/wp\/v2\/pages"}],"about":[{"href":"https:\/\/reprogramacionintegral.com\/index.php\/wp-json\/wp\/v2\/types\/page"}],"author":[{"embeddable":true,"href":"https:\/\/reprogramacionintegral.com\/index.php\/wp-json\/wp\/v2\/users\/1"}],"replies":[{"embeddable":true,"href":"https:\/\/reprogramacionintegral.com\/index.php\/wp-json\/wp\/v2\/comments?post=6062"}],"version-history":[{"count":134,"href":"https:\/\/reprogramacionintegral.com\/index.php\/wp-json\/wp\/v2\/pages\/6062\/revisions"}],"predecessor-version":[{"id":8380,"href":"https:\/\/reprogramacionintegral.com\/index.php\/wp-json\/wp\/v2\/pages\/6062\/revisions\/8380"}],"wp:attachment":[{"href":"https:\/\/reprogramacionintegral.com\/index.php\/wp-json\/wp\/v2\/media?parent=6062"}],"curies":[{"name":"wp","href":"https:\/\/api.w.org\/{rel}","templated":true}]}}