{"id":5864,"date":"2021-06-19T17:36:59","date_gmt":"2021-06-19T22:36:59","guid":{"rendered":"https:\/\/reprogramacionintegral.com\/?page_id=5864"},"modified":"2022-05-26T00:07:45","modified_gmt":"2022-05-26T05:07:45","slug":"herramientas-para-liberar-la-ansiedad","status":"publish","type":"page","link":"https:\/\/reprogramacionintegral.com\/index.php\/herramientas-para-liberar-la-ansiedad\/","title":{"rendered":"Herramientas para liberar la ansiedad formulario blog"},"content":{"rendered":"<a class=\"tcb-logo thrv_wrapper\" target=\"_blank\" href=\"https:\/\/reprogramacionintegral.com\" data-css=\"tve-u-1792ed2bc80\" data-img-style=\"width: 100%;\" class=\"\"><img src=\"https:\/\/reprogramacionintegral.com\/wp-content\/uploads\/2021\/05\/logo-extra-grande-2.png\" height=\"1080\" width=\"1920\" alt=\"\" style=\"width: 100%;\"><\/img><\/a>\n<p _msthash=\"972816\" _msthidden=\"1\" _msttexthash=\"407329\" style=\"text-align: center;\"><em>MENTE A TU FAVOR<\/em><\/p>\n<p _msthash=\"972816\" _msthidden=\"1\" _msttexthash=\"407329\" style=\"text-align: center;\"><strong><em>Eleva la Vibraci\u00f3n de tus Pensamientos y Emociones<\/em><\/strong><\/p>\n<p _msthash=\"972816\" _msthidden=\"1\" _msttexthash=\"407329\" style=\"text-align: center;\"><strong><em>Manifiesta lo que deseas en cada \u00e1rea de tu vida<\/em><\/strong><\/p>\n<h2 _msthash=\"972816\" _msthidden=\"1\" _msttexthash=\"407329\" style=\"text-align: center;\"><span>Gu\u00eda para liberar Ansiedad<\/span><\/h2>\n<ul>\n<li><span>Mantente consciente de tus pensamientos y cuando detectes un pensamiento negativo que te conecte con emociones des- energizantes canc\u00e9lalo, diciendo cancelado en todas las direcciones del tiempo, pasado, presente y futuro, esto no es para m\u00ed.<\/span><\/li>\n<\/ul>\n<ul>\n<li style=\"text-align: left;\"><span><span>S\u00faplelo por un pensamiento positivos que te conecten con un sentimiento enaltecedor.<\/span><\/span><\/li>\n<li style=\"text-align: left;\"><span><span><span>Integra la meditaci\u00f3n en tu vida diaria, el meditar te ayuda a centrar tu atenci\u00f3n en el aqu\u00ed y el ahora y tranquiliza tu mente.<\/span><\/span><\/span><\/li>\n<li style=\"text-align: left;\"><span><span><span>Incorpora una rutina diaria de ejercicio.<\/span><\/span><\/span><\/li>\n<li style=\"text-align: left;\"><span><span><span>Integra en tu una dieta sana y equilibrada.<\/span><\/span><\/span><\/li>\n<li style=\"text-align: left;\"><span><span><span>Evita ingerir alcohol, chocolate, caf\u00e9 y frituras.<\/span><\/span><\/span><\/li>\n<li style=\"text-align: left;\"><span><span><span>Escucha a tu cuerpo, dale el descanso que necesita, duerme las horas que tu cuerpo requiere.<\/span><\/span><\/span><\/li>\n<li style=\"text-align: left;\"><span><span><span>Realiza diariamente actividades que disfrutes<\/span><\/span><\/span><\/li>\n<li style=\"text-align: left;\"><span><span><span>Rodearte de seres que te amen, familia o amigos<\/span><\/span><\/span><\/li>\n<li style=\"text-align: left;\"><span>Lleva una agenda y temporaliza tus actividades, esto te ayuda a recuperar la sensaci\u00f3n de control de la situaci\u00f3n.<\/span><\/li>\n<\/ul>\n<p text-align:=\"\" left;\"\"=\"\"><span><span>Te<\/span><span> recuerdo que las recomendaciones anteriores no suplen a ning\u00fan tratamiento m\u00e9dico o psicol\u00f3gico que pudieras necesitar.<\/span><\/span><\/p>\n<p style=\"text-align: left;\">\n<p style=\"text-align: left;\"><span>Psicoterapeuta Carmen Campos<\/span><\/p>\n<p style=\"text-align: left;\"><span>Especialista en Programaci\u00f3n Mental Positiva y Gesti\u00f3n Emocional<\/span><\/p>\n<h3 _msthash=\"972816\" _msthidden=\"1\" _msttexthash=\"407329\" style=\"text-align: center;\"><\/h3>\n<\/p>\n<p _msthash=\"972816\" _msttexthash=\"407329\" _msthidden=\"1\" style=\"text-align: center;\"><a href=\"https:\/\/1drv.ms\/b\/s!Ahz7wEN0pYpniCsnU1SGZh0LN-t9?e=ms5Dck\" target=\"_blank\" style=\"outline: none;\" rel=\"noopener\">Haz click aqu\u00ed para descargar la Gu\u00eda<\/a><\/p>\n<p><span><a href=\"http:\/\/ https:\/\/www.reprogramacionintegral.com\/\"><img decoding=\"async\" alt=\"\" data-id=\"6019\" width=\"146\" data-init-width=\"1920\" height=\"82\" data-init-height=\"1080\" title=\"logo-extra-grande-5\" src=\"https:\/\/reprogramacionintegral.com\/wp-content\/uploads\/2021\/07\/logo-extra-grande-5-2.png\" data-width=\"146\" data-height=\"82\" style=\"\" data-link-wrap=\"true\" loading=\"lazy\"><\/a><\/span><\/p>\n<p _msthash=\"1056640\" _msthidden=\"1\" _msttexthash=\"407329\" style=\"text-align: center;\"><a href=\"https:\/\/reprogramacionintegral.com\" target=\"_blank\" style=\"outline: none;\" rel=\"noopener\">https:\/\/reprogramacionintegral.com<\/a><\/p>\n<p _msthash=\"1056640\" _msthidden=\"1\" _msttexthash=\"407329\" style=\"text-align: center;\"><a href=\"http:\/\/menteatufavor.com\" target=\"_blank\" rel=\"noopener\">menteatufavor.com<\/a><\/p>\n<p><a href=\"https:\/\/wa.me\/525532336912?text=\" target=\"_blank\" rel=\"noopener\">                    <\/a><\/p>\n<p style=\"text-align: center;\"><a href=\"https:\/\/wa.me\/525532336912?text=\" target=\"_blank\" style=\"outline: none;\" rel=\"noopener\">525532336912<\/a><\/p>\n<p><a href=\"mailto:carmencampos@menteatufavor.com\" target=\"_blank\" rel=\"noopener\">                    <\/a><\/p>\n<p style=\"text-align: center;\"><a href=\"mailto:carmencampos@menteatufavor.com\" target=\"_blank\" style=\"outline: none;\" rel=\"noopener\">carmencampos@menteatufavor.com<\/a><\/p>\n<p><a href=\"https:\/\/www.facebook.com\/menteatufavor\/\" target=\"_blank\" rel=\"noopener\">                    <\/a><\/p>\n<p style=\"text-align: center;\"><a href=\"https:\/\/www.facebook.com\/menteatufavor\/\" target=\"_blank\" style=\"outline: none;\" rel=\"noopener\">@menteatufavor<\/a><\/p>\n<p><span><a href=\"https:\/\/www.instagram.com\/menteatufavor\" target=\"_blank\" rel=\"noopener\"><img decoding=\"async\" alt=\"\" data-id=\"5708\" width=\"48\" data-init-width=\"512\" height=\"48\" data-init-height=\"512\" title=\"icono de instagram\" src=\"https:\/\/reprogramacionintegral.com\/wp-content\/uploads\/2021\/06\/instagram-icono.png\" data-width=\"48\" data-height=\"48\" style=\"\" data-link-wrap=\"true\" loading=\"lazy\"><\/a><\/span><\/p>\n<p _msthash=\"972816\" _msttexthash=\"407329\" _msthidden=\"1\" style=\"\"><a href=\"https:\/\/www.instagram.com\/menteatufavor\" target=\"_blank\" style=\"outline: none;\" rel=\"noopener\">Instagram.com\/menteatufavor.com<\/a><\/p>\n<p><span style=\"\"><img decoding=\"async\" alt=\"\" data-id=\"5709\" width=\"136\" data-init-width=\"1920\" height=\"77\" data-init-height=\"1080\" title=\"youtube 3\" src=\"https:\/\/reprogramacionintegral.com\/wp-content\/uploads\/2021\/06\/youtube-3.png\" data-width=\"136\" data-height=\"77\" style=\"\" mt-d=\"-24\" center-v-d=\"false\" loading=\"lazy\"><\/span><\/p>\n<p _msthash=\"972816\" _msttexthash=\"407329\" _msthidden=\"1\">&#8212;&#8212;&#8212;&#8212;&#8212;&#8212;&#8212;&#8212;&#8212;&#8212;&#8212;&#8211;<\/p>\n<h4 style=\"text-align: center;\" _msthash=\"826098\" _msttexthash=\"40174381\">\u00a9 2021 Reprogramaci\u00f3n Integral \u2013 Todos los derechos reservados<span style=\"color: rgb(255, 255, 255);\"><a href=\"https:\/\/reprogramacionintegral.com\/index.php\/aviso-legal\/\" style=\"outline: none;\">Aviso Legal<\/a> \u2013 <a href=\"https:\/\/reprogramacionintegral.com\/index.php\/politica-de-privacidad-y-cookies\/\" target=\"_blank\" style=\"outline: none;\" rel=\"noopener\">Pol\u00edtica de privacidad <\/a>\u2013 <a href=\"https:\/\/reprogramacionintegral.com\/index.php\/politica-de-privacidad-y-cookies\/\" style=\"outline: none;\">Cookies<\/a>&nbsp;\u2013&nbsp;<a href=\"https:\/\/reprogramacionintegral.com\/index.php\/politica-de-contratacion\/\" style=\"outline: none;\">Contrataci\u00f3n<\/a><\/span><\/h4>\n","protected":false},"excerpt":{"rendered":"<p>MENTE A TU FAVOR Eleva la Vibraci\u00f3n de tus Pensamientos y Emociones Manifiesta lo que deseas en cada \u00e1rea de tu vida Gu\u00eda para liberar Ansiedad Mantente consciente de tus pensamientos y cuando detectes un pensamiento negativo que te conecte con emociones des- energizantes canc\u00e9lalo, diciendo cancelado en todas las direcciones del tiempo, pasado, presente [&hellip;]<\/p>\n","protected":false},"author":1,"featured_media":0,"parent":0,"menu_order":0,"comment_status":"closed","ping_status":"closed","template":"","meta":[],"aioseo_notices":[],"_links":{"self":[{"href":"https:\/\/reprogramacionintegral.com\/index.php\/wp-json\/wp\/v2\/pages\/5864"}],"collection":[{"href":"https:\/\/reprogramacionintegral.com\/index.php\/wp-json\/wp\/v2\/pages"}],"about":[{"href":"https:\/\/reprogramacionintegral.com\/index.php\/wp-json\/wp\/v2\/types\/page"}],"author":[{"embeddable":true,"href":"https:\/\/reprogramacionintegral.com\/index.php\/wp-json\/wp\/v2\/users\/1"}],"replies":[{"embeddable":true,"href":"https:\/\/reprogramacionintegral.com\/index.php\/wp-json\/wp\/v2\/comments?post=5864"}],"version-history":[{"count":17,"href":"https:\/\/reprogramacionintegral.com\/index.php\/wp-json\/wp\/v2\/pages\/5864\/revisions"}],"predecessor-version":[{"id":7840,"href":"https:\/\/reprogramacionintegral.com\/index.php\/wp-json\/wp\/v2\/pages\/5864\/revisions\/7840"}],"wp:attachment":[{"href":"https:\/\/reprogramacionintegral.com\/index.php\/wp-json\/wp\/v2\/media?parent=5864"}],"curies":[{"name":"wp","href":"https:\/\/api.w.org\/{rel}","templated":true}]}}