{"id":4805,"date":"2021-05-10T09:35:22","date_gmt":"2021-05-10T14:35:22","guid":{"rendered":"https:\/\/reprogramacionintegral.com\/?page_id=4805"},"modified":"2025-10-29T16:41:22","modified_gmt":"2025-10-29T22:41:22","slug":"sana-tu-relacion-de-pareja","status":"publish","type":"page","link":"https:\/\/reprogramacionintegral.com\/index.php\/sana-tu-relacion-de-pareja\/","title":{"rendered":"Sana tu relaci\u00f3n de pareja"},"content":{"rendered":"<a class=\"tcb-logo thrv_wrapper\" data-css=\"tve-u-1794d02440a\" data-img-style=\"\" class=\"\"><img src=\"https:\/\/reprogramacionintegral.com\/wp-content\/uploads\/2021\/05\/logo-extra-grande-2.png\" height=\"1080\" width=\"1920\" alt=\"\" style=\"\"><\/img><\/a>\n<h1 _msthash=\"972816\" _msthidden=\"1\" _msttexthash=\"407329\" style=\"text-align: center;\"><em>MENTE A TU FAVOR<\/em><\/h1>\n<h2 _msthash=\"972816\" _msthidden=\"1\" _msttexthash=\"407329\" style=\"text-align: center;\"><em>Eleva la Vibraci\u00f3n de tus Pensamientos y tus Emociones<\/em><\/h2>\n<h2 style=\"text-align: center;\">Manifiesta lo que deseas en cada \u00e1rea de tu vida<\/h2>\n<h3 _msthash=\"972816\" _msthidden=\"1\" _msttexthash=\"407329\" style=\"text-align: center;\"><span style=\"font-weight: normal;\">Sana tu Relaci\u00f3n de Pareja<\/span><\/h3>\n<p _msthash=\"972816\" _msthidden=\"1\" _msttexthash=\"407329\" style=\"text-align: center;\"><strong><span style=\"\">TERAPIA<\/span><\/strong><\/p>\n<p _msthash=\"972816\" _msthidden=\"1\" _msttexthash=\"407329\" style=\"text-align: center;\"><strong><span style=\"color: rgba(220, 14, 164, 0.88);\">Crea el tipo de Relaci\u00f3n que deseas desde la consciencia<\/span><\/strong><\/p>\n<p><span><img decoding=\"async\" alt=\"\" data-id=\"4732\" width=\"686\" data-init-width=\"1920\" height=\"386\" data-init-height=\"1080\" title=\"Fondo pareja\" src=\"https:\/\/reprogramacionintegral.com\/wp-content\/uploads\/2021\/05\/Fondo-pareja.png\" data-width=\"686\" data-height=\"386\" loading=\"lazy\"><\/span><\/p>\n<p style=\"text-align: center;\"><span _msthash=\"2123051\" _msttexthash=\"4371549\" style=\"\"><span style=\"\">\u00bfCada vez que estas en una relaci\u00f3n de pareja,<\/span> <strong>repites los mismos errores una y otra vez?<\/strong><\/span><\/p>\n<p style=\"text-align: center;\"><span style=\"\">\u00bf<strong>Te auto-saboteas<\/strong> en tus relaciones?<\/span><\/p>\n<p style=\"text-align: center;\"><span style=\"\">\u00bfHaz <strong>normalizado lo anormal<\/strong> en tu Relaci\u00f3n de Pareja?<\/span><\/p>\n<p style=\"text-align: center;\"><span style=\"\">\u00bfHaces o dices cosas y despu\u00e9s te arrepientes?<\/span><\/p>\n<p style=\"text-align: center;\"><span style=\"\">\u00bf <strong>Realmente quisieras cambiar<\/strong> pero hasta ahora no has podido hacerlo?<\/span><\/p>\n<p style=\"text-align: center;\"><span _msthash=\"2123055\" _msttexthash=\"600808\" style=\"\">\u00bf<strong>Te gustar\u00eda recibir ayuda<\/strong>?<\/span><\/p>\n<p style=\"text-align: center;\">\n<h2 style=\"text-align: center;\"><\/h2>\n<h3 style=\"text-align: center;\"><em>Estar en una Relaci\u00f3n de Pareja es para Compartir y Disfrutar m\u00e1s de la vida, &nbsp;Dando y Recibiendo Amor<\/em><\/h3>\n<\/p>\n<p><span><img decoding=\"async\" alt=\"\" data-id=\"4833\" width=\"452\" data-init-width=\"1920\" height=\"254\" data-init-height=\"1080\" title=\"disfrutar en pareja\" src=\"https:\/\/reprogramacionintegral.com\/wp-content\/uploads\/2021\/05\/disfrutar-en-pareja.png\" data-width=\"452\" data-height=\"254\" style=\"\" loading=\"lazy\"><\/span><\/p>\n<p style=\"text-align: center;\">\n<p _msthash=\"2123057\" _msttexthash=\"14556503\" style=\"text-align: center;\">Obt\u00e9n el acompa\u00f1amiento y las herramientas para identificar y transformar lo que te impide <strong>manifestar la relaci\u00f3n de pareja que deseas<\/strong><\/p>\n<p _msthash=\"2123057\" _msttexthash=\"14556503\" style=\"text-align: center;\"><strong>&nbsp;<\/strong>Crea una<strong> relaci\u00f3n de pareja armoniosa &nbsp;y disfruta plenamente el estar en pareja.<\/strong><\/p>\n<p style=\"text-align: center; color: rgb(255, 253, 253) !important; --tcb-applied-color:rgb(255, 253, 253)  !important;\">\n<p style=\"text-align: center; color: rgb(255, 253, 253) !important; --tcb-applied-color:rgb(255, 253, 253)  !important;\"><strong>Estar en una relaci\u00f3n de pareja &nbsp;armoniosa y estable no es f\u00e1cil, necesitamos sanar:<\/strong><\/p>\n<p style=\"text-align: center; color: rgb(255, 253, 253) !important; --tcb-applied-color:rgb(255, 253, 253)  !important;\" _msthash=\"1382748\" _msttexthash=\"2336958\"><strong>&gt;&gt;Patrones &nbsp;no coherentes que hemos heredado de nuestro sistema familiar<\/strong><\/p>\n<p style=\"text-align: center; color: rgb(255, 253, 253) !important; --tcb-applied-color:rgb(255, 253, 253)  !important;\" _msthash=\"1382749\" _msttexthash=\"1706380\"><strong>&gt;&gt; Heridas del pasado&nbsp;<\/strong><\/p>\n<p style=\"text-align: center; color: rgb(255, 253, 253) !important; --tcb-applied-color:rgb(255, 253, 253)  !important;\" _msthash=\"1382751\" _msttexthash=\"2269189\"><strong>&gt;&gt;&nbsp; Autoestima<\/strong><\/p>\n<p _msthash=\"1382752\" _msttexthash=\"1392417\" style=\"text-align: center; color: rgb(255, 253, 253) !important; --tcb-applied-color:rgb(255, 253, 253)  !important;\"><strong>&gt;&gt;Cerrar ciclos con relaciones anteriores<\/strong><\/p>\n<p _msthash=\"1382752\" _msttexthash=\"1392417\" style=\"text-align: center; color: rgb(255, 253, 253) !important; --tcb-applied-color:rgb(255, 253, 253)  !important;\"><strong>&gt;&gt;Perdonar y Liberar<\/strong><\/p>\n<p _msthash=\"1382752\" _msttexthash=\"1392417\" style=\"text-align: center; color: rgb(255, 253, 253) !important; --tcb-applied-color:rgb(255, 253, 253)  !important;\">\n<p _msthash=\"1382753\" _msttexthash=\"61014135\" style=\"text-align: center;\"><span><span>Utilizando el m\u00e9todo Reprogramaci\u00f3n<strong _istranslated=\"1\"> <\/strong> Integral, podr\u00e1s:<\/span><\/span><\/p>\n<p _msthash=\"1382753\" _msttexthash=\"61014135\" style=\"text-align: center;\"><strong><span><span>&nbsp;I<\/span><strong><span>r a la ra\u00edz de tu problema<\/span><\/strong><\/span><\/strong><\/p>\n<p _msthash=\"1382753\" _msttexthash=\"61014135\" style=\"text-align: center;\"><span><strong><span> <span>Utilizar tu mente a tu favor<\/span><\/span><\/strong><span>&nbsp;<\/span><\/span><\/p>\n<p _msthash=\"1382753\" _msttexthash=\"61014135\" style=\"text-align: center;\"><span><span> Aprender a <strong>gestionar<\/strong> <\/span><strong _istranslated=\"1\"><span>tus emociones y tus pensamientos <\/span><\/strong><\/span><\/p>\n<p _msthash=\"1382753\" _msttexthash=\"61014135\" style=\"text-align: center;\"><span><strong _istranslated=\"1\"><span><\/span> <span>Pensar, sentir <span>y actuar en coherencia&nbsp;<\/span><\/span><\/strong><span>desde la consciencia<\/span><\/span><\/p>\n<p _msthash=\"1382753\" _msttexthash=\"61014135\" style=\"text-align: center;\"><span>&nbsp;<\/span><span><span _istranslated=\"1\">&nbsp;<strong><span>R<\/span><\/strong><\/span><\/span><span _istranslated=\"1\"><span><strong>e<\/strong>lacionarte de manera armoniosa<\/span><span> contigo mismo y con los dem\u00e1s<\/span><\/span><\/p>\n<p style=\"text-align: center;\"><span><span>Lograr identificar y transformar creencias y sentimientos limitantes que te impiden lograr lo que deseas &nbsp;<\/span><\/span><\/p>\n<p><span><img decoding=\"async\" width=\"1597\" height=\"647\" title=\"Canva - null\" alt=\"\" src=\"https:\/\/reprogramacionintegral.com\/wp-content\/uploads\/2021\/05\/Canva-null-1.jpg\" data-width=\"1597\" data-id=\"1736\" data-init-width=\"800\" data-init-height=\"324\" data-height=\"647\" loading=\"lazy\"><\/span><\/p>\n<p style=\"text-align: center;\" _msthash=\"804115\" _msttexthash=\"12410138\">Reprogramaci\u00f3n Integral es un m\u00e9todo basado en la<strong> neurociencia <\/strong>y la <strong>f\u00edsica cu\u00e1ntica<\/strong>, as\u00ed como en <strong>conocimientos ancestrales y t\u00e9cnicas milenarias .<\/strong><\/p>\n<p><span><img decoding=\"async\" alt=\"\" data-id=\"4834\" width=\"686\" data-init-width=\"1920\" height=\"530\" data-init-height=\"1483\" title=\"fall-3087667_1920\" src=\"https:\/\/reprogramacionintegral.com\/wp-content\/uploads\/2021\/05\/fall-3087667_1920.jpg\" data-width=\"686\" data-height=\"530\" loading=\"lazy\"><\/span><\/p>\n<p style=\"text-align: center;\">\n<p _msthash=\"2122757\" _msttexthash=\"81994367\" style=\"text-align: center;\">Obt\u00e9n herramientas y acompa\u00f1amiento para&nbsp;<strong>reconectarte una vez m\u00e1s con el amor y la mejor versi\u00f3n de ti<\/strong><\/p>\n<p _msthash=\"2122757\" _msttexthash=\"81994367\" style=\"text-align: center;\">Logra sentir una vez m\u00e1s&nbsp;<strong>amor y estabilidad <\/strong>en tu Relaci\u00f3n de Pareja<\/p>\n<p _msthash=\"2122757\" _msttexthash=\"81994367\" style=\"text-align: center;\">&nbsp; <strong>&nbsp;Da lo mejor de ti en la relaci\u00f3n y recibe lo mejor de tu pareja<\/strong><\/p>\n<p _msthash=\"2122757\" _msttexthash=\"81994367\" style=\"text-align: center;\">Vuelve a <strong>disfrutar cada momento en pareja<\/strong><\/p>\n<h4 style=\"text-align: center;\"><strong><b style=\"font-size: 25px !important;\" _msthash=\"1384799\" _msttexthash=\"1476202\"><span>\u00bfPor qu\u00e9 elegir mi servicio de<\/span><\/b><\/strong><\/h4>\n<h4 style=\"text-align: center;\"><strong><b _msthash=\"1384799\" _msttexthash=\"1476202\" style=\"font-size: 25px !important;\"><span><\/span> <span>terapias online?<\/span><\/b><\/strong><\/h4>\n<h5 style=\"text-align: center;\"><strong><span _msthash=\"1384800\" _msttexthash=\"438048\">TRATAMIENTO PERSONALIZADO<\/span><\/strong><\/h5>\n<p style=\"text-align: center;\"><strong><span _msthash=\"1384801\" _msttexthash=\"37495562\">&gt;&gt; Las t\u00e9cnicas utilizadas ser\u00e1n completamente personalizadas, basadas en la evaluaci\u00f3n inicial de tu problema y en el avance que vayas teniendo, ya que cada persona somos \u00fanicos e irrepetibles aun y que tengamos el mismo problema cada uno sanamos de manera diferente.<\/span><\/strong><\/p>\n<p><a href=\"#\" _msthidden=\"1\"><span _msthidden=\"1\"><span _msthash=\"3232112\" _msttexthash=\"122317\" _msthidden=\"1\">Instance 1<\/span><\/span><\/a><\/p>\n<h5 style=\"\"><strong _msthash=\"4138875\" _msttexthash=\"167206\">SESI\u00d3N ONLINE<\/strong><\/h5>\n<ul>\n<li><span style=\"\" _msthash=\"5460585\" _msttexthash=\"1584453\">Obtienes 1:15<strong>&nbsp;hr<\/strong>. de sesi\u00f3n online&nbsp;<\/span><\/li>\n<li><span style=\"\" _msthash=\"5461781\" _msttexthash=\"5914857\">Desde la 1\u00b0 sesi\u00f3n tendr\u00e1s acceso a herramientas y material extra que te ayudan a avanzar en tu proceso<\/span><\/li>\n<li><span style=\"\" _msthash=\"5462977\" _msttexthash=\"6108258\">Esta comprobado que se obtienen los mismos resultados en sesiones online que en sesiones presenciales<\/span><\/li>\n<li><span style=\"\" _msthash=\"5462978\" _msttexthash=\"13131729\">Puedes tomar tu sesi\u00f3n desde tu Computadora, Tel\u00e9fono, m\u00f3vil o Ipad, solo necesitas descargar gratuitamente la plataforma de zoom y conexi\u00f3n a internet.<\/span><\/li>\n<\/ul>\n<h5 style=\"\"><strong _msthash=\"4139629\" _msttexthash=\"479115\">AHORRO de tiempo y dinero<\/strong><\/h5>\n<ul>\n<li><span style=\"\" _msthash=\"5461339\" _msttexthash=\"3904160\">Ahorras tiempo en el translado, al poder tomar tu sesi\u00f3n desde tu casa o tu oficina<\/span><\/li>\n<li><span style=\"\" _msthash=\"5462535\" _msttexthash=\"1110044\">Evitas tener que pagar estacionamiento<\/span><\/li>\n<li><span style=\"\" _msthash=\"5463731\" _msttexthash=\"808184\">Ahorras en gasolina o transporte<\/span><\/li>\n<\/ul>\n<h5 style=\"\"><strong _msthash=\"4140383\" _msttexthash=\"205855\">ACOMPA\u00d1AMIENTO<\/strong><\/h5>\n<p style=\"\" _msthash=\"4089345\" _msttexthash=\"6642766\">El proceso terap\u00e9utico no se limita a 1:15hr. de sesi\u00f3n online, sino que entre sesi\u00f3n y sesi\u00f3n tendr\u00e1s:<\/p>\n<ul>\n<li><span style=\"\" _msthash=\"5462093\" _msttexthash=\"1289288\">&nbsp;Seguimiento a trav\u00e9s de WhatsApp&nbsp;&nbsp;<\/span><\/li>\n<li><span style=\"\" _msthash=\"5464485\" _msttexthash=\"2530827\">Material de apoyo relacionado con el tema que est\u00e9s trabajando.<\/span><\/li>\n<li><span style=\"\" _msthash=\"5465681\" _msttexthash=\"4747600\">Herramientas y tareas para que lleves a cabo en &nbsp;tu d\u00eda a d\u00eda &nbsp;lo trabajado durante la sesi\u00f3n<\/span><\/li>\n<\/ul>\n<p style=\"text-align: center;\"><strong _msthash=\"1074632\" _msttexthash=\"1812161\">El costo de sesi\u00f3n online es de $1,00.00 (pesos mexicanos)<\/strong><\/p>\n<p style=\"text-align: center; font-size: 20px !important;\"><strong><span _msthash=\"1074634\" _msttexthash=\"609505\">&gt;&gt; 1:15 hrs. de sesi\u00f3n online<\/span><\/strong><\/p>\n<p style=\"text-align: center;\"><strong _msthash=\"1074636\" _msttexthash=\"2523118\"><b style=\"color: rgba(220, 14, 164, 0.88); font-size: 20px !important;\">&gt;&gt; Contacto<span style=\"color: rgba(220, 14, 164, 0.88);\">&nbsp;<\/span><\/b><span style=\"color: rgba(220, 14, 164, 0.88);\"><span><b><span>v\u00eda<\/span><\/b><\/span><span><b style=\"color: rgba(220, 14, 164, 0.88); font-size: 20px !important;\">&nbsp;<\/b><span>WhatsApp<\/span><\/span><\/span><b style=\"color: rgba(220, 14, 164, 0.88); font-size: 20px !important;\"><span style=\"color: rgba(220, 14, 164, 0.88);\">&nbsp;<\/span>en el periodo entre sesiones<\/b><\/strong><\/p>\n<p style=\"text-align: center; font-size: 20px !important;\"><span><strong _msthash=\"1074637\" _msttexthash=\"342719\">&gt;&gt; Material de apoyo&nbsp;<\/strong><\/span><\/p>\n<p style=\"text-align: center; font-size: 20px !important;\"><strong><span _msthash=\"1074638\" _msttexthash=\"2113475\">&gt;&gt; Programaci\u00f3n de tareas para realizar entre sesi\u00f3n y sesi\u00f3n<\/span><\/strong><\/p>\n<\/p>\n<h1 style=\"\"><span style=\"font-weight: 400; font-family: Palanquin;\"><span _msthash=\"3063021\" _msttexthash=\"748020\">\u201c<\/span><\/span><\/h1>\n<p><span>&nbsp;<\/span><span><span _msthash=\"3227146\" _msttexthash=\"4630483\">&nbsp; &nbsp; Hola mi nombre es Daniela, quiero contarles que me encant\u00f3 la sesi\u00f3n que tuve con Carmen!!!<\/span><\/span><\/p>\n<p style=\"text-align: center;\"><span><span _msthash=\"3532984\" _msttexthash=\"39007644\">Ella fue muy amorosa, amable y paciente, logr\u00f3 acompa\u00f1arme y guiarme durante toda la sesi\u00f3n y logramos ir muy profundo a la ra\u00edz de lo que necesitaba sanar, me sent\u00ed muy comprendida y contenida todo el tiempo y pude sentir los resultados literalmente a la ma\u00f1ana siguiente!!!<\/span><\/span><\/p>\n<p style=\"text-align: center;\"><span _msthash=\"3532985\" _msttexthash=\"7541859\">Me siento muy agradecida de haberla encontrado en mi camino de crecimiento interior y de reencuentro conmigo misma!!!<\/span><\/p>\n<p style=\"text-align: center;\">\n<p style=\"text-align: center;\" _msthash=\"3023761\" _msttexthash=\"327912\">&nbsp;Daniela &#8211; Argentina<\/p>\n<h1 style=\"\"><span style=\"font-weight: 400; font-family: Palanquin;\"><span _msthash=\"4129541\" _msttexthash=\"748020\">\u201c<\/span><\/span><\/h1>\n<p style=\"text-align: center;\"><span _msthash=\"4671784\" _msttexthash=\"5247567\">Hola Carmen Campos es una gran terapeuta, comprometida con sus pacientes <img decoding=\"async\" height=\"16\" width=\"16\" alt=\"\ud83d\ude09\" src=\"https:\/\/static.xx.fbcdn.net\/images\/emoji.php\/v9\/tb0\/1.5\/16\/1f609.png\" loading=\"lazy\">&nbsp;muchas gracias Carmen.<\/span><\/p>\n<p style=\"text-align: center;\">\n<p style=\"text-align: center;\"><span _msthash=\"4671785\" _msttexthash=\"3824301\">https:\/\/www.facebook.com\/permalink.php?story_fbid=1424331334432101&amp;id=100005657432604<\/span><\/p>\n<h1 style=\"text-align: center;\"><span style=\"font-family: &quot;Playfair Display&quot;; font-weight: 400;\" _msthash=\"4129542\" _msttexthash=\"268684\"><span style=\"color: rgb(68, 66, 68);\"><em>Avelina&nbsp;<\/em><\/span><span><span style=\"color: rgb(61, 66, 100);\">&#8211; M\u00e9xico<\/span><\/span><\/span><\/h1>\n<h1 style=\"\"><span style=\"font-weight: 400; font-family: Palanquin;\"><span _msthash=\"7488416\" _msttexthash=\"748020\">\u201c<\/span><\/span><\/h1>\n<p style=\"text-align: center;\"><span _msthash=\"4671786\" _msttexthash=\"25386478\"><span>Quiero compartirles mi experiencia con las terapias de Carmen, realmente he sentido un cambio en mi para bien, ahora me enfoco en mi, en lo que me gusta y lo que deseo lograr, he dejado el pasado atr\u00e1s y se a donde quiero llegar<\/span>.<\/span><\/p>\n<h1 style=\"text-align: center;\"><span style=\"font-family: &quot;Playfair Display&quot;; font-weight: 400;\" _msthash=\"4129543\" _msttexthash=\"232752\"><span style=\"color: rgb(68, 66, 68);\"><em>Bel\u00e9n<\/em><\/span><span><span style=\"color: rgb(68, 66, 68);\">&nbsp;<\/span><span style=\"color: rgb(61, 66, 100);\">-Espa\u00f1a<\/span><\/span><\/span><\/h1>\n<p><a href=\"https:\/\/wa.me\/525532336912?text=\" target=\"_blank\" rel=\"noopener\">                    <\/a><\/p>\n<p style=\"text-align: center;\"><a href=\"https:\/\/wa.me\/525532336912?text=\" target=\"_blank\" style=\"outline: none;\" rel=\"noopener\">525532336912<\/a><\/p>\n<p><a href=\"mailto:carmencampos@menteatufavor.com\" target=\"_blank\" rel=\"noopener\">                    <\/a><\/p>\n<p style=\"text-align: center;\"><a href=\"mailto:carmencampos@menteatufavor.com\" target=\"_blank\" style=\"outline: none;\" rel=\"noopener\">carmencampos@menteatufavor.com<\/a><\/p>\n<p><a href=\"https:\/\/www.facebook.com\/menteatufavor\/\" target=\"_blank\" rel=\"noopener\">                    <\/a><\/p>\n<p style=\"text-align: center;\"><a href=\"https:\/\/www.facebook.com\/menteatufavor\/\" target=\"_blank\" style=\"outline: none;\" rel=\"noopener\">@menteatufavor<\/a><\/p>\n<p><span><a href=\"https:\/\/www.instagram.com\/menteatufavor\" target=\"_blank\" rel=\"noopener\"><img decoding=\"async\" alt=\"\" data-id=\"5708\" width=\"48\" data-init-width=\"512\" height=\"48\" data-init-height=\"512\" title=\"icono de instagram\" src=\"https:\/\/reprogramacionintegral.com\/wp-content\/uploads\/2021\/06\/instagram-icono.png\" data-width=\"48\" data-height=\"48\" style=\"\" data-link-wrap=\"true\" loading=\"lazy\"><\/a><\/span><\/p>\n<p _msthash=\"972816\" _msttexthash=\"407329\" _msthidden=\"1\" style=\"\"><a href=\"https:\/\/www.instagram.com\/menteatufavor\" target=\"_blank\" style=\"outline: none;\" rel=\"noopener\">Instagram.com\/menteatufavor.com<\/a><\/p>\n<p><span style=\"\"><img decoding=\"async\" alt=\"\" data-id=\"5709\" width=\"136\" data-init-width=\"1920\" height=\"77\" data-init-height=\"1080\" title=\"youtube 3\" src=\"https:\/\/reprogramacionintegral.com\/wp-content\/uploads\/2021\/06\/youtube-3.png\" data-width=\"136\" data-height=\"77\" style=\"\" mt-d=\"-24\" center-v-d=\"false\" loading=\"lazy\"><\/span><\/p>\n<p _msthash=\"972816\" _msttexthash=\"407329\" _msthidden=\"1\" style=\"\"><a href=\"http:\/\/youtube.com\/@menteatufavor\" target=\"_blank\" rel=\"noopener\">youtube.com\/@menteatufavor<\/a><\/p>\n<p _msthash=\"972816\" _msttexthash=\"407329\" _msthidden=\"1\" style=\"text-align: center;\"><a href=\"https:\/\/reprogramacionintegral.com\/\" target=\"_blank\" _msthash=\"573404\" _msttexthash=\"361738\" style=\"outline: none;\" rel=\"noopener\">Ir a p\u00e1gina de inicio<\/a><\/p>\n<h4 style=\"text-align: center;\" _msthash=\"1099969\" _msttexthash=\"40174524\">\u00a9 2025 Reprogramaci\u00f3n Integral \u2013 Todos los derechos reservados<a href=\"https:\/\/reprogramacionintegral.com\/index.php\/aviso-legal\/\" target=\"_blank\" style=\"outline: none;\" rel=\"noopener\"><span style=\"color: rgb(255, 255, 255);\">Aviso Legal <\/span><\/a><span style=\"color: rgb(255, 255, 255);\">\u2013 <a href=\"https:\/\/reprogramacionintegral.com\/index.php\/politica-de-privacidad-y-cookies\/\" target=\"_blank\" style=\"outline: none;\" rel=\"noopener\">Pol\u00edtica de privacidad <\/a>\u2013 <a href=\"https:\/\/reprogramacionintegral.com\/index.php\/politica-de-privacidad-y-cookies\/\" style=\"outline: none;\">Cookies<\/a>&nbsp;\u2013&nbsp;<a href=\"https:\/\/reprogramacionintegral.com\/index.php\/politica-de-contratacion\/\" style=\"outline: none;\">Contrataci\u00f3n<\/a><\/span><\/h4>\n","protected":false},"excerpt":{"rendered":"<p>MENTE A TU FAVOR Eleva la Vibraci\u00f3n de tus Pensamientos y tus Emociones Manifiesta lo que deseas en cada \u00e1rea de tu vida Sana tu Relaci\u00f3n de Pareja TERAPIA Crea el tipo de Relaci\u00f3n que deseas desde la consciencia \u00bfCada vez que estas en una relaci\u00f3n de pareja, repites los mismos errores una y otra [&hellip;]<\/p>\n","protected":false},"author":1,"featured_media":0,"parent":0,"menu_order":0,"comment_status":"closed","ping_status":"closed","template":"","meta":[],"aioseo_notices":[],"_links":{"self":[{"href":"https:\/\/reprogramacionintegral.com\/index.php\/wp-json\/wp\/v2\/pages\/4805"}],"collection":[{"href":"https:\/\/reprogramacionintegral.com\/index.php\/wp-json\/wp\/v2\/pages"}],"about":[{"href":"https:\/\/reprogramacionintegral.com\/index.php\/wp-json\/wp\/v2\/types\/page"}],"author":[{"embeddable":true,"href":"https:\/\/reprogramacionintegral.com\/index.php\/wp-json\/wp\/v2\/users\/1"}],"replies":[{"embeddable":true,"href":"https:\/\/reprogramacionintegral.com\/index.php\/wp-json\/wp\/v2\/comments?post=4805"}],"version-history":[{"count":81,"href":"https:\/\/reprogramacionintegral.com\/index.php\/wp-json\/wp\/v2\/pages\/4805\/revisions"}],"predecessor-version":[{"id":8376,"href":"https:\/\/reprogramacionintegral.com\/index.php\/wp-json\/wp\/v2\/pages\/4805\/revisions\/8376"}],"wp:attachment":[{"href":"https:\/\/reprogramacionintegral.com\/index.php\/wp-json\/wp\/v2\/media?parent=4805"}],"curies":[{"name":"wp","href":"https:\/\/api.w.org\/{rel}","templated":true}]}}