{"id":3776,"date":"2020-11-15T19:56:06","date_gmt":"2020-11-16T01:56:06","guid":{"rendered":"https:\/\/reprogramacionintegral.com\/?page_id=3776"},"modified":"2023-04-27T14:56:53","modified_gmt":"2023-04-27T19:56:53","slug":"aviso-legal","status":"publish","type":"page","link":"https:\/\/reprogramacionintegral.com\/index.php\/aviso-legal\/","title":{"rendered":"Aviso Legal"},"content":{"rendered":"<p>Aviso legal<\/p>\n<p><strong>AVISO LEGAL Y T\u00c9RMINOS DE USO <\/strong><\/p>\n<p>Puedo garantizarle que se encuentra en un espacio 100 % seguro, la protecci\u00f3n de sus datos personales es muy importante para nosotros, por tal raz\u00f3n con fundamento en los art\u00edculos 15 y 16 de la ley federal de protecci\u00f3n de datos personales en posesi\u00f3n de particulares, a continuaci\u00f3n, se hace constar:<\/p>\n<p><strong>1.1. Datos identificativos del responsable<\/strong><\/p>\n<p>Con fundamento en los art\u00edculos 15 y 16 de la ley federal de protecci\u00f3n de datos personales en posesi\u00f3n de particulares le informo que:<\/p>\n<p>Mi denominaci\u00f3n social es: Mar\u00eda del Carmen Campos Padilla<\/p>\n<p>Email: carmencampos@reprogramacionintegral.com<\/p>\n<p>Mi actividad social es: Blogging, Terapeuta hol\u00edstica.<\/p>\n<p><strong>1.2. Finalidad de la p\u00e1gina web.<\/strong><\/p>\n<p>Los servicios prestados por el responsable de la p\u00e1gina web son los siguientes:<\/p>\n<p>Asesoramiento a particulares y profesionales a conseguir sus objetivos y metas<\/p>\n<p>La venta de servicios y varios cursos formativos sobre desarrollo personal<\/p>\n<p>Suministrar informaci\u00f3n de contenidos relacionados con el crecimiento personal<\/p>\n<p>Gestionar la lista de suscriptores y usuarios adscritos al curso o alg\u00fan otro servicio relacionado con la p\u00e1gina.<\/p>\n<p>Dirigir su red de afiliados y proveedores, as\u00ed como la gesti\u00f3n de pagos de los mismos.<\/p>\n<p><strong>1.3. Usuarios:\u202f<\/strong><\/p>\n<p>El acceso y\/o uso de este sitio web atribuye la condici\u00f3n de USUARIO, que acepta, desde dicho acceso y\/o uso,\u202flos presentes t\u00e9rminos de uso, no obstante, por el mero uso de la p\u00e1gina web no significa el inicio de relaci\u00f3n laboral\/comercial alguna.<\/p>\n<p><strong>1.4. Uso del sitio web y captura de informaci\u00f3n: <\/strong><\/p>\n<p><strong>1.4.1 USO DEL SITIO WEB<em> <\/em><\/strong><\/p>\n<p>La p\u00e1gina web https:\/\/reprogramacionintegral.com en adelante <strong>(la web)<\/strong> proporciona el acceso a art\u00edculos, informaciones, servicios y datos (en adelante, \u201clos contenidos\u201d) propiedad de Mar\u00eda del Carmen Campos Padilla. El USUARIO asume la responsabilidad del uso de la web.<\/p>\n<p>El USUARIO se compromete a hacer un uso adecuado de los contenidos que ofrece a trav\u00e9s de su web y con car\u00e1cter enunciativo pero no limitativo, a no emplearlos para:<\/p>\n<p>(a) incurrir en actividades il\u00edcitas, ilegales o contrarias a la buena fe y al orden p\u00fablico;<\/p>\n<p>(b) difundir contenidos o propaganda de car\u00e1cter racista, xen\u00f3fobo, pornogr\u00e1fico-ilegal, de apolog\u00eda del terrorismo o atentatorio contra los derechos humanos;<\/p>\n<p>(c) provocar da\u00f1os en los sistemas f\u00edsicos y l\u00f3gicos de https:\/\/reprogramaci\u00f3nintegral.com, de sus proveedores o de terceras personas, introducir o difundir en la red virus inform\u00e1ticos o cualesquiera otros sistemas f\u00edsicos o l\u00f3gicos que sean susceptibles de provocar los da\u00f1os anteriormente mencionados;<\/p>\n<p>(d) intentar acceder y, en su caso, utilizar las cuentas de correo electr\u00f3nico de otros usuarios y modificar o manipular sus mensajes.<\/p>\n<p><strong>Mar\u00eda del Carmen Campos Padilla\u202f<\/strong>se reserva el derecho de retirar todos aquellos comentarios y aportaciones que vulneren el respeto a la dignidad de la persona, que sean discriminatorios, xen\u00f3fobos, racistas, pornogr\u00e1ficos, que atenten contra la juventud o la infancia, el orden o la seguridad p\u00fablica o que, a su juicio, no resultaran adecuados para su publicaci\u00f3n.<\/p>\n<p>En cualquier caso, Mar\u00eda del Carmen Campos Padilla no ser\u00e1 responsable de las opiniones vertidas por los usuarios a trav\u00e9s del blog u otras herramientas de participaci\u00f3n que puedan crearse, conforme a lo previsto en la normativa de aplicaci\u00f3n.<\/p>\n<p><strong>1.4.2 Captura de informaci\u00f3n<\/strong><\/p>\n<p>\u2013 Formulario de contacto, donde el USUARIO deber\u00e1 rellenar el campo de correo electr\u00f3nico, asunto y nombre.<\/p>\n<p>\u2013 Formulario de suscripci\u00f3n, rellenando el USUARIO los campos necesarios para la adquisici\u00f3n del curso.<\/p>\n<p>\u2013 Cookies de rastreo, conforme a las siguientes reglas. https:\/\/reprogramacionintegral.com\/index.php\/politica-de-privacidad-cookies\/<\/p>\n<p>\u2013 Navegaci\u00f3n y Direcci\u00f3n IP: Al navegar por esta web, el usuario facilita de forma autom\u00e1tica al servidor de la web informaci\u00f3n relativa a tu direcci\u00f3n IP, fecha y hora de acceso, el hiperv\u00ednculo que le ha reenviado a \u00e9stas, tu sistema operativo y el navegador utilizado. Esta web no utilizar\u00e1 la IP para identificar a sus usuarios, estos datos ser\u00e1n guardados y utilizados \u00fanicamente para el control y realizaci\u00f3n de estad\u00edsticas de acceso y visitas a la web, para analizar tendencias, administrar el sitio, y para recopilar informaci\u00f3n demogr\u00e1fica sobre nuestra base de usuarios en su conjunto. En ning\u00fan caso ser\u00e1n comunicados o cedidos a terceros.<\/p>\n<p>A pesar de lo anterior, los usuarios podr\u00e1n <strong>darse de baja en cualquier momento<\/strong> de los servicios prestados por <strong>Mar\u00eda del Carmen Campos Padilla <\/strong>o datos aportados por el USUARIO dando cumplimiento a la normativa vigente sobre Protecci\u00f3n de Datos. Asimismo, tanto al suscribirse a esta p\u00e1gina web como al realizar alg\u00fan comentario en cualquiera de sus p\u00e1ginas y\/o entradas, el usuario consiente:<\/p>\n<p>1. El tratamiento de sus datos personales en el entorno de WordPress conforme a <a href=\"http:\/\/automattic.com\/privacy\/\">sus pol\u00edticas de privacidad<\/a>.<\/p>\n<p>2. El acceso de <strong>Mar\u00eda del Carmen Campos Padilla <\/strong>a los datos que, de acuerdo con la infraestructura de WordPress, necesite el usuario aportar bien para la suscripci\u00f3n al curso bien para cualquier consulta mediante el formulario de contacto.<\/p>\n<p>Asimismo, informamos que la informaci\u00f3n de nuestros usuarios est\u00e1 protegida de acuerdo a nuestra pol\u00edtica de privacidad. https:\/\/reprogramacionintegral.com\/index.php\/politica-de-privacidad-cookies\/<\/p>\n<p>&nbsp;Al activar una suscripci\u00f3n, formulario de contacto o comentario, el usuario comprende y acepta que:<\/p>\n<p>Desde el momento en que efect\u00faa su suscripci\u00f3n o accede a alg\u00fan servicio de pago, <strong>Mar\u00eda del Carmen Campos Padilla<\/strong> tiene acceso<strong> <\/strong><\/p>\n<p><strong>a<\/strong>: Nombre, y email, o dem\u00e1s datos necesarios para facturaci\u00f3n conformando un fichero con el nombre de \u201cUSUARIOS DE LA WEB Y SUSCRIPTORES\u201d o en el caso de realizar alguna compra, ser\u00e1 suscrito al fichero de \u201cCLIENTES\u201d teniendo acceso a datos de nombre, apellidos, email, dni y domicilio completo.<\/p>\n<p>En todo caso\u202f<strong>Mar\u00eda del Carmen Campos Padilla <\/strong>se reserva el derecho de modificar, en cualquier momento y sin necesidad de previo aviso, la presentaci\u00f3n y configuraci\u00f3n de la web\u202f<strong>[WEB]<\/strong> como el presente aviso legal.<\/p>\n<p><strong>PROPIEDAD INTELECTUAL E INDUSTRIAL:\u202f<\/strong><\/p>\n<p><strong>Mar\u00eda del Carmen Campos Padilla <\/strong>por s\u00ed o como cesionario, es titular de todos los derechos de propiedad intelectual e industrial de su p\u00e1gina web, as\u00ed como de los elementos contenidos en la misma (a t\u00edtulo enunciativo, im\u00e1genes, sonido, audio, v\u00eddeo, software o textos; marcas o logotipos, combinaciones de colores, estructura y dise\u00f1o, selecci\u00f3n de materiales usados, programas de ordenador necesarios para su funcionamiento, acceso y uso, etc.), titularidad de<strong> Mar\u00eda del Carmen Campos Padilla<\/strong> o bien de sus licenciantes. Todos los derechos reservados.<\/p>\n<p>Cualquier uso no autorizado previamente por <strong>Mar\u00eda del Carmen Campos Padilla, <\/strong>ser\u00e1 considerado un incumplimiento grave de los derechos de propiedad intelectual o industrial del autor.<\/p>\n<p>Quedan expresamente prohibidas la reproducci\u00f3n, la distribuci\u00f3n y la comunicaci\u00f3n p\u00fablica, incluida su modalidad de puesta a disposici\u00f3n, de la totalidad o parte de los contenidos de esta p\u00e1gina web, con fines comerciales, en cualquier soporte y por cualquier medio t\u00e9cnico, sin la autorizaci\u00f3n de <strong>Mar\u00eda del Carmen Campos Padilla.<\/strong><\/p>\n<p>El USUARIO se compromete a respetar los derechos de Propiedad Intelectual e Industrial titularidad de<strong> <\/strong><strong>Mar\u00eda del Carmen Campos Padilla.<\/strong> Podr\u00e1 visualizar \u00fanicamente los elementos de la web sin posibilidad de imprimirlos, copiarlos o almacenarlos en el disco duro de su ordenador o en cualquier otro soporte f\u00edsico. El USUARIO deber\u00e1 abstenerse de suprimir, alterar, eludir o manipular cualquier dispositivo de protecci\u00f3n o sistema de seguridad que estuviera instalado en las p\u00e1ginas de <strong>Mar\u00eda del Carmen Campos Padilla.<\/strong><\/p>\n<p>En relaci\u00f3n a los cursos, queda terminantemente prohibido compartir la licencia para uso con m\u00e1s personas, <strong>cada licencia es personal e intransferible reserv\u00e1ndonos cuantas acciones civiles y penales nos asistan en aras de salvaguardar nuestros derechos<\/strong>, todo ello bajo apercibimiento de incurrir en un delito contra la propiedad intelectual.<\/p>\n<p><strong>EXCLUSI\u00d3N DE GARANT\u00cdAS Y RESPONSABILIDAD<\/strong><\/p>\n<p><strong>Mar\u00eda del Carmen Campos Padilla\u202f<\/strong>no se hace responsable, en ning\u00fan caso, de los da\u00f1os y perjuicios de cualquier naturaleza que pudieran ocasionar, a t\u00edtulo enunciativo: por errores u omisiones en los contenidos, por falta de disponibilidad del sitio web, \u2013 el cual realizar\u00e1 paradas peri\u00f3dicas por mantenimientos t\u00e9cnicos \u2013 as\u00ed como por la transmisi\u00f3n de virus o programas maliciosos o lesivos en los contenidos, a pesar de haber adoptado todas las medidas tecnol\u00f3gicas necesarias para evitarlo.<\/p>\n<p><strong>MODIFICACIONES<\/strong><\/p>\n<p><strong>Mar\u00eda del Carmen Campos Padilla <\/strong>se reserva el derecho de efectuar sin previo aviso las modificaciones que considere oportunas en su web, pudiendo cambiar, suprimir o a\u00f1adir tanto los contenidos y servicios que se presten a trav\u00e9s de la misma como la forma en la que \u00e9stos aparezcan presentados o localizados en su web.<\/p>\n<p><strong>POL\u00cdTICA DE ENLACES<\/strong><\/p>\n<p>Las personas o entidades que pretendan realizar o realicen un hiperenlace desde una p\u00e1gina web de otro portal de Internet a la web de <strong>Mar\u00eda del Carmen Campos Padilla <\/strong>deber\u00e1 someterse\u202flas siguientes condiciones:<\/p>\n<p>\u2013 No se permite la reproducci\u00f3n total o parcial de ninguno de los servicios ni contenidos del sitio web sin la previa autorizaci\u00f3n expresa de\u202f<strong>Mar\u00eda del Carmen Campos Padilla.<\/strong><\/p>\n<p>\u2013 No se establecer\u00e1n deep-links ni enlaces IMG o de imagen, ni frames con la web de <strong>Mar\u00eda del Carmen Campos Padilla<\/strong> sin su previa autorizaci\u00f3n expresa.<\/p>\n<p>\u2013 No se establecer\u00e1 ninguna manifestaci\u00f3n falsa, inexacta o incorrecta sobre la web de <strong>Mar\u00eda del Carmen Campos Padilla<\/strong>, ni sobre los servicios o contenidos de la misma. Salvo aquellos signos que formen parte del hiperv\u00ednculo, la p\u00e1gina web en la que\u202fse establezca no contendr\u00e1 ninguna marca, nombre comercial, r\u00f3tulo de establecimiento, denominaci\u00f3n, logotipo, eslogan u otros signos distintivos pertenecientes a <strong>Mar\u00eda del Carmen Campos Padilla<\/strong>, salvo autorizaci\u00f3n expresa de \u00e9ste.<\/p>\n<p>\u2013 El establecimiento del hiperv\u00ednculo no implicar\u00e1 la existencia de relaciones entre <strong>Mar\u00eda del Carmen Campos Padilla<\/strong> y el titular de la p\u00e1gina web o del portal desde el cual se realice, ni el conocimiento y aceptaci\u00f3n de\u202f<strong>Mar\u00eda del Carmen Campos Padilla <\/strong>de los servicios y contenidos ofrecidos en dicha p\u00e1gina web o portal.<\/p>\n<p>\u2013\u202f<strong>Mar\u00eda del Carmen Campos Padilla<\/strong>\u202fno ser\u00e1 responsable de los contenidos o servicios puestos a disposici\u00f3n del p\u00fablico en la p\u00e1gina web o portal desde el cual se realice el hiperv\u00ednculo, ni de las informaciones y manifestaciones incluidas en los mismos.<\/p>\n<p>El sitio web de\u202f<strong>Mar\u00eda del Carmen Campos Padilla <\/strong>puede poner a disposici\u00f3n del usuario conexiones y enlaces a otros sitios web gestionados y controlados por terceros. Dichos enlaces tienen como exclusiva funci\u00f3n, la de facilitar a los usuarios la b\u00fasqueda de informaci\u00f3n, contenidos y servicios en Internet, sin que en ning\u00fan caso pueda considerarse una sugerencia, recomendaci\u00f3n o invitaci\u00f3n para la visita de los mismos.<\/p>\n<p><strong>Mar\u00eda del Carmen Campos Padilla<\/strong>\u202fno comercializa, ni dirige, ni controla previamente, ni hace propios los contenidos, servicios, informaciones y manifestaciones disponibles en dichos sitios web.<\/p>\n<p><strong>Mar\u00eda del Carmen Campos Padilla <\/strong>no asume ning\u00fan tipo de responsabilidad, ni siquiera de forma indirecta o subsidiaria, por los da\u00f1os y perjuicios de toda clase que pudieran derivarse del acceso, mantenimiento, uso, calidad, licitud, fiabilidad y utilidad de los contenidos, informaciones, comunicaciones, opiniones, manifestaciones, productos y servicios existentes u ofrecidos en los sitios web no gestionados por\u202f<strong> Mar\u00eda del Carmen Campos Padilla<\/strong> y que resulten accesibles a trav\u00e9s de <strong>Mar\u00eda del Carmen Campos Padilla.<\/strong><\/p>\n<p><strong>DERECHO DE EXCLUSI\u00d3N<\/strong><\/p>\n<p><strong>Mar\u00eda del Carmen Campos Padilla <\/strong>se reserva el derecho a denegar o retirar el acceso al portal y\/o los servicios ofrecidos sin necesidad de preaviso, a instancia propia o de un tercero, a aquellos usuarios que incumplan las presentes Condiciones Generales de Uso.<\/p>\n<p><strong>GENERALIDADES<\/strong><\/p>\n<p><strong>Mar\u00eda del Carmen Campos Padilla\u202f<\/strong>perseguir\u00e1 el incumplimiento de las presentes condiciones, as\u00ed como cualquier utilizaci\u00f3n indebida de su web ejerciendo todas las acciones civiles y penales que le puedan corresponder en derecho.<\/p>\n<p><strong>MODIFICACI\u00d3N DE LAS PRESENTES CONDICIONES Y DURACI\u00d3N<\/strong><\/p>\n<p><strong>Mar\u00eda del Carmen Campos Padilla\u202f<\/strong>podr\u00e1 modificar en cualquier momento las condiciones aqu\u00ed determinadas, siendo debidamente publicadas como aqu\u00ed aparecen. La vigencia de las citadas condiciones ir\u00e1 en funci\u00f3n de su exposici\u00f3n y estar\u00e1n vigentes hasta que sean modificadas por otras debidamente publicadas.<\/p>\n<p><strong>9. RECLAMACIONES Y DUDAS<\/strong><\/p>\n<p><strong>Mar\u00eda del Carmen Campos Padilla <\/strong>informa que existen hojas de reclamaci\u00f3n a disposici\u00f3n de usuarios y clientes pudiendo remitir un correo a <a href=\"mailto:carmencampos@reprogramacionintegral.com\" style=\"outline: none;\">carmencampos@reprogramacionintegral.com<\/a> &nbsp;indicando su nombre y apellidos, el servicio o producto adquirido y exponiendo los motivos de su reclamaci\u00f3n.<\/p>\n<p><strong>LEGISLACI\u00d3N APLICABLE Y JURISDICCI\u00d3N<\/strong><\/p>\n<p>La relaci\u00f3n entre \u202f<strong> Mar\u00eda del Carmen Campos Padilla <\/strong>y el USUARIO se regir\u00e1 por las leyes mexicanas vigentes y cualquier controversia se someter\u00e1 a los Juzgados y tribunales de la ciudad de M\u00e9xico, M\u00e9xico, independientemente del domicilio del USUARIO o de Mar\u00eda del Carmen Campos Padilla.<\/p>\n<h4 style=\"text-align: center;\">\u00a9 2023 Reprogramaci\u00f3n Integral \u2013 Todos los derechos reservados<span style=\"color: rgb(255, 255, 255);\"><a href=\"https:\/\/reprogramacionintegral.com\/index.php\/aviso-legal\/\" style=\"outline: none;\">Aviso Legal<\/a> \u2013 <a href=\"https:\/\/reprogramacionintegral.com\/index.php\/politica-de-privacidad-y-cookies\/\" target=\"_blank\" style=\"outline: none;\" rel=\"noopener\">Pol\u00edtica de privacidad <\/a>\u2013 <a href=\"https:\/\/reprogramacionintegral.com\/index.php\/politica-de-privacidad-y-cookies\/\" style=\"outline: none;\">Cookies<\/a>&nbsp;\u2013&nbsp;<a href=\"https:\/\/reprogramacionintegral.com\/index.php\/politica-de-contratacion\/\" style=\"outline: none;\">Contrataci\u00f3n<\/a><\/span><\/h4>\n","protected":false},"excerpt":{"rendered":"<p>Aviso legal AVISO LEGAL Y T\u00c9RMINOS DE USO Puedo garantizarle que se encuentra en un espacio 100 % seguro, la protecci\u00f3n de sus datos personales es muy importante para nosotros, por tal raz\u00f3n con fundamento en los art\u00edculos 15 y 16 de la ley federal de protecci\u00f3n de datos personales en posesi\u00f3n de particulares, a [&hellip;]<\/p>\n","protected":false},"author":1,"featured_media":0,"parent":0,"menu_order":0,"comment_status":"closed","ping_status":"closed","template":"","meta":[],"aioseo_notices":[],"_links":{"self":[{"href":"https:\/\/reprogramacionintegral.com\/index.php\/wp-json\/wp\/v2\/pages\/3776"}],"collection":[{"href":"https:\/\/reprogramacionintegral.com\/index.php\/wp-json\/wp\/v2\/pages"}],"about":[{"href":"https:\/\/reprogramacionintegral.com\/index.php\/wp-json\/wp\/v2\/types\/page"}],"author":[{"embeddable":true,"href":"https:\/\/reprogramacionintegral.com\/index.php\/wp-json\/wp\/v2\/users\/1"}],"replies":[{"embeddable":true,"href":"https:\/\/reprogramacionintegral.com\/index.php\/wp-json\/wp\/v2\/comments?post=3776"}],"version-history":[{"count":15,"href":"https:\/\/reprogramacionintegral.com\/index.php\/wp-json\/wp\/v2\/pages\/3776\/revisions"}],"predecessor-version":[{"id":8240,"href":"https:\/\/reprogramacionintegral.com\/index.php\/wp-json\/wp\/v2\/pages\/3776\/revisions\/8240"}],"wp:attachment":[{"href":"https:\/\/reprogramacionintegral.com\/index.php\/wp-json\/wp\/v2\/media?parent=3776"}],"curies":[{"name":"wp","href":"https:\/\/api.w.org\/{rel}","templated":true}]}}