{"id":3523,"date":"2020-11-05T20:14:55","date_gmt":"2020-11-06T02:14:55","guid":{"rendered":"https:\/\/reprogramacionintegral.com\/?page_id=3523"},"modified":"2022-08-18T15:26:18","modified_gmt":"2022-08-18T20:26:18","slug":"caja","status":"publish","type":"page","link":"https:\/\/reprogramacionintegral.com\/index.php\/caja\/","title":{"rendered":"Paypal"},"content":{"rendered":"<a class=\"tcb-logo thrv_wrapper\" data-img-style=\"\" data-css=\"tve-u-182b28b44a2\" class=\"\"><img src=\"https:\/\/reprogramacionintegral.com\/wp-content\/uploads\/2021\/05\/logo-extra-grande-2.png\" height=\"1080\" width=\"1920\" alt=\"\" style=\"\"><\/img><\/a>\n<h1 data-unit=\"px\" style=\"text-align: center;\"><strong><span _msthash=\"824655\" _msttexthash=\"655291\">Solicita tu terapia en online<\/span><\/strong><\/h1>\n<p style=\"text-align: center;\"><strong _msthash=\"803621\" _msttexthash=\"1525212\"><span>Costo por sesi\u00f3n en l\u00ednea:<\/span><\/strong><\/p>\n<p style=\"text-align: center;\"><strong _msthash=\"803621\" _msttexthash=\"1525212\"><span>&nbsp;$800.00 pesos mexicanos <\/span><\/strong><\/p>\n<p style=\"text-align: center;\"><strong _msthash=\"803622\" _msttexthash=\"453947\">Equivalente a 40 EUR o 40 USD<\/strong><\/p>\n<p>                          [tcb-script src=&#8221;https:\/\/www.paypal.com\/sdk\/js?client-id=sb&amp;enable-funding=venmo&amp;currency=MXN&#8221; data-sdk-integration-source=&#8221;button-factory&#8221;][\/tcb-script]  [tcb-script]    function initPayPalButton() {      paypal.Buttons({        style: {          shape: &#8216;pill&#8217;,          color: &#8216;gold&#8217;,          layout: &#8216;vertical&#8217;,          label: &#8216;paypal&#8217;,                  },        createOrder: function(data, actions) {          return actions.order.create({            purchase_units: [{&#8220;amount&#8221;:{&#8220;currency_code&#8221;:&#8221;MXN&#8221;,&#8221;value&#8221;:800}}]          });        },        onApprove: function(data, actions) {          return actions.order.capture().then(function(orderData) {                        \/\/ Full available details            console.log(&#8216;Capture result&#8217;, orderData, JSON.stringify(orderData, null, 2));            \/\/ Show a success message within this page, e.g.            const element = document.getElementById(&#8216;paypal-button-container&#8217;);            element.innerHTML = &#8221;;            element.innerHTML = &#8216;&lt;h3&gt;Thank you for your payment!&lt;\/h3&gt;&#8217;;            \/\/ Or go to another URL:  actions.redirect(&#8216;thank_you.html&#8217;);                      });        },        onError: function(err) {          console.log(err);        }      }).render(&#8216;#paypal-button-container&#8217;);    }    initPayPalButton();  [\/tcb-script]      <\/p>\n<p style=\"text-align: center;\"><strong _msthash=\"803623\" _msttexthash=\"843518\">\u00bfQu\u00e9 incluye la terapia en l\u00ednea?<\/strong><\/p>\n<p style=\"text-align: center;\"><strong><span _msthash=\"803624\" _msttexthash=\"693394\">&gt;&gt; 1:30 hrs. de sesi\u00f3n en l\u00ednea<\/span><\/strong><\/p>\n<p style=\"text-align: center;\"><span><strong _msthash=\"803625\" _msttexthash=\"3297645\">&gt;&gt; Meditaci\u00f3n guiada en relaci\u00f3n con el tema trabajado durante la sesi\u00f3n&nbsp;<\/strong><\/span><\/p>\n<p style=\"text-align: center;\"><span _msthash=\"803626\" _msttexthash=\"2523118\"><b style=\"color: rgba(220, 14, 164, 0.88); font-size: 20px !important;\" _istranslated=\"1\"><span>&gt;&gt; Contacto v\u00eda&nbsp;<\/span><\/b><span><span> <span _istranslated=\"1\"> <b _istranslated=\"1\">WhatsApp en el periodo entre<\/b> <\/span><\/span><\/span><b style=\"color: rgba(220, 14, 164, 0.88); font-size: 20px !important;\" _istranslated=\"1\"><span><strong><span>sesiones<\/span><\/strong><\/span><\/b><\/span><\/p>\n<p style=\"text-align: center;\"><span><strong _msthash=\"803627\" _msttexthash=\"1393509\">&gt;&gt; Material de apoyo para facilitar el proceso&nbsp;<\/strong><\/span><\/p>\n<p style=\"text-align: center;\"><strong><span _msthash=\"803628\" _msttexthash=\"5818579\">&gt;&gt; Programaci\u00f3n de tareas realizar en tu d\u00eda un d\u00eda para llevar a cabo lo trabajado durante la sesi\u00f3n <\/span><\/strong><\/p>\n<p _msthash=\"972816\" _msttexthash=\"407329\" _msthidden=\"1\" style=\"text-align: center;\"><strong _msthash=\"573404\" _msttexthash=\"2276742\">Para cualquier duda o informaci\u00f3n cont\u00e1ctame por WhatsApp o env\u00edame un e-mail<\/strong><\/p>\n<p><a href=\"https:\/\/wa.me\/525532336912?text=\" target=\"_blank\" rel=\"noopener\">                    <\/a><\/p>\n<p style=\"text-align: center;\"><a href=\"https:\/\/wa.me\/525532336912?text=\" target=\"_blank\" style=\"outline: none;\" rel=\"noopener\">525532336912<\/a><\/p>\n<p><a href=\"mailto:carmencampos@menteatufavor.com\" target=\"_blank\" rel=\"noopener\">                    <\/a><\/p>\n<p style=\"text-align: center;\"><a href=\"mailto:carmencampos@menteatufavor.com\" target=\"_blank\" style=\"outline: none;\" rel=\"noopener\">carmencampos@menteatufavor.com<\/a><\/p>\n<h4 style=\"text-align: center;\" _msthash=\"1413412\" _msttexthash=\"40140269\">\u00a9 2021 Reprogramaci\u00f3n Integral &#8211; Mente a tu favor \u2013 Todos los derechos reservados &#8211;<span _istranslated=\"1\"><a href=\"https:\/\/reprogramacionintegral.com\/index.php\/aviso-legal\/\" style=\"outline: none;\" _istranslated=\"1\">&nbsp;Aviso Legal<\/a> \u2013 <a href=\"https:\/\/reprogramacionintegral.com\/index.php\/politica-de-privacidad-y-cookies\/\" target=\"_blank\" style=\"outline: none;\" _istranslated=\"1\" rel=\"noopener\">Pol\u00edtica de Privacidad <\/a>\u2013 <a href=\"https:\/\/reprogramacionintegral.com\/index.php\/politica-de-privacidad-y-cookies\/\" style=\"outline: none;\" _istranslated=\"1\">Cookies<\/a> \u2013 <a href=\"https:\/\/reprogramacionintegral.com\/index.php\/politica-de-contratacion\/\" style=\"outline: none;\" _istranslated=\"1\">Contrataci\u00f3n<\/a> <\/span><\/h4>\n","protected":false},"excerpt":{"rendered":"<p>Solicita tu terapia en online Costo por sesi\u00f3n en l\u00ednea: &nbsp;$800.00 pesos mexicanos Equivalente a 40 EUR o 40 USD [tcb-script src=&#8221;https:\/\/www.paypal.com\/sdk\/js?client-id=sb&amp;enable-funding=venmo&amp;currency=MXN&#8221; data-sdk-integration-source=&#8221;button-factory&#8221;][\/tcb-script] [tcb-script] function initPayPalButton() { paypal.Buttons({ style: { shape: &#8216;pill&#8217;, color: &#8216;gold&#8217;, layout: &#8216;vertical&#8217;, label: &#8216;paypal&#8217;, }, createOrder: function(data, actions) { return actions.order.create({ purchase_units: [{&#8220;amount&#8221;:{&#8220;currency_code&#8221;:&#8221;MXN&#8221;,&#8221;value&#8221;:800}}] }); }, onApprove: function(data, actions) { return actions.order.capture().then(function(orderData) [&hellip;]<\/p>\n","protected":false},"author":1,"featured_media":0,"parent":0,"menu_order":0,"comment_status":"closed","ping_status":"closed","template":"","meta":[],"aioseo_notices":[],"_links":{"self":[{"href":"https:\/\/reprogramacionintegral.com\/index.php\/wp-json\/wp\/v2\/pages\/3523"}],"collection":[{"href":"https:\/\/reprogramacionintegral.com\/index.php\/wp-json\/wp\/v2\/pages"}],"about":[{"href":"https:\/\/reprogramacionintegral.com\/index.php\/wp-json\/wp\/v2\/types\/page"}],"author":[{"embeddable":true,"href":"https:\/\/reprogramacionintegral.com\/index.php\/wp-json\/wp\/v2\/users\/1"}],"replies":[{"embeddable":true,"href":"https:\/\/reprogramacionintegral.com\/index.php\/wp-json\/wp\/v2\/comments?post=3523"}],"version-history":[{"count":42,"href":"https:\/\/reprogramacionintegral.com\/index.php\/wp-json\/wp\/v2\/pages\/3523\/revisions"}],"predecessor-version":[{"id":7900,"href":"https:\/\/reprogramacionintegral.com\/index.php\/wp-json\/wp\/v2\/pages\/3523\/revisions\/7900"}],"wp:attachment":[{"href":"https:\/\/reprogramacionintegral.com\/index.php\/wp-json\/wp\/v2\/media?parent=3523"}],"curies":[{"name":"wp","href":"https:\/\/api.w.org\/{rel}","templated":true}]}}