{"id":2359,"date":"2020-09-19T19:25:27","date_gmt":"2020-09-20T00:25:27","guid":{"rendered":"https:\/\/reprogramacionintegral.com\/?page_id=2359"},"modified":"2025-10-29T16:55:54","modified_gmt":"2025-10-29T22:55:54","slug":"autoestima-1","status":"publish","type":"page","link":"https:\/\/reprogramacionintegral.com\/index.php\/autoestima-1\/","title":{"rendered":"Terapia autoestima"},"content":{"rendered":"<a class=\"tcb-logo thrv_wrapper\" data-css=\"tve-u-1794d0cb10f\" data-img-style=\"\" class=\"\"><img src=\"https:\/\/reprogramacionintegral.com\/wp-content\/uploads\/2021\/05\/logo-extra-grande-2.png\" height=\"1080\" width=\"1920\" alt=\"\" style=\"\"><\/img><\/a>\n<h1 style=\"text-align: center;\"><em>MENTE A TU FAVOR<\/em><\/h1>\n<h2 style=\"text-align: center;\"><em><span><strong><span><span><span><span>Eleva la Vibraci\u00f3n de tus&nbsp;<\/span><\/span><\/span><\/span><span><span>Pensamientos y<\/span> <span>Emociones<\/span><\/span><\/strong><\/span><\/em><\/h2>\n<h2 style=\"text-align: center;\"><em><span><strong><span><span>Manifiesta lo que deseas<\/span> <span>en&nbsp;<\/span><\/span><span><span><span>cada \u00e1rea de<\/span> <span>tu<\/span><\/span><span>&nbsp;vida<\/span><\/span><\/strong><\/span><\/em><span>&nbsp;<\/span><\/h2>\n<h3 _msthash=\"972816\" _msthidden=\"1\" _msttexthash=\"407329\" style=\"text-align: center;\"><em><strong>Terapia Autoestima y Empoderamiento<\/strong><\/em><\/h3>\n<p _msthash=\"972816\" _msthidden=\"1\" _msttexthash=\"407329\" style=\"text-align: center;\">\n<p _msthash=\"972816\" _msthidden=\"1\" _msttexthash=\"407329\" style=\"text-align: center;\"><strong><\/strong><\/p>\n<p _msthash=\"972816\" _msthidden=\"1\" _msttexthash=\"407329\" style=\"text-align: center;\"><span><strong>\u00bf<\/strong><strong>Te rechazas<\/strong> <strong><span>y eres tu propio verdugo?<\/span><\/strong><\/span><\/p>\n<p _msthash=\"972816\" _msthidden=\"1\" _msttexthash=\"407329\" style=\"text-align: center;\"><span><span><strong>\u00bf<\/strong><strong>Te enfocas en tus errores y debilidades<\/strong><strong> y<\/strong> <strong>lugar de en tus fortalezas?<\/strong><\/span><\/span><\/p>\n<p _msthash=\"972816\" _msthidden=\"1\" _msttexthash=\"407329\" style=\"text-align: center;\"><span><span><strong>\u00bf<\/strong><strong>No te sientes suficiente<\/strong><strong>?<\/strong><\/span><\/span><\/p>\n<p _msthash=\"972816\" _msthidden=\"1\" _msttexthash=\"407329\" style=\"text-align: center;\"><span><span><strong>\u00bfAlimentas tu presente con<\/strong> <strong>experiencias dolorosas de tu pasado<\/strong><strong>?<\/strong><\/span><\/span><\/p>\n<p _msthash=\"972816\" _msthidden=\"1\" _msttexthash=\"407329\" style=\"text-align: center;\"><span><strong>\u00bf<\/strong><strong>Permites que la opinion de los dem\u00e1s defina qui\u00e9n eres y lo que puedes hacer<\/strong><strong>?<\/strong><\/span><\/p>\n<p><span><img decoding=\"async\" loading=\"lazy\" alt=\"\" data-id=\"2453\" width=\"578\" data-init-width=\"1920\" height=\"385\" data-init-height=\"1280\" title=\"chica-3421489_1920\" src=\"https:\/\/reprogramacionintegral.com\/wp-content\/uploads\/2020\/09\/girl-3421489_1920.jpg\" data-width=\"578\" data-height=\"385\" style=\"\"><\/span><\/p>\n<p _msthash=\"972816\" _msthidden=\"1\" _msttexthash=\"407329\" style=\"text-align: center;\"><b>\u00bfSientes que no eres capaz de lograr lo que deseas?<\/b><\/p>\n<p _msthash=\"972816\" _msthidden=\"1\" _msttexthash=\"407329\" style=\"text-align: center;\"><b>\u00bfVas a la sombra de los dem\u00e1s y no te permites brillar?<\/b><\/p>\n<p _msthash=\"972816\" _msthidden=\"1\" _msttexthash=\"407329\" style=\"text-align: center;\"><b>\u00bfNo sabes que te gusta, que quieres, ni &nbsp;que te apasiona?<\/b><\/p>\n<p _msthash=\"972816\" _msthidden=\"1\" _msttexthash=\"407329\" style=\"text-align: center;\"><b>\u00bfCuando fallas piensas que no tiene caso volverlo a intentar?<\/b><\/p>\n<p><span><img decoding=\"async\" loading=\"lazy\" alt=\"\" data-id=\"5206\" width=\"380\" data-init-width=\"640\" height=\"253\" data-init-height=\"426\" title=\"woman-591576_640\" src=\"https:\/\/reprogramacionintegral.com\/wp-content\/uploads\/2021\/05\/woman-591576_640-4.jpg\" data-width=\"380\" data-height=\"253\"><\/span><\/p>\n<p _msthash=\"972816\" _msthidden=\"1\" _msttexthash=\"407329\" style=\"text-align: center;\">Obt\u00e9n herramientas para <strong>elevar tu Autoestima y Empoderarte<\/strong><\/p>\n<p _msthash=\"972816\" _msthidden=\"1\" _msttexthash=\"407329\" style=\"text-align: center;\">Hazlo en tiempo record y<strong> recupera la confianza y seguridad en ti<\/strong><\/p>\n<p _msthash=\"972816\" _msthidden=\"1\" _msttexthash=\"407329\" style=\"text-align: center;\"><strong>Reconecta con el amor y la aceptaci\u00f3n hacia ti<\/strong><\/p>\n<p _msthash=\"972816\" _msthidden=\"1\" _msttexthash=\"407329\" style=\"text-align: center;\"><b>Reconoce tus miedos y aun con ellos atr\u00e9vete&nbsp;a cumplir tus metas<\/b><\/p>\n<p _msthash=\"972816\" _msthidden=\"1\" _msttexthash=\"407329\" style=\"text-align: center;\"><b>Identifica cu\u00e1les son tus dones y talentos<\/b><\/p>\n<p _msthash=\"972816\" _msthidden=\"1\" _msttexthash=\"407329\" style=\"text-align: center;\"><b>Manifiesta lo que te hace sentir plenitud y satisfacci\u00f3n<\/b><\/p>\n<p _msthash=\"972816\" _msthidden=\"1\" _msttexthash=\"407329\" style=\"text-align: center;\"><b>Crea tu presente y tu futuro desde la mejor versi\u00f3n de ti<\/b><\/p>\n<p _msthash=\"972816\" _msthidden=\"1\" _msttexthash=\"407329\" style=\"text-align: center;\"><b><\/b><\/p>\n<p><span><img decoding=\"async\" loading=\"lazy\" alt=\"\" data-id=\"3138\" width=\"384\" data-init-width=\"2560\" height=\"256\" data-init-height=\"1706\" title=\"1-1 escala\" src=\"https:\/\/reprogramacionintegral.com\/wp-content\/uploads\/2020\/10\/1-1-scaled-2.jpg\" data-width=\"384\" data-height=\"256\"><\/span><\/p>\n<p _msthash=\"972816\" _msthidden=\"1\" _msttexthash=\"407329\" style=\"text-align: center;\"><strong>La Autoestima es el amor y la aceptaci\u00f3n que sentimos hacia nosotros mismos<\/strong><\/p>\n<p _msthash=\"972816\" _msthidden=\"1\" _msttexthash=\"407329\" style=\"text-align: center;\"><strong>Es la Val\u00eda, el Respeto y el Reconocimiento que nos damos<span>&nbsp;<\/span><\/strong><\/p>\n<p _msthash=\"972816\" _msthidden=\"1\" _msttexthash=\"407329\" style=\"text-align: center;\"><span><\/span><span><b>&nbsp;<span>Reconoce tus&nbsp;<\/span><strong><span>\u00e1reas de oportunidad y transf\u00f3rmalas desde el amor y la aceptaci\u00f3n hacia ti &nbsp;<\/span><\/strong><\/b><\/span><\/p>\n<p _msthash=\"972816\" _msthidden=\"1\" _msttexthash=\"407329\" style=\"text-align: center;\"><strong><\/strong><\/p>\n<p _msthash=\"1382753\" _msttexthash=\"61014135\" style=\"text-align: center;\"><span><span>Utilizando el m\u00e9todo Reprogramaci\u00f3n<strong _istranslated=\"1\"> <\/strong> Integral podr\u00e1s:<\/span><\/span><\/p>\n<p _msthash=\"1382753\" _msttexthash=\"61014135\" style=\"text-align: center;\"><span><strong>Ir a la ra\u00edz de tu problema<\/strong> <\/span><\/p>\n<p _msthash=\"1382753\" _msttexthash=\"61014135\" style=\"text-align: center;\"><span>&nbsp;<span>Identificar y transformar pensamientos, creencias y sentimientos limitantes que te impiden <strong>lograr lo que deseas en cada \u00e1rea de tu vida<\/strong><\/span><\/span><\/p>\n<p _msthash=\"1382753\" _msttexthash=\"61014135\" style=\"text-align: center;\"><span><span>Dejaras de auto-sabotearte y empezaras a<\/span><\/span><span><span><span>&nbsp;<strong>p<\/strong><\/span><\/span><\/span><span><span><strong>ensar, sentir y actuar en coherencia<\/strong> <\/span><\/span><\/p>\n<p _msthash=\"1382753\" _msttexthash=\"61014135\" style=\"text-align: center;\"><span><span><span> Aprender\u00e1s a&nbsp;<\/span><strong><span>relacionarte de manera&nbsp;<\/span>armoniosa contigo y con los dem\u00e1s<\/strong><\/span><strong><span _istranslated=\"1\">&nbsp;<\/span> <\/strong><\/span><\/p>\n<p><span><img decoding=\"async\" loading=\"lazy\" alt=\"\" data-id=\"1049\" width=\"450\" data-init-width=\"2560\" height=\"300\" data-init-height=\"1707\" title=\"artificial-intelligence-3382521\" src=\"https:\/\/reprogramacionintegral.com\/wp-content\/uploads\/2020\/06\/artificial-intelligence-3382521-scaled.jpg\" data-width=\"450\" data-height=\"300\" style=\"\"><\/span><\/p>\n<p style=\"text-align: center;\"><span><span>Ponte en resonancia con tus <strong>talentos y cualidades positivas<\/strong><\/span><\/span><\/p>\n<p style=\"text-align: center;\"><span><span>Recon\u00e9ctate con <strong>la mejor versi\u00f3n de ti<\/strong><\/span><\/span><\/p>\n<p style=\"text-align: center;\"><span><span><strong><span>Manifiesta lo que deseas&nbsp;<\/span><\/strong><\/span><\/span><span><span><span><span>y siente la&nbsp;<\/span><\/span><strong><span><span>&nbsp;satisfacci\u00f3n y plenitud en tu vida<\/span> <\/span><\/strong><\/span><\/span><\/p>\n<p style=\"text-align: center;\">\n<p _msthash=\"972816\" _msthidden=\"1\" _msttexthash=\"407329\" style=\"text-align: center;\">\n<p _msthash=\"972816\" _msthidden=\"1\" _msttexthash=\"407329\" style=\"text-align: center;\"><strong>Gracias a los estudios de la Neurociencia podemos saber c\u00f3mo funciona el cerebro y c\u00f3mo actuamos en relaci\u00f3n a nuestros pensamientos, creencias y sentimientos<\/strong><\/p>\n<p _msthash=\"972816\" _msthidden=\"1\" _msttexthash=\"407329\" style=\"text-align: center;\">\n<p _msthash=\"972816\" _msthidden=\"1\" _msttexthash=\"407329\" style=\"text-align: center;\"><strong>La F\u00edsica Cu\u00e1ntica nos muestra el camino para acceder al Campo Cu\u00e1ntico de las multiples posibilidades y poderlas manifestar con consciencia en nuestra vida <\/strong><\/p>\n<p style=\"text-align: center; font-size: 20px !important;\"><span><span>&nbsp;<\/span><\/span><\/p>\n<p style=\"text-align: center;\"><strong _msthash=\"1383396\" _msttexthash=\"1344291\">\u00bfQUIERES DAR EL PRIMER PASO PARA ELEVAR TU &nbsp;AUTOESTIMA?<\/strong><\/p>\n<p style=\"text-align: center;\"><strong _msthash=\"1383397\" _msttexthash=\"33257770\"><span>La Auto-estima se va<\/span> <span>da\u00f1ando con experiencias dolorosas de nuestro pasado, en donde nos hacemos creencias negativas de nosotros mismos, nos desconectamos de nuestro poder,<\/span> <span>aprendemos que callar, anularnos y aguantar, es mejor para evitar conflictos.<\/span><\/strong><\/p>\n<p style=\"text-align: center;\"><strong _msthash=\"1383398\" _msttexthash=\"4425655\">No solo elevar\u00e1s tu autoestima, sino que ver\u00e1s avances y mejoras en cada \u00e1rea de tu vida<\/strong><\/p>\n<p style=\"text-align: center;\"><strong><b style=\"font-size: 25px !important;\" _msthash=\"803621\" _msttexthash=\"1603615\"><span>\u00bfPor qu\u00e9 elegir mi&nbsp;<\/span><span><span>servicio<\/span> <span>de<\/span><\/span><span>&nbsp;terapias en l\u00ednea?<\/span><\/b><\/strong><\/p>\n<p><a href=\"#\" _msthidden=\"1\"><span _msthidden=\"1\"><span _msthash=\"2299154\" _msttexthash=\"122317\" _msthidden=\"1\">Instance 1<\/span><\/span><\/a>      <\/p>\n<h5 style=\"\"><strong _msthash=\"3071133\" _msttexthash=\"167206\">SESI\u00d3N ONLINE&nbsp;<\/strong><\/h5>\n<ul>\n<li><span style=\"\" _msthash=\"4221711\" _msttexthash=\"741507\">&nbsp;1:15<strong _istranslated=\"1\"> hrs<\/strong>. de sesi\u00f3n en l\u00ednea<\/span><\/li>\n<li><span style=\"\" _msthash=\"4222751\" _msttexthash=\"5241899\">Desde la sesi\u00f3n de 1\u00b0 acceso a herramientas y material extra que te ayudan a avanzar en tu proceso<\/span><\/li>\n<li><span style=\"\" _msthash=\"4223791\" _msttexthash=\"6266767\">Esta comprobado que se obtienen los mismos resultados en sesiones online que en sesiones presenciales<\/span><\/li>\n<li><span style=\"\" _msthash=\"4223792\" _msttexthash=\"2844166\">Puedes tomar tu sesi\u00f3n desde tu Computadora, Tel\u00e9fono M\u00f3vil o Ipad.<\/span><\/li>\n<\/ul>\n<h5 style=\"\"><strong _msthash=\"3071731\" _msttexthash=\"479115\">AHORRO de tiempo y dinero<\/strong><\/h5>\n<ul>\n<li><span style=\"\" _msthash=\"4222309\" _msttexthash=\"3904160\">Ahorras tiempo en el translado, al poder tomar tu sesi\u00f3n desde tu casa o tu oficina<\/span><\/li>\n<li><span style=\"\" _msthash=\"4223349\" _msttexthash=\"1053117\">Evita tener que pagar estacionamiento<\/span><\/li>\n<li><span style=\"\" _msthash=\"4224389\" _msttexthash=\"808184\">Ahorras en gasolina o transporte<\/span><\/li>\n<\/ul>\n<h5 style=\"\"><strong _msthash=\"3072329\" _msttexthash=\"205855\">ACOMPA\u00d1AMIENTO<\/strong><\/h5>\n<p style=\"\">\n<p style=\"\">\n<p style=\"\" _msthash=\"3028311\" _msttexthash=\"6773871\">El proceso terap\u00e9utico no se limita a 1:15h. de sesi\u00f3n en l\u00ednea, sino que entre sesi\u00f3n y sesi\u00f3n tendr\u00e1s:<\/p>\n<ul>\n<li><span style=\"\" _msthash=\"4222907\" _msttexthash=\"1110174\">&nbsp;Contacto a trav\u00e9s de WhatsApp&nbsp;<\/span><\/li>\n<li><span style=\"\" _msthash=\"4223947\" _msttexthash=\"2438384\">Material de apoyo relacionado con el tema que est\u00e9s trabajando.<\/span><\/li>\n<li><span style=\"\" _msthash=\"4224987\" _msttexthash=\"4756934\">Herramientas y tareas para que lleves a cabo en tu d\u00eda a d\u00eda lo trabajado durante la sesi\u00f3n<\/span><\/li>\n<\/ul>\n<p style=\"text-align: center;\"><strong><span style=\"\" _msthash=\"803829\" _msttexthash=\"1927081\">El costo por sesi\u00f3n en l\u00ednea es de $1,000.00 pesos mexicanos<\/span><\/strong><\/p>\n<p style=\"text-align: center; font-size: 20px !important;\"><strong><span _msthash=\"803831\" _msttexthash=\"693394\">&gt;&gt; 1:15 hr. de sesi\u00f3n en l\u00ednea<\/span><\/strong><\/p>\n<p style=\"text-align: center;\"><strong><span _msthash=\"803833\" _msttexthash=\"2523118\"><b style=\"color: rgba(220, 14, 164, 0.88); font-size: 20px !important;\" _istranslated=\"1\"><span style=\"color: rgb(86, 4, 251);\">&gt;&gt;<strong _istranslated=\"1\"> <\/strong>Contacto <\/span><\/b><span style=\"color: rgb(86, 4, 251);\"> <strong _istranslated=\"1\"> <span style=\"font-size: 20px;\" _istranslated=\"1\">v\u00eda<\/span> <b style=\"color: rgba(220, 14, 164, 0.88); font-size: 20px !important;\" _istranslated=\"1\"> <\/b> <span style=\"font-size: 20px;\" _istranslated=\"1\"> <b _istranslated=\"1\">WhatsApp<\/b> <\/span> <\/strong> <\/span><b style=\"color: rgba(220, 14, 164, 0.88); font-size: 20px !important;\" _istranslated=\"1\"><span style=\"color: rgb(86, 4, 251);\"> <strong _istranslated=\"1\"> <\/strong>en el periodo entre sesiones<\/span><\/b><\/span><\/strong><\/p>\n<p style=\"text-align: center; font-size: 20px !important;\"><span style=\"color: rgba(220, 14, 164, 0.88);\"><strong _msthash=\"803834\" _msttexthash=\"342719\">&gt;&gt; Material de apoyo&nbsp;<\/strong><\/span><\/p>\n<p style=\"text-align: center; font-size: 20px !important;\"><strong><span style=\"\" _msthash=\"803835\" _msttexthash=\"2113475\">&gt;&gt; Programaci\u00f3n de tareas para realizar entre sesi\u00f3n y sesi\u00f3n para acelerar el proceso<\/span><\/strong><\/p>\n<h2 style=\"\"><span><strong><span><span _msthash=\"825423\" _msttexthash=\"952042\"><span>Conoce algunos<\/span> <span>testimonios&nbsp;<\/span><\/span><\/span><\/strong><\/span><\/h2>\n<\/p>\n<h1 style=\"\"><span style=\"font-weight: 400; font-family: Palanquin;\"><span _msthash=\"3063021\" _msttexthash=\"748020\">\u201c<\/span><\/span><\/h1>\n<p><span>&nbsp;<\/span><span><span _msthash=\"3227146\" _msttexthash=\"4630483\">&nbsp; &nbsp;<span> Hola mi nombre es Daniela, quiero contarles que me encant\u00f3 la sesi\u00f3n que tuve con Carmen!!!<\/span><\/span><\/span><\/p>\n<p style=\"text-align: center;\"><span><span _msthash=\"3532984\" _msttexthash=\"39007644\">Ella fue muy amorosa, amable y paciente, logr\u00f3 acompa\u00f1arme y guiarme durante toda la sesi\u00f3n y logramos ir muy profundo a la ra\u00edz de lo que necesitaba sanar, me sent\u00ed muy comprendida y contenida todo el tiempo y pude sentir los resultados literalmente a la ma\u00f1ana siguiente!!!<\/span><\/span><\/p>\n<p style=\"text-align: center;\"><span _msthash=\"3532985\" _msttexthash=\"7541859\">Me siento muy agradecida de haberla encontrado en mi camino de crecimiento interior y de reencuentro conmigo misma!!!<\/span><\/p>\n<p style=\"text-align: center;\">\n<p style=\"text-align: center;\" _msthash=\"3023761\" _msttexthash=\"327912\">&nbsp;Daniela &#8211; Argentina<\/p>\n<h1 style=\"\"><span style=\"font-weight: 400; font-family: Palanquin;\"><span _msthash=\"4129541\" _msttexthash=\"748020\">\u201c<\/span><\/span><\/h1>\n<p style=\"text-align: center;\"><span _msthash=\"4671784\" _msttexthash=\"5247567\">Hola Carmen Campos es una gran terapeuta, comprometida con sus pacientes <img decoding=\"async\" loading=\"lazy\" height=\"16\" width=\"16\" alt=\"\ud83d\ude09\" src=\"https:\/\/static.xx.fbcdn.net\/images\/emoji.php\/v9\/tb0\/1.5\/16\/1f609.png\">&nbsp;muchas gracias Carmen.<\/span><\/p>\n<p style=\"text-align: center;\">\n<p style=\"text-align: center;\"><span _msthash=\"4671785\" _msttexthash=\"3824301\">https:\/\/www.facebook.com\/permalink.php?story_fbid=1424331334432101&amp;id=100005657432604<\/span><\/p>\n<h1 style=\"text-align: center;\"><span style=\"font-family: &quot;Playfair Display&quot;; font-weight: 400;\" _msthash=\"4129542\" _msttexthash=\"268684\"><span style=\"color: rgb(68, 66, 68);\"><em>Avelina&nbsp;<\/em><\/span><span><span style=\"color: rgb(61, 66, 100);\">&#8211; M\u00e9xico<\/span><\/span><\/span><\/h1>\n<h1 style=\"\"><span style=\"font-weight: 400; font-family: Palanquin;\"><span _msthash=\"7488416\" _msttexthash=\"748020\">\u201c<\/span><\/span><\/h1>\n<p style=\"text-align: center;\"><span _msthash=\"4671786\" _msttexthash=\"25386478\"><span>Quiero compartirles mi experiencia con las terapias de Carmen, realmente he sentido un cambio en mi para bien, ahora me enfoco en mi, en lo que me gusta y lo que deseo lograr, he dejado el pasado atr\u00e1s y se a donde quiero llegar<\/span>.<\/span><\/p>\n<h1 style=\"text-align: center;\"><span style=\"font-family: &quot;Playfair Display&quot;; font-weight: 400;\" _msthash=\"4129543\" _msttexthash=\"232752\"><span style=\"color: rgb(68, 66, 68);\"><em>Bel\u00e9n<\/em><\/span><span><span style=\"color: rgb(68, 66, 68);\">&nbsp;<\/span><span style=\"color: rgb(61, 66, 100);\">-Espa\u00f1a<\/span><\/span><\/span><\/h1>\n<p><a href=\"https:\/\/wa.me\/525532336912?text=\" target=\"_blank\" rel=\"noopener\">                    <\/a><\/p>\n<p style=\"text-align: center;\"><a href=\"https:\/\/wa.me\/525532336912?text=\" target=\"_blank\" style=\"outline: none;\" rel=\"noopener\">525532336912<\/a><\/p>\n<p><a href=\"mailto:carmencampos@menteatufavor.com\" target=\"_blank\" rel=\"noopener\">                    <\/a><\/p>\n<p style=\"text-align: center;\"><a href=\"mailto:carmencampos@menteatufavor.com\" target=\"_blank\" style=\"outline: none;\" rel=\"noopener\">carmencampos@menteatufavor.com<\/a><\/p>\n<p><a href=\"https:\/\/www.facebook.com\/menteatufavor\/\" target=\"_blank\" rel=\"noopener\">                    <\/a><\/p>\n<p style=\"text-align: center;\"><a href=\"https:\/\/www.facebook.com\/menteatufavor\/\" target=\"_blank\" style=\"outline: none;\" rel=\"noopener\">@menteatufavor<\/a><\/p>\n<p><span><a href=\"https:\/\/www.instagram.com\/menteatufavor\" target=\"_blank\" rel=\"noopener\"><img decoding=\"async\" loading=\"lazy\" alt=\"\" data-id=\"5708\" width=\"48\" data-init-width=\"512\" height=\"48\" data-init-height=\"512\" title=\"icono de instagram\" src=\"https:\/\/reprogramacionintegral.com\/wp-content\/uploads\/2021\/06\/instagram-icono.png\" data-width=\"48\" data-height=\"48\" style=\"\" data-link-wrap=\"true\"><\/a><\/span><\/p>\n<p _msthash=\"972816\" _msttexthash=\"407329\" _msthidden=\"1\" style=\"\"><a href=\"https:\/\/www.instagram.com\/menteatufavor\" target=\"_blank\" style=\"outline: none;\" rel=\"noopener\">Instagram.com\/menteatufavor.com<\/a><\/p>\n<p><span style=\"\"><img decoding=\"async\" loading=\"lazy\" alt=\"\" data-id=\"5709\" width=\"136\" data-init-width=\"1920\" height=\"77\" data-init-height=\"1080\" title=\"youtube 3\" src=\"https:\/\/reprogramacionintegral.com\/wp-content\/uploads\/2021\/06\/youtube-3.png\" data-width=\"136\" data-height=\"77\" style=\"\" mt-d=\"-24\" center-v-d=\"false\"><\/span><\/p>\n<p _msthash=\"972816\" _msttexthash=\"407329\" _msthidden=\"1\" style=\"\"><a href=\"http:\/\/youtube.com\/@menteatufavor\" target=\"_blank\" rel=\"noopener\">youtube.com\/@menteatufavor<\/a><\/p>\n<p _msthash=\"972816\" _msttexthash=\"407329\" _msthidden=\"1\" style=\"text-align: center;\"><strong><span style=\"font-size: 22px;\">&gt;&gt;<\/span><\/strong><a href=\"https:\/\/reprogramacionintegral.com\/\" target=\"_blank\" style=\"outline: none;\" rel=\"noopener\">Ir a p\u00e1gina de inicio<\/a><strong><span style=\"font-size: 22px;\">&lt;&lt;<\/span><\/strong><\/p>\n<h4 _msthash=\"1099969\" _msttexthash=\"40174524\" style=\"text-align: center;\">\u00a9 2025 Reprogramaci\u00f3n Integral \u2013 Todos los derechos reservados<\/h4>\n<h4 _msthash=\"1099969\" _msttexthash=\"40174524\" style=\"text-align: center;\"><span style=\"color: rgb(255, 255, 255);\" _istranslated=\"1\"><a href=\"https:\/\/reprogramacionintegral.com\/index.php\/aviso-legal\/\" style=\"outline: none;\" _istranslated=\"1\">&nbsp; &nbsp;Aviso Legal<\/a> \u2013 <a href=\"https:\/\/reprogramacionintegral.com\/index.php\/politica-de-privacidad-y-cookies\/\" target=\"_blank\" style=\"outline: none;\" _istranslated=\"1\" rel=\"noopener\">Pol\u00edtica de privacidad <\/a>\u2013 <a href=\"https:\/\/reprogramacionintegral.com\/index.php\/politica-de-privacidad-y-cookies\/\" style=\"outline: none;\" _istranslated=\"1\">Cookies<\/a> \u2013 <a href=\"https:\/\/reprogramacionintegral.com\/index.php\/politica-de-contratacion\/\" style=\"outline: none;\" _istranslated=\"1\">Contrataci\u00f3n<\/a> <\/span><\/h4>\n","protected":false},"excerpt":{"rendered":"<p>MENTE A TU FAVOR Eleva la Vibraci\u00f3n de tus&nbsp;Pensamientos y Emociones Manifiesta lo que deseas en&nbsp;cada \u00e1rea de tu&nbsp;vida&nbsp; Terapia Autoestima y Empoderamiento \u00bfTe rechazas y eres tu propio verdugo? \u00bfTe enfocas en tus errores y debilidades y lugar de en tus fortalezas? \u00bfNo te sientes suficiente? \u00bfAlimentas tu presente con experiencias dolorosas de tu [&hellip;]<\/p>\n","protected":false},"author":1,"featured_media":0,"parent":0,"menu_order":0,"comment_status":"closed","ping_status":"closed","template":"","meta":[],"aioseo_notices":[],"_links":{"self":[{"href":"https:\/\/reprogramacionintegral.com\/index.php\/wp-json\/wp\/v2\/pages\/2359"}],"collection":[{"href":"https:\/\/reprogramacionintegral.com\/index.php\/wp-json\/wp\/v2\/pages"}],"about":[{"href":"https:\/\/reprogramacionintegral.com\/index.php\/wp-json\/wp\/v2\/types\/page"}],"author":[{"embeddable":true,"href":"https:\/\/reprogramacionintegral.com\/index.php\/wp-json\/wp\/v2\/users\/1"}],"replies":[{"embeddable":true,"href":"https:\/\/reprogramacionintegral.com\/index.php\/wp-json\/wp\/v2\/comments?post=2359"}],"version-history":[{"count":275,"href":"https:\/\/reprogramacionintegral.com\/index.php\/wp-json\/wp\/v2\/pages\/2359\/revisions"}],"predecessor-version":[{"id":8377,"href":"https:\/\/reprogramacionintegral.com\/index.php\/wp-json\/wp\/v2\/pages\/2359\/revisions\/8377"}],"wp:attachment":[{"href":"https:\/\/reprogramacionintegral.com\/index.php\/wp-json\/wp\/v2\/media?parent=2359"}],"curies":[{"name":"wp","href":"https:\/\/api.w.org\/{rel}","templated":true}]}}