{"id":2126,"date":"2020-08-27T08:39:20","date_gmt":"2020-08-27T13:39:20","guid":{"rendered":"https:\/\/reprogramacionintegral.com\/?page_id=2126"},"modified":"2021-09-11T16:17:03","modified_gmt":"2021-09-11T21:17:03","slug":"pagina-de-gracias","status":"publish","type":"page","link":"https:\/\/reprogramacionintegral.com\/index.php\/pagina-de-gracias\/","title":{"rendered":"pagina de gracias reservar cita"},"content":{"rendered":"<a class=\"tcb-logo thrv_wrapper\" data-img-style=\"\" class=\"\"><img src=\"https:\/\/reprogramacionintegral.com\/wp-content\/uploads\/2021\/05\/logo-extra-grande-2.png\" height=\"1080\" width=\"1920\" alt=\"\" style=\"\"><\/img><\/a>\n<h1 data-unit=\"px\" style=\"text-align: center;\"><strong><span>Gracias por confiar en mi<\/span><\/strong><\/h1>\n<p style=\"text-align: center;\">Soy Carmen Campos de Reprogramaci\u00f3n Integral, Mente a tu favor y me encantar\u00e1 acompa\u00f1arte en tu proceso.<\/p>\n<p> <span>&nbsp;Haz click en el bot\u00f3n para agendar tu cita<\/span><\/p>\n<p style=\"text-align: center;\"><span><\/span><\/p>\n<p><span><strong><span><\/span><\/strong><\/span><span> <\/span><\/p>\n<p style=\"text-align: center;\"><strong>&nbsp; <\/strong>&nbsp; &nbsp; &nbsp; &nbsp; &nbsp; &nbsp; &nbsp; &nbsp; &nbsp; &nbsp; &nbsp; &nbsp; &nbsp; &nbsp; &nbsp; &nbsp; &nbsp; &nbsp; &nbsp;&nbsp;<\/p>\n<p _msthash=\"972816\" _msttexthash=\"407329\" _msthidden=\"1\" style=\"text-align: center;\"><strong _msthash=\"573404\" _msttexthash=\"2276742\">Para cualquier duda o informaci\u00f3n cont\u00e1ctame por WhatsApp o env\u00edame un e-mail<\/strong><\/p>\n<p><a href=\"https:\/\/wa.me\/525532336912?text=\" target=\"_blank\" rel=\"noopener\">                    <\/a><\/p>\n<p style=\"text-align: center;\"><a href=\"https:\/\/wa.me\/525532336912?text=\" target=\"_blank\" rel=\"noopener\">525532336912<\/a><\/p>\n<p><a href=\"mailto:carmencampos@menteatufavor.com\" target=\"_blank\" rel=\"noopener\">                    <\/a><\/p>\n<p style=\"text-align: center;\"><a href=\"mailto:carmencampos@menteatufavor.com\" target=\"_blank\" rel=\"noopener\">carmencampos@menteatufavor.com<\/a><\/p>\n<h4 style=\"text-align: center;\">\u00a9 2021 Reprogramaci\u00f3n Integral \u2013 Todos los derechos reservados<a href=\"https:\/\/reprogramacionintegral.com\/index.php\/aviso-legal\/\" target=\"_blank\" rel=\"noopener\"><span style=\"color: rgb(255, 255, 255);\">Aviso Legal <\/span><\/a><span style=\"color: rgb(255, 255, 255);\">\u2013 <a href=\"https:\/\/reprogramacionintegral.com\/index.php\/politica-de-privacidad-y-cookies\/\" target=\"_blank\" style=\"outline: none;\" rel=\"noopener\">Pol\u00edtica de privacidad <\/a>\u2013 <a href=\"https:\/\/reprogramacionintegral.com\/index.php\/politica-de-privacidad-y-cookies\/\" style=\"outline: none;\">Cookies<\/a>&nbsp;\u2013&nbsp;<a href=\"https:\/\/reprogramacionintegral.com\/index.php\/politica-de-contratacion\/\" style=\"outline: none;\">Contrataci\u00f3n<\/a><\/span><\/h4>\n","protected":false},"excerpt":{"rendered":"<p>Gracias por confiar en mi Soy Carmen Campos de Reprogramaci\u00f3n Integral, Mente a tu favor y me encantar\u00e1 acompa\u00f1arte en tu proceso. &nbsp;Haz click en el bot\u00f3n para agendar tu cita &nbsp; &nbsp; &nbsp; &nbsp; &nbsp; &nbsp; &nbsp; &nbsp; &nbsp; &nbsp; &nbsp; &nbsp; &nbsp; &nbsp; &nbsp; &nbsp; &nbsp; &nbsp; &nbsp; &nbsp;&nbsp; Para cualquier duda o [&hellip;]<\/p>\n","protected":false},"author":1,"featured_media":0,"parent":0,"menu_order":0,"comment_status":"closed","ping_status":"closed","template":"","meta":[],"aioseo_notices":[],"_links":{"self":[{"href":"https:\/\/reprogramacionintegral.com\/index.php\/wp-json\/wp\/v2\/pages\/2126"}],"collection":[{"href":"https:\/\/reprogramacionintegral.com\/index.php\/wp-json\/wp\/v2\/pages"}],"about":[{"href":"https:\/\/reprogramacionintegral.com\/index.php\/wp-json\/wp\/v2\/types\/page"}],"author":[{"embeddable":true,"href":"https:\/\/reprogramacionintegral.com\/index.php\/wp-json\/wp\/v2\/users\/1"}],"replies":[{"embeddable":true,"href":"https:\/\/reprogramacionintegral.com\/index.php\/wp-json\/wp\/v2\/comments?post=2126"}],"version-history":[{"count":20,"href":"https:\/\/reprogramacionintegral.com\/index.php\/wp-json\/wp\/v2\/pages\/2126\/revisions"}],"predecessor-version":[{"id":7404,"href":"https:\/\/reprogramacionintegral.com\/index.php\/wp-json\/wp\/v2\/pages\/2126\/revisions\/7404"}],"wp:attachment":[{"href":"https:\/\/reprogramacionintegral.com\/index.php\/wp-json\/wp\/v2\/media?parent=2126"}],"curies":[{"name":"wp","href":"https:\/\/api.w.org\/{rel}","templated":true}]}}