{"id":1524,"date":"2020-07-04T19:39:11","date_gmt":"2020-07-05T00:39:11","guid":{"rendered":"https:\/\/reprogramacionintegral.com\/?page_id=1524"},"modified":"2025-10-29T16:06:20","modified_gmt":"2025-10-29T22:06:20","slug":"ruptura-sentimental","status":"publish","type":"page","link":"https:\/\/reprogramacionintegral.com\/index.php\/ruptura-sentimental\/","title":{"rendered":"TERAPIA RUPTURA SENTIMENTAL"},"content":{"rendered":"<a class=\"tcb-logo thrv_wrapper\" data-css=\"tve-u-1794d02440a\" data-img-style=\"\" class=\"\"><img src=\"https:\/\/reprogramacionintegral.com\/wp-content\/uploads\/2021\/05\/logo-extra-grande-2.png\" height=\"1080\" width=\"1920\" alt=\"\" style=\"\"><\/img><\/a>\n<h1 _msthash=\"972816\" _msthidden=\"1\" _msttexthash=\"407329\" style=\"text-align: center;\"><span style=\"\"><em>MENTE A TU FAVOR<\/em>&nbsp;<\/span><\/h1>\n<h2 style=\"text-align: center;\"><em><strong>Eleva la Vibraci\u00f3n de tus Pensamientos y Emociones<\/strong><\/em><\/h2>\n<h2 style=\"text-align: center;\"><em><strong>Manifiesta lo que deseas en cada \u00e1rea de tu vida&nbsp;<\/strong><\/em><\/h2>\n<p _msthash=\"972816\" _msttexthash=\"407329\" _msthidden=\"1\" style=\"text-align: center;\"><em><strong>RUPTURA SENTIMENTAL<\/strong><\/em><\/p>\n<p style=\"text-align: center; color: rgb(255, 253, 253) !important; --tcb-applied-color:rgb(255, 253, 253)  !important;\"><strong _msthash=\"1382746\" _msttexthash=\"2404051\">Atravesar por una ruptura sentimental es un proceso doloroso<\/strong><\/p>\n<p _msthash=\"1382747\" _msttexthash=\"1315405\" style=\"text-align: center; color: rgb(255, 253, 253) !important; --tcb-applied-color:rgb(255, 253, 253)  !important;\"><strong>&gt;&gt;Sientes como si tu vida estuviera en pausa<\/strong><\/p>\n<p _msthash=\"1382748\" _msttexthash=\"2336958\" style=\"text-align: center; color: rgb(255, 253, 253) !important; --tcb-applied-color:rgb(255, 253, 253)  !important;\"><strong>&gt;&gt;SUFRES al pensar que nunca va a llegar alguien igual a tu vida<\/strong><\/p>\n<p _msthash=\"1382749\" _msttexthash=\"1706380\" style=\"text-align: center; color: rgb(255, 253, 253) !important; --tcb-applied-color:rgb(255, 253, 253)  !important;\"><strong>&gt;&gt; Viene la CULPA por lo que hiciste o dejaste de hacer<\/strong><\/p>\n<p _msthash=\"1382750\" _msttexthash=\"1543178\" style=\"text-align: center; color: rgb(255, 253, 253) !important; --tcb-applied-color:rgb(255, 253, 253)  !important;\"><strong>&gt;&gt;Tus emociones se desbordan: IRA, TRISTEZA, ANSIEDAD<\/strong><\/p>\n<p _msthash=\"1382751\" _msttexthash=\"2269189\" style=\"text-align: center; color: rgb(255, 253, 253) !important; --tcb-applied-color:rgb(255, 253, 253)  !important;\"><strong>&gt;&gt; Sientes MIEDO A LA SOLEDAD, a que nadie m\u00e1s te vuelva a querer<\/strong><\/p>\n<p _msthash=\"1382752\" _msttexthash=\"1392417\" style=\"text-align: center; color: rgb(255, 253, 253) !important; --tcb-applied-color:rgb(255, 253, 253)  !important;\"><strong>&gt;&gt;Te sientes sin rumbo, no sabes hacia donde ir<\/strong><\/p>\n<h2 style=\"text-align: center;\"><strong _msthash=\"4080869\" _msttexthash=\"1403662\">Terapia para superar una Ruptura Sentimental<\/strong><\/h2>\n<p><span><img decoding=\"async\" alt=\"\" data-id=\"8157\" width=\"368\" data-init-width=\"640\" height=\"653\" data-init-height=\"1136\" title=\"New-Home-Decor-Design-strickendesign_com\" src=\"https:\/\/reprogramacionintegral.com\/wp-content\/uploads\/2022\/12\/New-Home-Decor-Design-strickendesign_com.jpg\" data-width=\"368\" data-height=\"653\" style=\"\" loading=\"lazy\"><\/span><\/p>\n<p style=\"text-align: center;\"><span _msthash=\"3020745\" _msttexthash=\"15658253\">Liberate del <strong>miedo a la soledad<\/strong><\/span><\/p>\n<p style=\"text-align: center;\"><span _msthash=\"3020745\" _msttexthash=\"15658253\">Recupera la <strong>confianza y seguridad en ti<\/strong><\/span><\/p>\n<p style=\"text-align: center;\"><span _msthash=\"3020745\" _msttexthash=\"15658253\"><strong>Avanza en tu vida<\/strong><\/span><\/p>\n<p style=\"text-align: center;\"><span _msthash=\"3020745\" _msttexthash=\"15658253\">&nbsp;Siente&nbsp;<strong>paz y tranquilidad en tu vida<\/strong><\/span><\/p>\n<p style=\"text-align: center;\"><span _msthash=\"3020745\" _msttexthash=\"15658253\"><strong> <\/strong><\/span><\/p>\n<p style=\"text-align: center;\"><span _msthash=\"3020745\" _msttexthash=\"15658253\"><strong>&nbsp;<\/strong><\/span><span _msthash=\"3020745\" _msttexthash=\"15658253\">Logra <strong>&nbsp;decidir y actuar desde tu poder<\/strong><\/span><\/p>\n<p _msthash=\"3020746\" _msttexthash=\"24098503\" style=\"text-align: center;\"><span><span>No solo <strong>superar\u00e1s tu duelo<\/strong> m\u00e1s <span>r\u00e1pido, sino<\/span> <\/span><span><span>que<\/span> <span>tambi\u00e9n contactaras con<\/span><\/span><\/span><strong _istranslated=\"1\"><span>&nbsp;la mejor versi\u00f3n de ti<\/span> <\/strong><\/p>\n<p _msthash=\"3020746\" _msttexthash=\"24098503\" style=\"text-align: center;\">&nbsp;Obtendr\u00e1s <strong>crecimiento personal<\/strong> para <strong>crear relaciones sanas<\/strong><\/p>\n<p _msthash=\"3020746\" _msttexthash=\"24098503\" style=\"text-align: center;\"><strong _istranslated=\"1\">Reconectaras con el plenitud y la felicidad<\/strong><\/p>\n<p><span><img decoding=\"async\" alt=\"\" data-id=\"2057\" width=\"925\" data-init-width=\"700\" height=\"529\" data-init-height=\"400\" title=\"Consejos para superar una ruptura y ser feliz nuevamente - Tarot y videncia gratis\" src=\"https:\/\/reprogramacionintegral.com\/wp-content\/uploads\/2020\/08\/Consejos-para-superar-una-ruptura-y-ser-feliz-nuevamente-Tarot-y-videncia-gratis.jpg\" data-width=\"925\" data-height=\"529\" style=\"\" loading=\"lazy\"><\/span><span><img decoding=\"async\" alt=\"\" data-id=\"2454\" width=\"710\" data-init-width=\"1920\" height=\"474\" data-init-height=\"1280\" title=\"girl-1848477_1920 (1)\" src=\"https:\/\/reprogramacionintegral.com\/wp-content\/uploads\/2020\/09\/girl-1848477_1920-1.jpg\" data-width=\"710\" data-height=\"474\" style=\"\" loading=\"lazy\"><\/span><\/p>\n<p style=\"text-align: center; color: rgba(220, 14, 164, 0.88) !important; --tcb-applied-color:rgba(220, 14, 164, 0.88)  !important;\"><strong><span _msthash=\"3020747\" _msttexthash=\"839826\">\u00bfQuieres recuperar tu bienestar?<\/span><\/strong><\/p>\n<p style=\"text-align: center;\" _msthash=\"3020749\" _msttexthash=\"16742167\"><strong><span>Para <strong>superar una<\/strong><\/span><span><strong>&nbsp;<\/strong>Ruptura Sentimental, <\/span><span>necesitamos mirar dentro de nosotros,<\/span><span>&nbsp;hacer un cambio interno, sanar y liberar, <\/span><span>dejar de buscar la respuesta y la soluci\u00f3n en el exterior<\/span>.<\/strong><\/p>\n<p _msthash=\"1382753\" _msttexthash=\"61014135\" style=\"text-align: center;\"><span>Utilizando el m\u00e9todo<\/span><\/p>\n<p _msthash=\"1382753\" _msttexthash=\"61014135\" style=\"text-align: center;\"><span>&nbsp;Reprogramaci\u00f3n<strong _istranslated=\"1\"> <\/strong> Integral, podr\u00e1s:<\/span><\/p>\n<p _msthash=\"1382753\" _msttexthash=\"61014135\" style=\"text-align: center;\"><span><strong>Ir a la ra\u00edz de tu problema<\/strong><\/span><\/p>\n<p _msthash=\"1382753\" _msttexthash=\"61014135\" style=\"text-align: center;\"><span> <\/span><span>I<\/span><span>dentificar y transformar <span _istranslated=\"1\">creencias y sentimientos limitantes <\/span>que te <span _istranslated=\"1\">impiden primero que nada <strong>conectar con el amor hacia ti<\/strong><\/span><\/span><\/p>\n<p _msthash=\"1382753\" _msttexthash=\"61014135\" style=\"text-align: center;\"><span><span _istranslated=\"1\"><strong>Decidir y actuar desde tu poder y no desde el miedo<\/strong><\/span><\/span><\/p>\n<p _msthash=\"1382753\" _msttexthash=\"61014135\" style=\"text-align: center;\"><span><span _istranslated=\"1\">&nbsp;<\/span><strong> R<\/strong><\/span><span _istranslated=\"1\">elacionarte de manera armoniosa contigo mismo y con los dem\u00e1s<\/span><\/p>\n<p style=\"text-align: center; font-size: 20px !important;\"><span><span>&nbsp;<\/span><\/span><\/p>\n<p><span><img decoding=\"async\" width=\"1597\" height=\"647\" title=\"Canva - null\" alt=\"\" src=\"https:\/\/reprogramacionintegral.com\/wp-content\/uploads\/2020\/07\/Canva-null-1.jpg\" data-width=\"1597\" data-id=\"1736\" data-init-width=\"800\" data-init-height=\"324\" data-height=\"647\" loading=\"lazy\"><\/span><\/p>\n<p style=\"text-align: center;\" _msthash=\"804115\" _msttexthash=\"12410138\">Reprogramaci\u00f3n Integral es un m\u00e9todo basado en la<strong>&nbsp;neurociencia,&nbsp;<\/strong> la <strong>f\u00edsica cu\u00e1ntica<\/strong>, as\u00ed como en <strong>conocimientos ancestrales y t\u00e9cnicas milenarias .<\/strong><\/p>\n<p style=\"text-align: center;\">\n<p _msthash=\"2122757\" _msttexthash=\"81994367\" style=\"text-align: center;\"><span><span>Por m\u00e1s de 15 &nbsp;a\u00f1os he<\/span> <span>tenido &nbsp;la oportunidad de acompa\u00f1ar a<\/span> &nbsp;<span>personas a<\/span><\/span><span><span>&nbsp;&nbsp;<\/span><\/span><strong _istranslated=\"1\"><span>superar su proceso de duelo &nbsp;y salir<\/span> fortalecidos&nbsp;<\/strong>de esa experiencia, brind\u00e1ndoles el acompa\u00f1amiento &nbsp;y las herramientas para que puedan&nbsp;<strong>conectar con su val\u00eda, con el amor hacia ellos&nbsp;<\/strong><strong _istranslated=\"1\">mismos y &nbsp;hacia la vida y&nbsp; recuperar<\/strong><strong _istranslated=\"1\">&nbsp;su paz y tranquilidad <\/strong><\/p>\n<p style=\"text-align: center;\"><strong><b style=\"font-size: 25px !important;\" _msthash=\"1384799\" _msttexthash=\"1476202\"><span>\u00bfPor qu\u00e9 elegir mi <span>servicio de<\/span> <\/span><span><span>terapias online<\/span><span>?<\/span><\/span><\/b><\/strong><\/p>\n<p style=\"text-align: center; color: rgb(14, 14, 14) !important; --tcb-applied-color:rgb(14, 14, 14)  !important;\"><strong><span _msthash=\"1384800\" _msttexthash=\"438048\">TRATAMIENTO PERSONALIZADO<\/span><\/strong><\/p>\n<p style=\"text-align: center; color: rgb(14, 14, 14) !important; --tcb-applied-color:rgb(14, 14, 14)  !important;\"><strong><span _msthash=\"1384801\" _msttexthash=\"37495562\">&gt;&gt; Las t\u00e9cnicas utilizadas ser\u00e1n completamente personalizadas, basadas en la evaluaci\u00f3n inicial de tu problema y en el avance que vayas teniendo, ya que cada persona somos \u00fanicos e irrepetibles aun y que tengamos el mismo problema cada uno sanamos de manera diferente.<\/span><\/strong><\/p>\n<p><a href=\"#\" _msthidden=\"1\"><span _msthidden=\"1\"><span _msthash=\"3232112\" _msttexthash=\"122317\" _msthidden=\"1\">Instance 1<\/span><\/span><\/a><\/p>\n<h5 style=\"\"><strong _msthash=\"4138875\" _msttexthash=\"167206\">SESI\u00d3N ONLINE<\/strong><\/h5>\n<ul>\n<li><span style=\"\" _msthash=\"5460585\" _msttexthash=\"1584453\">Obtienes <strong>1:15 hrs<\/strong>. de sesi\u00f3n online&nbsp;<\/span><\/li>\n<li><span style=\"\" _msthash=\"5461781\" _msttexthash=\"5914857\">Desde la 1\u00b0 sesi\u00f3n tendr\u00e1s <strong>acceso a herramientas y material extra <\/strong>que te ayudan a avanzar en tu proceso<\/span><\/li>\n<li><span style=\"\" _msthash=\"5462977\" _msttexthash=\"6108258\">Esta comprobado que se obtienen los mismos resultados en sesiones online que en sesiones presenciales<\/span><\/li>\n<li><span style=\"\" _msthash=\"5462978\" _msttexthash=\"13131729\">Puedes tomar tu sesi\u00f3n desde tu Computadora, Tel\u00e9fono, m\u00f3vil o Ipad, solo necesitas descargar gratuitamente la plataforma de zoom y conexi\u00f3n a internet.<\/span><\/li>\n<\/ul>\n<h5 style=\"\"><strong _msthash=\"4139629\" _msttexthash=\"479115\">AHORRO de tiempo y dinero<\/strong><\/h5>\n<ul>\n<li><span style=\"\" _msthash=\"5461339\" _msttexthash=\"3904160\">Ahorras tiempo en el translado, al poder tomar tu sesi\u00f3n desde tu casa o tu oficina<\/span><\/li>\n<li><span style=\"\" _msthash=\"5462535\" _msttexthash=\"1110044\">Evitas tener que pagar estacionamiento<\/span><\/li>\n<li><span style=\"\" _msthash=\"5463731\" _msttexthash=\"808184\">Ahorras en gasolina o transporte<\/span><\/li>\n<\/ul>\n<h5 style=\"\"><strong _msthash=\"4140383\" _msttexthash=\"205855\">ACOMPA\u00d1AMIENTO<\/strong><\/h5>\n<p style=\"\" _msthash=\"4089345\" _msttexthash=\"6642766\">El proceso terap\u00e9utico no se limita a 1:15hrs. de sesi\u00f3n online, sino que entre sesi\u00f3n y sesi\u00f3n tendr\u00e1s:<\/p>\n<ul>\n<li><span style=\"\" _msthash=\"5462093\" _msttexthash=\"1289288\">&nbsp;Seguimiento a trav\u00e9s de WhatsApp o Telegram.&nbsp;<\/span><\/li>\n<li><span style=\"\" _msthash=\"5464485\" _msttexthash=\"2530827\"><strong>Material de apoyo<\/strong> relacionado con el tema que est\u00e9s trabajando.<\/span><\/li>\n<li><span style=\"\" _msthash=\"5465681\" _msttexthash=\"4747600\"><strong>Herramientas <\/strong>y tareas para que lleves a cabo en &nbsp;tu d\u00eda a d\u00eda &nbsp;lo trabajado durante la sesi\u00f3n<\/span><\/li>\n<\/ul>\n<p style=\"text-align: center;\"><strong _msthash=\"1074632\" _msttexthash=\"1812161\">Costo de sesi\u00f3n online :<\/strong><\/p>\n<p style=\"text-align: center;\"><strong _msthash=\"1074632\" _msttexthash=\"1812161\">&nbsp;$1,000.00 (pesos mexicanos)<\/strong><\/p>\n<p style=\"text-align: center; font-size: 20px !important;\"><strong><span _msthash=\"1074634\" _msttexthash=\"609505\">&gt;&gt; 1:15 hrs. de sesi\u00f3n online<\/span><\/strong><\/p>\n<p style=\"text-align: center;\"><strong _msthash=\"1074636\" _msttexthash=\"2523118\"><b style=\"color: rgba(220, 14, 164, 0.88); font-size: 20px !important;\">&gt;&gt;&nbsp;<\/b><\/strong><b style=\"color: rgba(220, 14, 164, 0.88); font-size: 20px !important;\">Contacto<span style=\"color: rgba(220, 14, 164, 0.88);\">&nbsp;<\/span><\/b><span style=\"color: rgba(220, 14, 164, 0.88);\"><span><b><span>v\u00eda<\/span><\/b><\/span><strong><span><b style=\"color: rgba(220, 14, 164, 0.88); font-size: 20px !important;\">&nbsp;<\/b><span>WhatsApp<\/span><\/span><\/strong><\/span><b style=\"color: rgba(220, 14, 164, 0.88); font-size: 20px !important;\"><strong><span style=\"color: rgba(220, 14, 164, 0.88);\">&nbsp;<\/span><\/strong>&nbsp;<\/b><strong _msthash=\"1074636\" _msttexthash=\"2523118\"><b style=\"color: rgba(220, 14, 164, 0.88); font-size: 20px !important;\">en el periodo entre sesiones<\/b><\/strong><\/p>\n<p style=\"text-align: center; font-size: 20px !important;\"><span><strong _msthash=\"1074637\" _msttexthash=\"342719\">&gt;&gt; Material de apoyo&nbsp;<\/strong><\/span><\/p>\n<\/p>\n<h1 style=\"\"><span style=\"font-weight: 400; font-family: Palanquin;\"><span _msthash=\"3063021\" _msttexthash=\"748020\">\u201c<\/span><\/span><\/h1>\n<p><span>&nbsp;<\/span><span><span _msthash=\"3227146\" _msttexthash=\"4630483\">&nbsp; &nbsp; Hola mi nombre es Daniela, quiero contarles que me encant\u00f3 la sesi\u00f3n que tuve con Carmen!!!<\/span><\/span><\/p>\n<p style=\"text-align: center;\"><span><span _msthash=\"3532984\" _msttexthash=\"39007644\">Ella fue muy amorosa, amable y paciente, logr\u00f3 acompa\u00f1arme y guiarme durante toda la sesi\u00f3n y logramos ir muy profundo a la ra\u00edz de lo que necesitaba sanar, me sent\u00ed muy comprendida y contenida todo el tiempo y pude sentir los resultados literalmente a la ma\u00f1ana siguiente!!!<\/span><\/span><\/p>\n<p style=\"text-align: center;\"><span _msthash=\"3532985\" _msttexthash=\"7541859\">Me siento muy agradecida de haberla encontrado en mi camino de crecimiento interior y de reencuentro conmigo misma!!!<\/span><\/p>\n<p style=\"text-align: center;\">\n<p style=\"text-align: center;\" _msthash=\"3023761\" _msttexthash=\"327912\">&nbsp;Daniela &#8211; Argentina<\/p>\n<h1 style=\"\"><span style=\"font-weight: 400; font-family: Palanquin;\"><span _msthash=\"4129541\" _msttexthash=\"748020\">\u201c<\/span><\/span><\/h1>\n<p style=\"text-align: center;\"><span _msthash=\"4671784\" _msttexthash=\"5247567\">Hola Carmen Campos es una gran terapeuta, comprometida con sus pacientes <img decoding=\"async\" height=\"16\" width=\"16\" alt=\"\ud83d\ude09\" src=\"https:\/\/static.xx.fbcdn.net\/images\/emoji.php\/v9\/tb0\/1.5\/16\/1f609.png\" loading=\"lazy\">&nbsp;muchas gracias Carmen.<\/span><\/p>\n<p style=\"text-align: center;\">\n<p style=\"text-align: center;\"><span _msthash=\"4671785\" _msttexthash=\"3824301\">https:\/\/www.facebook.com\/permalink.php?story_fbid=1424331334432101&amp;id=100005657432604<\/span><\/p>\n<h1 style=\"text-align: center;\"><span style=\"font-family: &quot;Playfair Display&quot;; font-weight: 400;\" _msthash=\"4129542\" _msttexthash=\"268684\"><span style=\"color: rgb(68, 66, 68);\"><em>Avelina&nbsp;<\/em><\/span><span><span style=\"color: rgb(61, 66, 100);\">&#8211; M\u00e9xico<\/span><\/span><\/span><\/h1>\n<h1 style=\"\"><span style=\"font-weight: 400; font-family: Palanquin;\"><span _msthash=\"7488416\" _msttexthash=\"748020\">\u201c<\/span><\/span><\/h1>\n<p style=\"text-align: center;\"><span _msthash=\"4671786\" _msttexthash=\"25386478\"><span>Quiero compartirles mi experiencia con las terapias de Carmen, realmente he sentido un cambio en mi para bien, ahora me enfoco en mi, en lo que me gusta y lo que deseo lograr, he dejado el pasado atr\u00e1s y se a donde quiero llegar<\/span>.<\/span><\/p>\n<h1 style=\"text-align: center;\"><span style=\"font-family: &quot;Playfair Display&quot;; font-weight: 400;\" _msthash=\"4129543\" _msttexthash=\"232752\"><span style=\"color: rgb(68, 66, 68);\"><em>Bel\u00e9n<\/em><\/span><span><span style=\"color: rgb(68, 66, 68);\">&nbsp;<\/span><span style=\"color: rgb(61, 66, 100);\">-Espa\u00f1a<\/span><\/span><\/span><\/h1>\n<p><a href=\"https:\/\/wa.me\/525532336912?text=\" target=\"_blank\" rel=\"noopener\">                    <\/a><\/p>\n<p style=\"text-align: center;\"><a href=\"https:\/\/wa.me\/525532336912?text=\" target=\"_blank\" style=\"outline: none;\" rel=\"noopener\">525532336912<\/a><\/p>\n<p><a href=\"mailto:carmencampos@menteatufavor.com\" target=\"_blank\" rel=\"noopener\">                    <\/a><\/p>\n<p style=\"text-align: center;\"><a href=\"mailto:carmencampos@menteatufavor.com\" target=\"_blank\" style=\"outline: none;\" rel=\"noopener\">carmencampos@menteatufavor.com<\/a><\/p>\n<p><a href=\"https:\/\/www.facebook.com\/menteatufavor\/\" target=\"_blank\" rel=\"noopener\">                    <\/a><\/p>\n<p style=\"text-align: center;\"><a href=\"https:\/\/www.facebook.com\/menteatufavor\/\" target=\"_blank\" style=\"outline: none;\" rel=\"noopener\">@menteatufavor<\/a><\/p>\n<p><span><a href=\"https:\/\/www.instagram.com\/menteatufavor\" target=\"_blank\" rel=\"noopener\"><img decoding=\"async\" alt=\"\" data-id=\"5708\" width=\"48\" data-init-width=\"512\" height=\"48\" data-init-height=\"512\" title=\"icono de instagram\" src=\"https:\/\/reprogramacionintegral.com\/wp-content\/uploads\/2021\/06\/instagram-icono.png\" data-width=\"48\" data-height=\"48\" style=\"\" data-link-wrap=\"true\" loading=\"lazy\"><\/a><\/span><\/p>\n<p _msthash=\"972816\" _msttexthash=\"407329\" _msthidden=\"1\" style=\"\"><a href=\"https:\/\/www.instagram.com\/menteatufavor\" target=\"_blank\" style=\"outline: none;\" rel=\"noopener\">Instagram.com\/menteatufavor.com<\/a><\/p>\n<p><span style=\"\"><img decoding=\"async\" alt=\"\" data-id=\"5709\" width=\"136\" data-init-width=\"1920\" height=\"77\" data-init-height=\"1080\" title=\"youtube 3\" src=\"https:\/\/reprogramacionintegral.com\/wp-content\/uploads\/2021\/06\/youtube-3.png\" data-width=\"136\" data-height=\"77\" style=\"\" mt-d=\"-24\" center-v-d=\"false\" loading=\"lazy\"><\/span><\/p>\n<p><a href=\"http:\/\/youtube.com\/@menteatufavor\" target=\"_blank\" rel=\"noopener\"><span style=\"font-size: 12px; color: rgb(226, 23, 23);\">youtube.com\/@menteatufavor<\/span><\/a><strong><\/strong><\/p>\n<p _msthash=\"972816\" _msttexthash=\"407329\" _msthidden=\"1\" style=\"text-align: center;\"><strong><span style=\"font-size: 22px;\">&gt;&gt;<\/span><\/strong><a href=\"https:\/\/reprogramacionintegral.com\/\" target=\"_blank\" _msthash=\"573404\" _msttexthash=\"361738\" style=\"outline: none;\" rel=\"noopener\">Ir a p\u00e1gina de inicio<\/a><strong>&lt;&lt;<\/strong><\/p>\n<h4 style=\"text-align: center;\" _msthash=\"1099969\" _msttexthash=\"40174524\">\u00a9 2025 Reprogramaci\u00f3n Integral \u2013 Todos los derechos reservados<a href=\"https:\/\/reprogramacionintegral.com\/index.php\/aviso-legal\/\" target=\"_blank\" style=\"outline: none;\" rel=\"noopener\"><span style=\"color: rgb(255, 255, 255);\">Aviso Legal <\/span><\/a><span style=\"color: rgb(255, 255, 255);\">\u2013 <a href=\"https:\/\/reprogramacionintegral.com\/index.php\/politica-de-privacidad-y-cookies\/\" target=\"_blank\" style=\"outline: none;\" rel=\"noopener\">Pol\u00edtica de privacidad <\/a>\u2013 <a href=\"https:\/\/reprogramacionintegral.com\/index.php\/politica-de-privacidad-y-cookies\/\" style=\"outline: none;\">Cookies<\/a>&nbsp;\u2013&nbsp;<a href=\"https:\/\/reprogramacionintegral.com\/index.php\/politica-de-contratacion\/\" style=\"outline: none;\">Contrataci\u00f3n<\/a><\/span><\/h4>\n","protected":false},"excerpt":{"rendered":"<p>MENTE A TU FAVOR&nbsp; Eleva la Vibraci\u00f3n de tus Pensamientos y Emociones Manifiesta lo que deseas en cada \u00e1rea de tu vida&nbsp; RUPTURA SENTIMENTAL Atravesar por una ruptura sentimental es un proceso doloroso &gt;&gt;Sientes como si tu vida estuviera en pausa &gt;&gt;SUFRES al pensar que nunca va a llegar alguien igual a tu vida &gt;&gt; [&hellip;]<\/p>\n","protected":false},"author":1,"featured_media":0,"parent":0,"menu_order":0,"comment_status":"closed","ping_status":"closed","template":"","meta":[],"aioseo_notices":[],"_links":{"self":[{"href":"https:\/\/reprogramacionintegral.com\/index.php\/wp-json\/wp\/v2\/pages\/1524"}],"collection":[{"href":"https:\/\/reprogramacionintegral.com\/index.php\/wp-json\/wp\/v2\/pages"}],"about":[{"href":"https:\/\/reprogramacionintegral.com\/index.php\/wp-json\/wp\/v2\/types\/page"}],"author":[{"embeddable":true,"href":"https:\/\/reprogramacionintegral.com\/index.php\/wp-json\/wp\/v2\/users\/1"}],"replies":[{"embeddable":true,"href":"https:\/\/reprogramacionintegral.com\/index.php\/wp-json\/wp\/v2\/comments?post=1524"}],"version-history":[{"count":276,"href":"https:\/\/reprogramacionintegral.com\/index.php\/wp-json\/wp\/v2\/pages\/1524\/revisions"}],"predecessor-version":[{"id":8373,"href":"https:\/\/reprogramacionintegral.com\/index.php\/wp-json\/wp\/v2\/pages\/1524\/revisions\/8373"}],"wp:attachment":[{"href":"https:\/\/reprogramacionintegral.com\/index.php\/wp-json\/wp\/v2\/media?parent=1524"}],"curies":[{"name":"wp","href":"https:\/\/api.w.org\/{rel}","templated":true}]}}