{"id":1059,"date":"2020-06-13T16:51:56","date_gmt":"2020-06-13T21:51:56","guid":{"rendered":"https:\/\/reprogramacionintegral.com\/?page_id=1059"},"modified":"2025-10-29T15:52:15","modified_gmt":"2025-10-29T21:52:15","slug":"utiliza-tu-mente-a-tu-favor-y-crea-en-coherencia-2","status":"publish","type":"page","link":"https:\/\/reprogramacionintegral.com\/","title":{"rendered":"Inicio"},"content":{"rendered":"<a class=\"tcb-logo thrv_wrapper\" target=\"_blank\" href=\"https:\/\/reprogramacionintegral.com\" data-css=\"tve-u-1792ed2bc80\" data-img-style=\"width: 100%;\" class=\"\"><img src=\"https:\/\/reprogramacionintegral.com\/wp-content\/uploads\/2021\/05\/logo-extra-grande-2.png\" height=\"1080\" width=\"1920\" alt=\"\" style=\"width: 100%;\"><\/img><\/a>\n<p _msthash=\"972816\" _msthidden=\"1\" _msttexthash=\"407329\" style=\"text-align: center;\"><em>MENTE A TU FAVOR<\/em><\/p>\n<h2 _msthash=\"972816\" _msthidden=\"1\" _msttexthash=\"407329\" style=\"text-align: center;\"><strong><em><span>Eleva la Vibraci\u00f3n de tus Pensamientos y Emociones<\/span><\/em><\/strong><\/h2>\n<h2 _msthash=\"972816\" _msthidden=\"1\" _msttexthash=\"407329\" style=\"text-align: center;\"><strong><em><span>Manifiesta lo que deseas en cada \u00e1rea de tu vida<\/span><\/em><\/strong><\/h2>\n<p _msthash=\"972816\" _msthidden=\"1\" _msttexthash=\"407329\" style=\"text-align: center;\"><em>&nbsp;<\/em><\/p>\n<p style=\"text-align: center;\">\n<p style=\"text-align: center;\">\n<p style=\"text-align: center;\"><strong><span>\u00bfTe auto-saboteas y no logras manifestar lo que te propones ?<\/span><\/strong><\/p>\n<p style=\"text-align: center;\"><span><strong>\u00bfReaccionas &nbsp;de tal forma que te da\u00f1as o da\u00f1as tus relaciones?<\/strong><\/span><\/p>\n<p _msthash=\"2123045\" _msttexthash=\"688441\" style=\"text-align: center;\"><span><strong>\u00bfTus creencias limitantes te impiden lograr lo que deseas?<\/strong><\/span><\/p>\n<p _msthash=\"2123045\" _msttexthash=\"688441\" style=\"text-align: center;\"><span><strong>\u00bfTu mente se va a lo peor que puede suceder y eso te impide avanzar?<\/strong><\/span><\/p>\n<p _msthash=\"2123046\" _msttexthash=\"1153126\" style=\"text-align: center;\"><span><strong>\u00bfPermites que<\/strong><strong>&nbsp;tus emociones dirijan tu vid<\/strong><\/span><strong><span>a?<\/span><\/strong><\/p>\n<p _msthash=\"2123047\" _msttexthash=\"2280278\" style=\"text-align: center;\">\n<p _msthash=\"2123048\" _msttexthash=\"3625583\" style=\"text-align: center;\">\n<p _msthash=\"804403\" _msttexthash=\"1246544\" style=\"text-align: center;\"><strong>Todo es energ\u00eda<\/strong><\/p>\n<p _msthash=\"804403\" _msttexthash=\"1246544\" style=\"text-align: center;\"><strong>lo que pensamos, sentimos y creemos<\/strong><\/p>\n<p _msthash=\"804403\" _msttexthash=\"1246544\" style=\"text-align: center;\"><strong>tiene una frecuencia de vibraci\u00f3n que determina nuestra vida<\/strong><\/p>\n<p _msthash=\"804403\" _msttexthash=\"1246544\" style=\"text-align: center;\"><strong>UTILIZA TU MENTE A TU FAVOR<\/strong><strong>y <\/strong><strong>RECONECTATE CON TU PODER&nbsp;<\/strong><\/p>\n<p _msthash=\"804403\" _msttexthash=\"1246544\" style=\"text-align: center;\"><strong>Elige tus Pensamientos y tus Emociones con consciencia<\/strong><\/p>\n<p><span><img decoding=\"async\" alt=\"\" data-id=\"4812\" width=\"1400\" data-init-width=\"800\" height=\"567\" data-init-height=\"324\" title=\"Canva-null-1\" src=\"https:\/\/reprogramacionintegral.com\/wp-content\/uploads\/2021\/05\/Canva-null-1.jpg\" data-width=\"1400\" data-height=\"567\" loading=\"lazy\"><\/span><\/p>\n<p _msthash=\"1382753\" _msttexthash=\"61014135\" style=\"text-align: center;\"><span>Utilizando el m\u00e9todo&nbsp;<\/span><\/p>\n<p _msthash=\"1382753\" _msttexthash=\"61014135\" style=\"text-align: center;\"><span><span><span>Reprogramaci\u00f3n<strong _istranslated=\"1\"> <\/strong> Integral, podr\u00e1<\/span>s <\/span><\/span><\/p>\n<p _msthash=\"1382753\" _msttexthash=\"61014135\" style=\"text-align: center;\"><span><strong><span>ir a la ra\u00edz de tu problema<\/span><\/strong> <\/span><\/p>\n<p _msthash=\"1382753\" _msttexthash=\"61014135\" style=\"text-align: center;\"><span>&nbsp;<span>Identificar y transformar pensamientos, creencias y sentimientos limitantes que te impiden <strong>lograr lo que deseas en cada \u00e1rea de tu vida<\/strong><\/span><\/span><\/p>\n<p _msthash=\"1382753\" _msttexthash=\"61014135\" style=\"text-align: center;\"><span><span>Dejar de auto-sabotearte y empezar a<\/span><\/span><\/p>\n<p _msthash=\"1382753\" _msttexthash=\"61014135\" style=\"text-align: center;\"><span><span>&nbsp;<strong>p<\/strong><\/span><\/span><span><span><strong>ensar, sentir y actuar en coherencia<\/strong>&nbsp;<\/span><\/span><\/p>\n<p _msthash=\"1382753\" _msttexthash=\"61014135\" style=\"text-align: center;\"><span><span><span> Aprender\u00e1s a&nbsp;<\/span><strong><span>relacionarte de manera<\/span> <span>armoniosa contigo y con los dem\u00e1s<\/span><\/strong><\/span><strong><span _istranslated=\"1\">&nbsp;<\/span> <\/strong><\/span><\/p>\n<p style=\"text-align: center; font-size: 20px !important;\"><span><span>&nbsp;<\/span><\/span><\/p>\n<p style=\"text-align: center;\"><span><span style=\"color: rgba(254, 250, 253, 0.88);\"><\/span><\/span><span><span><strong><span><span style=\"color: rgb(249, 249, 251);\">Ponte en resonancia con tus Talentos y Cualidades Positivas&nbsp;<\/span><\/span><\/strong><\/span><\/span><\/p>\n<p style=\"text-align: center;\"><span><span><strong><span><span style=\"color: rgb(249, 249, 251);\">Re-con\u00e9ctate con la mejor versi\u00f3n de ti<\/span><\/span><\/strong><\/span><\/span><\/p>\n<p style=\"text-align: center;\"><span><span><strong><span><span style=\"color: rgb(249, 249, 251);\">&nbsp;Manifiesta lo que deseas<\/span><\/span><\/strong><\/span><\/span><\/p>\n<p style=\"text-align: center;\"><span><span><strong><span><span style=\"color: rgb(249, 249, 251);\">y<\/span><\/span><\/strong><\/span><\/span><\/p>\n<p style=\"text-align: center;\"><span><span><strong><span><span style=\"color: rgb(249, 249, 251);\">Siente la satisfacci\u00f3n y Plenitud en tu vida&nbsp;<\/span><span style=\"color: rgba(254, 250, 253, 0.88);\"><\/span> <\/span><\/strong><\/span><\/span><\/p>\n<p style=\"text-align: center;\">\n<p _msthash=\"972816\" _msttexthash=\"407329\" _msthidden=\"1\">\n<h1 style=\"text-align: center;\"><\/h1>\n<h1 style=\"text-align: center;\"><strong><span _msthash=\"825448\" _msttexthash=\"231179\">TERAPIAS ONLINE<\/span><\/strong><\/h1>\n<p><span><img decoding=\"async\" alt=\"\" data-id=\"2937\" width=\"709\" data-init-width=\"1600\" height=\"473\" data-init-height=\"1067\" title=\"depresi\u00f3n\" src=\"https:\/\/reprogramacionintegral.com\/wp-content\/uploads\/2020\/10\/depresion.jpg\" data-width=\"709\" data-height=\"473\" style=\"\" loading=\"lazy\"><\/span><\/p>\n<p _msthash=\"972816\" _msthidden=\"1\" _msttexthash=\"407329\" style=\"text-align: center;\"><span>&nbsp;<strong><span>Supera tu ruptura sentimental<\/span><\/strong><span>&nbsp;en tiempo record&nbsp;<\/span><\/span><\/p>\n<p _msthash=\"972816\" _msthidden=\"1\" _msttexthash=\"407329\" style=\"text-align: center;\"><span>&nbsp;Recupera la <strong>confianza<\/strong> <strong>y seguridad en ti, sal fortalecid<span style=\"font-size: 17px;\">@<\/span> del proceso&nbsp;<\/strong>y avanza en tu vida<\/span><\/p>\n<p><span style=\"\"><img decoding=\"async\" alt=\"\" data-id=\"3138\" width=\"702\" data-init-width=\"2560\" height=\"468\" data-init-height=\"1706\" title=\"1-1-scaled\" src=\"https:\/\/reprogramacionintegral.com\/wp-content\/uploads\/2020\/10\/1-1-scaled-2.jpg\" data-width=\"702\" data-height=\"468\" style=\"margin-left: 0px;\" mt-d=\"-4.9839999999999804\" mt-m=\"-5.75\" loading=\"lazy\"><\/span><\/p>\n<p _msthash=\"972816\" _msthidden=\"1\" _msttexthash=\"407329\" style=\"text-align: center;\"><span>Alcanza tus metas profesionales<\/span><\/p>\n<p _msthash=\"972816\" _msthidden=\"1\" _msttexthash=\"407329\" style=\"text-align: center;\"><span><strong>Siente la plenitud y &nbsp;satisfacci\u00f3n <\/strong>de haberlo logrado<strong>&nbsp;<\/strong><\/span><\/p>\n<p><span><img decoding=\"async\" alt=\"\" data-id=\"4628\" width=\"686\" data-init-width=\"1280\" height=\"457\" data-init-height=\"853\" title=\"wall-2794567_1280 (1)\" src=\"https:\/\/reprogramacionintegral.com\/wp-content\/uploads\/2021\/05\/wall-2794567_1280-1.jpg\" data-width=\"686\" data-height=\"457\" loading=\"lazy\"><\/span><\/p>\n<p _msthash=\"972816\" _msthidden=\"1\" _msttexthash=\"407329\" style=\"text-align: center;\"><strong>Sana tu Relaci\u00f3n de Pareja<\/strong>&nbsp;<\/p>\n<p _msthash=\"972816\" _msthidden=\"1\" _msttexthash=\"407329\" style=\"text-align: center;\"><strong> Crea &nbsp;una relaci\u00f3n sana y estable<\/strong> desde tu mejor versi\u00f3n<\/p>\n<p><span><img decoding=\"async\" alt=\"\" data-id=\"2453\" width=\"686\" data-init-width=\"1920\" height=\"457\" data-init-height=\"1280\" title=\"girl-3421489_1920\" src=\"https:\/\/reprogramacionintegral.com\/wp-content\/uploads\/2020\/09\/girl-3421489_1920.jpg\" data-width=\"686\" data-height=\"457\" loading=\"lazy\"><\/span><\/p>\n<p style=\"text-align: center;\"><span>&nbsp;Conecta con&nbsp;<b>el amor, la aceptaci\u00f3n y la confianza en ti que mereces<\/b><\/span><\/p>\n<p style=\"text-align: center;\"><span><b>Avanza en cada \u00e1rea de tu vida<\/b><\/span><\/p>\n<p style=\"text-align: center;\"><strong _msthash=\"1074632\" _msttexthash=\"1812161\">Costo de sesi\u00f3n online :<\/strong><\/p>\n<p style=\"text-align: center;\"><strong _msthash=\"1074632\" _msttexthash=\"1812161\">&nbsp;$1,000.00 (pesos mexicanos)<\/strong><\/p>\n<p style=\"text-align: center; font-size: 20px !important;\"><strong><span _msthash=\"1074634\" _msttexthash=\"609505\">&gt;&gt; 1:15 hrs. de sesi\u00f3n online<\/span><\/strong><\/p>\n<p style=\"text-align: center; font-size: 20px !important;\"><span><strong _msthash=\"1074635\" _msttexthash=\"1476332\">&gt;&gt;<\/strong><strong> Meditaciones guiadas<\/strong><strong _msthash=\"1074635\" _msttexthash=\"1476332\"> para facilitar el proceso<\/strong><\/span><\/p>\n<p style=\"text-align: center;\"><strong _msthash=\"1074636\" _msttexthash=\"2523118\"><b style=\"color: rgba(220, 14, 164, 0.88); font-size: 20px !important;\">&gt;&gt; <\/b><\/strong><b style=\"color: rgba(220, 14, 164, 0.88); font-size: 20px !important;\">Contacto<span style=\"color: rgba(220, 14, 164, 0.88);\">&nbsp;<\/span><\/b><span style=\"color: rgba(220, 14, 164, 0.88);\"><span><b><span>v\u00eda<\/span><\/b><\/span><strong><span><b style=\"color: rgba(220, 14, 164, 0.88); font-size: 20px !important;\">&nbsp;<\/b><span>WhatsApp<\/span><\/span><\/strong><\/span><b style=\"color: rgba(220, 14, 164, 0.88); font-size: 20px !important;\"><strong><span style=\"color: rgba(220, 14, 164, 0.88);\"><\/span><\/strong>&nbsp;<\/b><strong _msthash=\"1074636\" _msttexthash=\"2523118\"><b style=\"color: rgba(220, 14, 164, 0.88); font-size: 20px !important;\">en el periodo entre sesiones<\/b><\/strong><\/p>\n<p style=\"text-align: center; font-size: 20px !important;\"><span><strong _msthash=\"1074637\" _msttexthash=\"342719\">&gt;&gt; Material de apoyo&nbsp;<\/strong><\/span><\/p>\n<p style=\"text-align: center; font-size: 20px !important;\"><strong><span _msthash=\"1074638\" _msttexthash=\"2113475\">&gt;&gt; Programaci\u00f3n de tareas para realizar entre sesi\u00f3n y sesi\u00f3n para apoyar tu proceso<\/span><\/strong><\/p>\n<h1 style=\"text-align: center;\"><\/h1>\n<h1 style=\"text-align: center;\"><strong><span _msthash=\"825448\" _msttexthash=\"231179\" style=\"\">CURSOS ONLINE<\/span><\/strong><\/h1>\n<p><span><img decoding=\"async\" alt=\"\" data-id=\"4606\" width=\"646\" data-init-width=\"1280\" height=\"363\" data-init-height=\"720\" title=\"Foto-conexi\u00f3n-glandula-pineal\" src=\"https:\/\/reprogramacionintegral.com\/wp-content\/uploads\/2021\/05\/Foto-conexion-glandula-pineal.jpg\" data-width=\"646\" data-height=\"363\" ml-m=\"0\" style=\"\" mt-d=\"0\" loading=\"lazy\"><\/span><\/p>\n<p _msthash=\"972816\" _msthidden=\"1\" _msttexthash=\"407329\" style=\"text-align: center;\"><strong>CURSO ONLINE<\/strong><\/p>\n<p _msthash=\"972816\" _msthidden=\"1\" _msttexthash=\"407329\" style=\"text-align: center;\"><strong>&#8220;Programaci\u00f3n Mental Positiva&#8221;<\/strong><\/p>\n<p _msthash=\"972816\" _msthidden=\"1\" _msttexthash=\"407329\" style=\"text-align: center;\">Convi\u00e9rtete en &nbsp;Co-creador de tu vida<\/p>\n<h1 style=\"text-align: center;\"><\/h1>\n<h1 style=\"text-align: center;\"><strong><span _msthash=\"825448\" _msttexthash=\"231179\">INFOPRODUCTOS<\/span><\/strong><\/h1>\n<p><span><img decoding=\"async\" alt=\"\" data-id=\"7246\" width=\"512\" data-init-width=\"512\" height=\"800\" data-init-height=\"800\" title=\"E-book Portada.\" src=\"https:\/\/reprogramacionintegral.com\/wp-content\/uploads\/2021\/09\/E-book-Portada..png\" data-width=\"512\" data-height=\"800\" loading=\"lazy\"><\/span><\/p>\n<p _msthash=\"1056640\" _msthidden=\"1\" _msttexthash=\"407329\" style=\"text-align: center;\"><strong>E-BOOK ANTIDEPRESIVOS NATURALES<\/strong><\/p>\n<p _msthash=\"1056640\" _msthidden=\"1\" _msttexthash=\"407329\" style=\"text-align: center;\">Los antidepresivos naturales son una serie de acciones a realizar diariamente que te ayudaran &nbsp;a elevar tu vibraci\u00f3n, re-conectar con tu bienestar y &nbsp;a poder afrontar de una mejor manera las situaciones que se presentan en tu vida diaria.<\/p>\n<p><span><img decoding=\"async\" alt=\"\" data-id=\"7245\" width=\"449\" data-init-width=\"640\" height=\"797\" data-init-height=\"1136\" title=\"New Home Decor Design - strickendesign_com\" src=\"https:\/\/reprogramacionintegral.com\/wp-content\/uploads\/2021\/09\/New-Home-Decor-Design-strickendesign_com.jpg\" data-width=\"449\" data-height=\"797\" style=\"\" loading=\"lazy\"><\/span><\/p>\n<p _msthash=\"1056640\" _msthidden=\"1\" _msttexthash=\"407329\" style=\"text-align: center;\"><strong>SERIE DE AUDIOS<\/strong><\/p>\n<p _msthash=\"1056640\" _msthidden=\"1\" _msttexthash=\"407329\" style=\"text-align: center;\">&#8220;PROGRAMA UNA MENTE POSITIVA&#8221;<\/p>\n<p _msthash=\"1056640\" _msthidden=\"1\" _msttexthash=\"407329\" style=\"text-align: center;\"><strong>\u00bfEn que \u00e1reas de tu vida deseas manifestar la mejor versi\u00f3n de ti?<\/strong><\/p>\n<h2 style=\"\"><span><strong><span><span _msthash=\"825423\" _msttexthash=\"952042\"><span>Conoce algunos<\/span> <span>testimonios&nbsp;<\/span><\/span><\/span><\/strong><\/span><\/h2>\n<p><span style=\"color: rgb(200, 200, 200);\"><span style=\"font-size: 66px;\">\u201c<\/span><\/span><\/p>\n<p>Hola, mi nombre es Daniela, quiero contarles que me encant\u00f3 la sesi\u00f3n que tuve con Carmen!!!<\/p>\n<p>Ella fue muy amorosa, amable y paciente, logr\u00f3 acompa\u00f1arme y guiarme durante toda la sesi\u00f3n y logramos ir muy profundo, a &nbsp;la ra\u00edz de lo que necesitaba sanar, me sent\u00ed muy comprendida y contenida todo el tiempo y pude sentir los resultados literalmente a la ma\u00f1ana siguiente!!!<\/p>\n<p>Me siento muy agradecida de haberla encontrado en mi camino de crecimiento interior y de reencuentro conmigo misma!!!<\/p>\n<p>Daniela- Argentina<\/p>\n<p><span style=\"color: rgb(200, 200, 200);\"><span style=\"font-size: 66px;\">\u201c<\/span><\/span><\/p>\n<p><span style=\"\"><img decoding=\"async\" alt=\"\" data-id=\"5918\" width=\"497\" data-init-width=\"1920\" height=\"280\" data-init-height=\"1080\" title=\"face\" src=\"https:\/\/reprogramacionintegral.com\/wp-content\/uploads\/2021\/06\/face.png\" data-width=\"497\" data-height=\"280\" style=\"\" mt-m=\"-1.8499999999999943\" center-v-m=\"false\" loading=\"lazy\"><\/span><\/p>\n<p><span style=\"color: rgb(200, 200, 200);\"><span style=\"font-size: 66px;\">\u201c<\/span><\/span><\/p>\n<p>Quiero compartirles mi experiencia con las terapias de Carmen, realmente he sentido un cambio en mi para bien, ahora me enfoco en mi, en lo que me gusta y en lo que deseo lograr, he dejado el pasado atr\u00e1s y se a d\u00f3nde quiero llegar.<\/p>\n<p>Bel\u00e9n &#8211; Espa\u00f1a<\/p>\n<p><span style=\"color: rgb(200, 200, 200);\"><span style=\"font-size: 66px;\">\u201c<\/span><\/span><\/p>\n<p><em><\/em><\/p>\n<p><span><img decoding=\"async\" alt=\"\" data-id=\"5895\" width=\"185\" data-init-width=\"738\" height=\"401\" data-init-height=\"1600\" title=\"FOTO-2021-06-21-18-11-49\" src=\"https:\/\/reprogramacionintegral.com\/wp-content\/uploads\/2021\/06\/PHOTO-2021-06-21-18-11-49.jpg\" data-width=\"185\" data-height=\"401\" style=\"\" mt-d=\"-1\" loading=\"lazy\"><\/span><\/p>\n<h5 _msthash=\"972816\" _msthidden=\"1\" _msttexthash=\"407329\" style=\"text-align: center;\"><a href=\"https:\/\/1drv.ms\/i\/s!Ahz7wEN0pYpnhkZ9nOG_-AbPDk2K?e=nS36RW\" target=\"_blank\" style=\"outline: none;\" rel=\"noopener\"><strong>Descarga la &nbsp;Gu\u00eda gratuita<\/strong><\/a><\/h5>\n<h5 _msthash=\"972816\" _msthidden=\"1\" _msttexthash=\"407329\" style=\"text-align: center;\"><a href=\"https:\/\/1drv.ms\/i\/s!Ahz7wEN0pYpnhkZ9nOG_-AbPDk2K?e=nS36RW\" target=\"_blank\" rel=\"noopener\"><strong>&#8220;Manifiesta tu Intenci\u00f3n&#8221;<\/strong><\/a><\/h5>\n<h5 _msthash=\"972816\" _msthidden=\"1\" _msttexthash=\"407329\" style=\"text-align: center;\"><a href=\"https:\/\/1drv.ms\/i\/s!Ahz7wEN0pYpnhkZ9nOG_-AbPDk2K?e=nS36RW\" target=\"_blank\" rel=\"noopener\">Haz click aqu\u00ed<\/a>&nbsp;<\/h5>\n<p>H<\/p>\n<p style=\"text-align: center;\">\n<p><a href=\"https:\/\/wa.me\/525532336912?text=\" target=\"_blank\" rel=\"noopener\">                    <\/a><\/p>\n<p style=\"text-align: center;\"><a href=\"https:\/\/wa.me\/525532336912?text=\" target=\"_blank\" style=\"outline: none;\" rel=\"noopener\">525532336912<\/a><\/p>\n<p><span><a href=\"http:\/\/ https:\/\/www.reprogramacionintegral.com\/\"><img decoding=\"async\" alt=\"\" data-id=\"6019\" width=\"115\" data-init-width=\"1920\" height=\"65\" data-init-height=\"1080\" title=\"logo-extra-grande-5\" src=\"https:\/\/reprogramacionintegral.com\/wp-content\/uploads\/2021\/07\/logo-extra-grande-5-2.png\" data-width=\"115\" data-height=\"65\" style=\"\" data-link-wrap=\"true\" loading=\"lazy\"><\/a><\/span><\/p>\n<p _msthash=\"1056640\" _msthidden=\"1\" _msttexthash=\"407329\" style=\"text-align: center;\"><a href=\"https:\/\/reprogramacionintegral.com\" style=\"outline: none;\" target=\"_blank\" rel=\"noopener\">https:\/\/reprogramacionintegral.com<\/a><\/p>\n<p _msthash=\"1056640\" _msthidden=\"1\" _msttexthash=\"407329\" style=\"text-align: center;\"><a href=\"http:\/\/menteatufavor.com\" style=\"outline: none;\" target=\"_blank\" rel=\"noopener\">menteatufavor.com<\/a><\/p>\n<p><a href=\"mailto:carmencampos@menteatufavor.com\" target=\"_blank\" rel=\"noopener\">                    <\/a><\/p>\n<p style=\"text-align: center;\"><a href=\"mailto:carmencampos@menteatufavor.com\" target=\"_blank\" style=\"outline: none;\" rel=\"noopener\">carmencampos@menteatufavor.com<\/a><\/p>\n<p><a href=\"https:\/\/www.facebook.com\/menteatufavor\/\" target=\"_blank\" rel=\"noopener\">                    <\/a><\/p>\n<p style=\"text-align: center;\"><a href=\"https:\/\/www.facebook.com\/menteatufavor\/\" target=\"_blank\" style=\"outline: none;\" rel=\"noopener\">facebook.com\/@menteatufavor<\/a><\/p>\n<p><span style=\"\"><img decoding=\"async\" alt=\"\" data-id=\"5709\" width=\"136\" data-init-width=\"1920\" height=\"77\" data-init-height=\"1080\" title=\"youtube 3\" src=\"https:\/\/reprogramacionintegral.com\/wp-content\/uploads\/2021\/06\/youtube-3.png\" data-width=\"136\" data-height=\"77\" style=\"\" mt-d=\"-24\" center-v-d=\"false\" mt-m=\"-8.987499999999997\" loading=\"lazy\"><\/span><\/p>\n<p _msthash=\"972816\" _msthidden=\"1\" _msttexthash=\"407329\"><a href=\"http:\/\/youtube.com\/@menteatufavor\" style=\"outline: none;\" target=\"_blank\" rel=\"noopener\">youtube.com\/@menteatufavor<\/a><\/p>\n<p><span><a href=\"https:\/\/www.instagram.com\/menteatufavor\" target=\"_blank\" rel=\"noopener\"><img decoding=\"async\" alt=\"\" data-id=\"5708\" width=\"48\" data-init-width=\"512\" height=\"48\" data-init-height=\"512\" title=\"icono de instagram\" src=\"https:\/\/reprogramacionintegral.com\/wp-content\/uploads\/2021\/06\/instagram-icono.png\" data-width=\"48\" data-height=\"48\" style=\"\" data-link-wrap=\"true\" loading=\"lazy\"><\/a><\/span><\/p>\n<p _msthash=\"972816\" _msttexthash=\"407329\" _msthidden=\"1\" style=\"\"><a href=\"https:\/\/www.instagram.com\/menteatufavor\/\" target=\"_blank\" style=\"outline: none;\" rel=\"noopener\">instagram.com\/@menteatufavor<\/a><\/p>\n<h4 style=\"text-align: center;\" _msthash=\"826098\" _msttexthash=\"40174381\">\u00a9 2025&nbsp; Reprogramaci\u00f3n Integral \u2013 Todos los derechos reservados<span style=\"color: rgb(255, 255, 255);\"><a href=\"https:\/\/reprogramacionintegral.com\/index.php\/aviso-legal\/\" style=\"outline: none;\">Aviso Legal<\/a> \u2013 <a href=\"https:\/\/reprogramacionintegral.com\/index.php\/politica-de-privacidad-y-cookies\/\" target=\"_blank\" style=\"outline: none;\" rel=\"noopener\">Pol\u00edtica de privacidad <\/a>\u2013 <a href=\"https:\/\/reprogramacionintegral.com\/index.php\/politica-de-privacidad-y-cookies\/\" style=\"outline: none;\">Cookies<\/a>&nbsp;\u2013&nbsp;<a href=\"https:\/\/reprogramacionintegral.com\/index.php\/politica-de-contratacion\/\" style=\"outline: none;\">Contrataci\u00f3n<\/a><\/span><\/h4>\n","protected":false},"excerpt":{"rendered":"<p>MENTE A TU FAVOR Eleva la Vibraci\u00f3n de tus Pensamientos y Emociones Manifiesta lo que deseas en cada \u00e1rea de tu vida &nbsp; \u00bfTe auto-saboteas y no logras manifestar lo que te propones ? \u00bfReaccionas &nbsp;de tal forma que te da\u00f1as o da\u00f1as tus relaciones? \u00bfTus creencias limitantes te impiden lograr lo que deseas? \u00bfTu [&hellip;]<\/p>\n","protected":false},"author":1,"featured_media":0,"parent":0,"menu_order":0,"comment_status":"closed","ping_status":"closed","template":"","meta":[],"aioseo_notices":[],"_links":{"self":[{"href":"https:\/\/reprogramacionintegral.com\/index.php\/wp-json\/wp\/v2\/pages\/1059"}],"collection":[{"href":"https:\/\/reprogramacionintegral.com\/index.php\/wp-json\/wp\/v2\/pages"}],"about":[{"href":"https:\/\/reprogramacionintegral.com\/index.php\/wp-json\/wp\/v2\/types\/page"}],"author":[{"embeddable":true,"href":"https:\/\/reprogramacionintegral.com\/index.php\/wp-json\/wp\/v2\/users\/1"}],"replies":[{"embeddable":true,"href":"https:\/\/reprogramacionintegral.com\/index.php\/wp-json\/wp\/v2\/comments?post=1059"}],"version-history":[{"count":520,"href":"https:\/\/reprogramacionintegral.com\/index.php\/wp-json\/wp\/v2\/pages\/1059\/revisions"}],"predecessor-version":[{"id":8372,"href":"https:\/\/reprogramacionintegral.com\/index.php\/wp-json\/wp\/v2\/pages\/1059\/revisions\/8372"}],"wp:attachment":[{"href":"https:\/\/reprogramacionintegral.com\/index.php\/wp-json\/wp\/v2\/media?parent=1059"}],"curies":[{"name":"wp","href":"https:\/\/api.w.org\/{rel}","templated":true}]}}